{"id":254,"date":"2022-11-10T09:04:20","date_gmt":"2022-11-10T08:04:20","guid":{"rendered":"https:\/\/www.testqual.com\/productos\/?page_id=254"},"modified":"2022-11-10T15:09:53","modified_gmt":"2022-11-10T14:09:53","slug":"extraccion-quechers","status":"publish","type":"page","link":"https:\/\/www.testqual.com\/productos\/index.php\/extraccion-quechers\/","title":{"rendered":"Extracci\u00f3n Quechers"},"content":{"rendered":"\t\t<div data-elementor-type=\"wp-page\" data-elementor-id=\"254\" class=\"elementor elementor-254\">\n\t\t\t\t\t\t\t\t\t<section class=\"elementor-section elementor-top-section elementor-element elementor-element-e9b8c2d elementor-section-boxed elementor-section-height-default elementor-section-height-default\" data-id=\"e9b8c2d\" data-element_type=\"section\">\n\t\t\t\t\t\t<div class=\"elementor-container elementor-column-gap-default\">\n\t\t\t\t\t<div class=\"aux-parallax-section elementor-column elementor-col-100 elementor-top-column elementor-element elementor-element-76617eb\" data-id=\"76617eb\" data-element_type=\"column\">\n\t\t\t<div class=\"elementor-widget-wrap elementor-element-populated\">\n\t\t\t\t\t\t\t\t<div class=\"elementor-element elementor-element-63d9dac elementor-widget elementor-widget-spacer\" data-id=\"63d9dac\" data-element_type=\"widget\" data-widget_type=\"spacer.default\">\n\t\t\t\t<div class=\"elementor-widget-container\">\n\t\t\t\t\t<div class=\"elementor-spacer\">\n\t\t\t<div class=\"elementor-spacer-inner\"><\/div>\n\t\t<\/div>\n\t\t\t\t<\/div>\n\t\t\t\t<\/div>\n\t\t\t\t\t<\/div>\n\t\t<\/div>\n\t\t\t\t\t\t\t<\/div>\n\t\t<\/section>\n\t\t\t\t<section class=\"elementor-section elementor-top-section elementor-element elementor-element-d2120d8 elementor-section-boxed elementor-section-height-default elementor-section-height-default\" data-id=\"d2120d8\" data-element_type=\"section\">\n\t\t\t\t\t\t<div class=\"elementor-container elementor-column-gap-default\">\n\t\t\t\t\t<div class=\"aux-parallax-section elementor-column elementor-col-50 elementor-top-column elementor-element elementor-element-3d62453\" data-id=\"3d62453\" data-element_type=\"column\">\n\t\t\t<div class=\"elementor-widget-wrap elementor-element-populated\">\n\t\t\t\t\t\t\t\t<div class=\"elementor-element elementor-element-3e8c972 elementor-widget elementor-widget-aux_modern_heading\" data-id=\"3e8c972\" data-element_type=\"widget\" data-widget_type=\"aux_modern_heading.default\">\n\t\t\t\t<div class=\"elementor-widget-container\">\n\t\t\t<section class=\"aux-widget-modern-heading\">\n            <div class=\"aux-widget-inner\"><h2 class=\"aux-modern-heading-primary\">Extracci\u00f3n QuEChERS<\/h2><h3 class=\"aux-modern-heading-secondary\"><span class=\"aux-head-highlight\">... el primer paso<\/span><\/h3><div class=\"aux-modern-heading-divider\"><\/div><\/div>\n        <\/section>\t\t<\/div>\n\t\t\t\t<\/div>\n\t\t\t\t<div class=\"elementor-element elementor-element-b70877b elementor-widget elementor-widget-text-editor\" data-id=\"b70877b\" data-element_type=\"widget\" data-widget_type=\"text-editor.default\">\n\t\t\t\t<div class=\"elementor-widget-container\">\n\t\t\t\t\t\t\t<p><strong>Escoja el kit de extracci\u00f3n para su m\u00e9todo deseado (m\u00e9todo original 10\/15 g muestra, EN o AOAC). Para analitos sensibles, como pesticidas de pH sensible, se recomiendan especialmente los kits de sal tamponados.<\/strong><\/p><p><strong>Los tubos de muestras rellenos con mezclas de sales BEKOlut<sup>\u00ae<\/sup> est\u00e1n listos para usar, se abren f\u00e1cilmente y vac\u00edan completamente. Esto ha demostrado su eficacia en los \u00faltimos a\u00f1os en comparaci\u00f3n con las mezclas de sales en bolsas. Puede pedir todos los kits de sales con sus correspondientes tubos para centrifugado de 50 ml o sin ellos, si desea utilizar otros tubos de centrifugado.<\/strong><\/p><p><a href=\"https:\/\/www.testqual.com\/productos\/index.php\/quechers-purificacion-dispersiva-spe\/\">Ver segundo paso\u00a0 &#8211;&gt;<\/a><\/p><p class=\"quechers-inner-left-download\">\u00a0<\/p>\t\t\t\t\t\t<\/div>\n\t\t\t\t<\/div>\n\t\t\t\t<div class=\"elementor-element elementor-element-45d7c85 aux-appear-watch-animation aux-slide-from-left elementor-widget elementor-widget-button\" data-id=\"45d7c85\" data-element_type=\"widget\" data-widget_type=\"button.default\">\n\t\t\t\t<div class=\"elementor-widget-container\">\n\t\t\t\t\t<div class=\"elementor-button-wrapper\">\n\t\t\t<a class=\"elementor-button elementor-button-link elementor-size-sm\" href=\"https:\/\/www.testqual.com\/productos\/wp-content\/uploads\/2022\/11\/BEKOlut-QuEChERS-Instructions-for-use-E-3.pdf\" target=\"_blank\">\n\t\t\t\t\t\t<span class=\"elementor-button-content-wrapper\">\n\t\t\t\t\t\t<span class=\"elementor-button-text\">Descargar Instrucciones<\/span>\n\t\t<\/span>\n\t\t\t\t\t<\/a>\n\t\t<\/div>\n\t\t\t\t<\/div>\n\t\t\t\t<\/div>\n\t\t\t\t<div class=\"elementor-element elementor-element-4069814 elementor-widget elementor-widget-image\" data-id=\"4069814\" data-element_type=\"widget\" data-widget_type=\"image.default\">\n\t\t\t\t<div class=\"elementor-widget-container\">\n\t\t\t\t\t\t\t\t\t\t\t\t\t\t\t<img decoding=\"async\" width=\"1154\" height=\"585\" src=\"https:\/\/www.testqual.com\/productos\/wp-content\/uploads\/2022\/11\/Captura-de-pantalla-2022-11-10-084210.png\" class=\"attachment-full size-full wp-image-260\" alt=\"\" loading=\"lazy\" srcset=\"https:\/\/www.testqual.com\/productos\/wp-content\/uploads\/2022\/11\/Captura-de-pantalla-2022-11-10-084210.png 1154w, https:\/\/www.testqual.com\/productos\/wp-content\/uploads\/2022\/11\/Captura-de-pantalla-2022-11-10-084210-200x101.png 200w\" sizes=\"(max-width: 1154px) 100vw, 1154px\" \/>\t\t\t\t\t\t\t\t\t\t\t\t\t\t\t<\/div>\n\t\t\t\t<\/div>\n\t\t\t\t\t<\/div>\n\t\t<\/div>\n\t\t\t\t<div class=\"aux-parallax-section elementor-column elementor-col-50 elementor-top-column elementor-element elementor-element-44641c0\" data-id=\"44641c0\" data-element_type=\"column\">\n\t\t\t<div class=\"elementor-widget-wrap elementor-element-populated\">\n\t\t\t\t\t\t\t\t<div class=\"elementor-element elementor-element-7875185 elementor-align-center aux-appear-watch-animation aux-slide-from-right elementor-widget elementor-widget-button\" data-id=\"7875185\" data-element_type=\"widget\" data-widget_type=\"button.default\">\n\t\t\t\t<div class=\"elementor-widget-container\">\n\t\t\t\t\t<div class=\"elementor-button-wrapper\">\n\t\t\t<a class=\"elementor-button elementor-button-link elementor-size-sm\" href=\"https:\/\/www.testqual.com\/productos\/index.php\/contacto\/\" target=\"_blank\">\n\t\t\t\t\t\t<span class=\"elementor-button-content-wrapper\">\n\t\t\t\t\t\t<span class=\"elementor-button-text\">Pida su oferta sobre este producto<\/span>\n\t\t<\/span>\n\t\t\t\t\t<\/a>\n\t\t<\/div>\n\t\t\t\t<\/div>\n\t\t\t\t<\/div>\n\t\t\t\t<div class=\"elementor-element elementor-element-5139235 elementor-widget elementor-widget-image\" data-id=\"5139235\" data-element_type=\"widget\" data-widget_type=\"image.default\">\n\t\t\t\t<div class=\"elementor-widget-container\">\n\t\t\t\t\t\t\t\t\t\t\t\t\t\t\t<img decoding=\"async\" width=\"699\" height=\"917\" src=\"https:\/\/www.testqual.com\/productos\/wp-content\/uploads\/2022\/11\/graph-Q1_E.png\" class=\"attachment-large size-large wp-image-258\" alt=\"\" loading=\"lazy\" srcset=\"https:\/\/www.testqual.com\/productos\/wp-content\/uploads\/2022\/11\/graph-Q1_E.png 699w, https:\/\/www.testqual.com\/productos\/wp-content\/uploads\/2022\/11\/graph-Q1_E-200x262.png 200w\" sizes=\"(max-width: 699px) 100vw, 699px\" \/>\t\t\t\t\t\t\t\t\t\t\t\t\t\t\t<\/div>\n\t\t\t\t<\/div>\n\t\t\t\t\t<\/div>\n\t\t<\/div>\n\t\t\t\t\t\t\t<\/div>\n\t\t<\/section>\n\t\t\t\t\t\t\t<\/div>\n\t\t","protected":false},"excerpt":{"rendered":"<p>Extracci\u00f3n QuEChERS &#8230; el primer paso Escoja el kit de extracci\u00f3n para su m\u00e9todo deseado (m\u00e9todo original 10\/15 g muestra, EN o AOAC). Para analitos sensibles, como pesticidas de pH sensible, se recomiendan especialmente los kits de sal tamponados. Los tubos de muestras rellenos con mezclas de sales BEKOlut\u00ae est\u00e1n listos para usar, se abren [&hellip;]<\/p>\n","protected":false},"author":1,"featured_media":0,"parent":0,"menu_order":0,"comment_status":"closed","ping_status":"closed","template":"","meta":[],"_links":{"self":[{"href":"https:\/\/www.testqual.com\/productos\/index.php\/wp-json\/wp\/v2\/pages\/254"}],"collection":[{"href":"https:\/\/www.testqual.com\/productos\/index.php\/wp-json\/wp\/v2\/pages"}],"about":[{"href":"https:\/\/www.testqual.com\/productos\/index.php\/wp-json\/wp\/v2\/types\/page"}],"author":[{"embeddable":true,"href":"https:\/\/www.testqual.com\/productos\/index.php\/wp-json\/wp\/v2\/users\/1"}],"replies":[{"embeddable":true,"href":"https:\/\/www.testqual.com\/productos\/index.php\/wp-json\/wp\/v2\/comments?post=254"}],"version-history":[{"count":17,"href":"https:\/\/www.testqual.com\/productos\/index.php\/wp-json\/wp\/v2\/pages\/254\/revisions"}],"predecessor-version":[{"id":340,"href":"https:\/\/www.testqual.com\/productos\/index.php\/wp-json\/wp\/v2\/pages\/254\/revisions\/340"}],"wp:attachment":[{"href":"https:\/\/www.testqual.com\/productos\/index.php\/wp-json\/wp\/v2\/media?parent=254"}],"curies":[{"name":"wp","href":"https:\/\/api.w.org\/{rel}","templated":true}]}}