{"id":271,"date":"2022-11-10T09:14:01","date_gmt":"2022-11-10T08:14:01","guid":{"rendered":"https:\/\/www.testqual.com\/productos\/?page_id=271"},"modified":"2022-11-10T15:13:14","modified_gmt":"2022-11-10T14:13:14","slug":"quechers-purificacion-dispersiva-spe","status":"publish","type":"page","link":"https:\/\/www.testqual.com\/productos\/index.php\/quechers-purificacion-dispersiva-spe\/","title":{"rendered":"QuEChERS &#8211; Purificaci\u00f3n dispersiva SPE"},"content":{"rendered":"\t\t<div data-elementor-type=\"wp-page\" data-elementor-id=\"271\" class=\"elementor elementor-271\">\n\t\t\t\t\t\t\t\t\t<section class=\"elementor-section elementor-top-section elementor-element elementor-element-8de64a7 elementor-section-boxed elementor-section-height-default elementor-section-height-default\" data-id=\"8de64a7\" data-element_type=\"section\">\n\t\t\t\t\t\t<div class=\"elementor-container elementor-column-gap-default\">\n\t\t\t\t\t<div class=\"aux-parallax-section elementor-column elementor-col-100 elementor-top-column elementor-element elementor-element-ae0755b\" data-id=\"ae0755b\" data-element_type=\"column\">\n\t\t\t<div class=\"elementor-widget-wrap elementor-element-populated\">\n\t\t\t\t\t\t\t\t<div class=\"elementor-element elementor-element-33d151a elementor-widget elementor-widget-spacer\" data-id=\"33d151a\" data-element_type=\"widget\" data-widget_type=\"spacer.default\">\n\t\t\t\t<div class=\"elementor-widget-container\">\n\t\t\t\t\t<div class=\"elementor-spacer\">\n\t\t\t<div class=\"elementor-spacer-inner\"><\/div>\n\t\t<\/div>\n\t\t\t\t<\/div>\n\t\t\t\t<\/div>\n\t\t\t\t\t<\/div>\n\t\t<\/div>\n\t\t\t\t\t\t\t<\/div>\n\t\t<\/section>\n\t\t\t\t<section class=\"elementor-section elementor-top-section elementor-element elementor-element-44538a26 elementor-section-boxed elementor-section-height-default elementor-section-height-default\" data-id=\"44538a26\" data-element_type=\"section\">\n\t\t\t\t\t\t<div class=\"elementor-container elementor-column-gap-default\">\n\t\t\t\t\t<div class=\"aux-parallax-section elementor-column elementor-col-50 elementor-top-column elementor-element elementor-element-47b3653\" data-id=\"47b3653\" data-element_type=\"column\">\n\t\t\t<div class=\"elementor-widget-wrap elementor-element-populated\">\n\t\t\t\t\t\t\t\t<div class=\"elementor-element elementor-element-7c26617a elementor-widget elementor-widget-aux_modern_heading\" data-id=\"7c26617a\" data-element_type=\"widget\" data-widget_type=\"aux_modern_heading.default\">\n\t\t\t\t<div class=\"elementor-widget-container\">\n\t\t\t<section class=\"aux-widget-modern-heading\">\n            <div class=\"aux-widget-inner\"><h2 class=\"aux-modern-heading-primary\">QuEChERS - Purificaci\u00f3n<\/h2><h3 class=\"aux-modern-heading-secondary\"><span class=\"aux-head-highlight\">dispersiva SPE ... el segundo paso<\/span><\/h3><div class=\"aux-modern-heading-divider\"><\/div><\/div>\n        <\/section>\t\t<\/div>\n\t\t\t\t<\/div>\n\t\t\t\t<div class=\"elementor-element elementor-element-338bc31 elementor-widget elementor-widget-text-editor\" data-id=\"338bc31\" data-element_type=\"widget\" data-widget_type=\"text-editor.default\">\n\t\t\t\t<div class=\"elementor-widget-container\">\n\t\t\t\t\t\t\t<p><strong>Para la purificaci\u00f3n de extractos org\u00e1nicos elija acorde al m\u00e9todo y matriz el kit SPE. Una parte alicuota del extracto del primer paso se vierte en el tubo de centrifugado de 2ml o 15ml, que contiene los componentes QuEChERS para la eliminaci\u00f3n de los componentes de la matriz que interfieren y la aglutinaci\u00f3n del agua existente.<\/strong><\/p><p><b>Los kits PSA BEKOlut<\/b><sup style=\"font-weight: bold;\">\u00ae<\/sup><b>\u00a0(con tubos de centr\u00edfuga de 2 o 15 ml) est\u00e1n previamente rellenos con PSA (amina primaria secundaria) para la eliminaci\u00f3n de oligosac\u00e1ridos y \u00e1cidos grasos, con sulfato de magnesio para aglutinaci\u00f3n del agua y\/o C18e para la eliminaci\u00f3n de los l\u00edpidos restantes y\/o GBD (graphitized carbon black, negros de carb\u00f3n grafitizados) para la eliminaci\u00f3n de los pigmentos de colores y as\u00ed los kits de BEKOlut son aptos para su uso directo.<\/b><\/p><p><strong>\u00bfUtiliza mezclas especiales? Disponemos de una larga lista de rellenos especiales- con mucho gusto llenamos tambi\u00e9n la cantidad y los adsorbentes de su elecci\u00f3n.<\/strong><\/p><p><strong>Los tubos de centr\u00edfuga de 15 ml de los kits SPE dispersivos est\u00e1n dotados de tapas con un c\u00f3digo de colores para su diferenciaci\u00f3n segura, los tubos de centrifugado de 2 ml est\u00e1n marcados con una impresi\u00f3n especial.<\/strong><\/p><p><a href=\"https:\/\/www.testqual.com\/productos\/index.php\/extraccion-quechers\/\">&lt;&#8211; Volver al primer paso<\/a><\/p>\t\t\t\t\t\t<\/div>\n\t\t\t\t<\/div>\n\t\t\t\t<div class=\"elementor-element elementor-element-3a00837c aux-appear-watch-animation aux-slide-from-left elementor-widget elementor-widget-button\" data-id=\"3a00837c\" data-element_type=\"widget\" data-widget_type=\"button.default\">\n\t\t\t\t<div class=\"elementor-widget-container\">\n\t\t\t\t\t<div class=\"elementor-button-wrapper\">\n\t\t\t<a class=\"elementor-button elementor-button-link elementor-size-sm\" href=\"https:\/\/www.testqual.com\/productos\/wp-content\/uploads\/2022\/11\/BEKOlut-QuEChERS-Kits-E.pdf\" target=\"_blank\">\n\t\t\t\t\t\t<span class=\"elementor-button-content-wrapper\">\n\t\t\t\t\t\t<span class=\"elementor-button-text\">Descargar Instrucciones<\/span>\n\t\t<\/span>\n\t\t\t\t\t<\/a>\n\t\t<\/div>\n\t\t\t\t<\/div>\n\t\t\t\t<\/div>\n\t\t\t\t<div class=\"elementor-element elementor-element-7c17157 elementor-widget elementor-widget-image\" data-id=\"7c17157\" data-element_type=\"widget\" data-widget_type=\"image.default\">\n\t\t\t\t<div class=\"elementor-widget-container\">\n\t\t\t\t\t\t\t\t\t\t\t\t\t\t\t<img decoding=\"async\" width=\"1239\" height=\"421\" src=\"https:\/\/www.testqual.com\/productos\/wp-content\/uploads\/2022\/11\/Captura-de-pantalla-2022-11-10-085642.png\" class=\"attachment-full size-full wp-image-283\" alt=\"\" loading=\"lazy\" srcset=\"https:\/\/www.testqual.com\/productos\/wp-content\/uploads\/2022\/11\/Captura-de-pantalla-2022-11-10-085642.png 1239w, https:\/\/www.testqual.com\/productos\/wp-content\/uploads\/2022\/11\/Captura-de-pantalla-2022-11-10-085642-200x68.png 200w\" sizes=\"(max-width: 1239px) 100vw, 1239px\" \/>\t\t\t\t\t\t\t\t\t\t\t\t\t\t\t<\/div>\n\t\t\t\t<\/div>\n\t\t\t\t\t<\/div>\n\t\t<\/div>\n\t\t\t\t<div class=\"aux-parallax-section elementor-column elementor-col-50 elementor-top-column elementor-element elementor-element-42a9a6a7\" data-id=\"42a9a6a7\" data-element_type=\"column\">\n\t\t\t<div class=\"elementor-widget-wrap elementor-element-populated\">\n\t\t\t\t\t\t\t\t<div class=\"elementor-element elementor-element-8dd7982 elementor-align-center aux-appear-watch-animation aux-slide-from-right elementor-widget elementor-widget-button\" data-id=\"8dd7982\" data-element_type=\"widget\" data-widget_type=\"button.default\">\n\t\t\t\t<div class=\"elementor-widget-container\">\n\t\t\t\t\t<div class=\"elementor-button-wrapper\">\n\t\t\t<a class=\"elementor-button elementor-button-link elementor-size-sm\" href=\"https:\/\/www.testqual.com\/productos\/index.php\/contacto\/\" target=\"_blank\">\n\t\t\t\t\t\t<span class=\"elementor-button-content-wrapper\">\n\t\t\t\t\t\t<span class=\"elementor-button-text\">Pida su oferta sobre este producto<\/span>\n\t\t<\/span>\n\t\t\t\t\t<\/a>\n\t\t<\/div>\n\t\t\t\t<\/div>\n\t\t\t\t<\/div>\n\t\t\t\t<div class=\"elementor-element elementor-element-4f7d95e9 elementor-widget elementor-widget-image\" data-id=\"4f7d95e9\" data-element_type=\"widget\" data-widget_type=\"image.default\">\n\t\t\t\t<div class=\"elementor-widget-container\">\n\t\t\t\t\t\t\t\t\t\t\t\t\t\t\t<img decoding=\"async\" width=\"699\" height=\"917\" src=\"https:\/\/www.testqual.com\/productos\/wp-content\/uploads\/2022\/11\/graph-Q2_E.png\" class=\"attachment-large size-large wp-image-275\" alt=\"\" loading=\"lazy\" srcset=\"https:\/\/www.testqual.com\/productos\/wp-content\/uploads\/2022\/11\/graph-Q2_E.png 699w, https:\/\/www.testqual.com\/productos\/wp-content\/uploads\/2022\/11\/graph-Q2_E-200x262.png 200w\" sizes=\"(max-width: 699px) 100vw, 699px\" \/>\t\t\t\t\t\t\t\t\t\t\t\t\t\t\t<\/div>\n\t\t\t\t<\/div>\n\t\t\t\t\t<\/div>\n\t\t<\/div>\n\t\t\t\t\t\t\t<\/div>\n\t\t<\/section>\n\t\t\t\t<section class=\"elementor-section elementor-top-section elementor-element elementor-element-b6261eb elementor-section-boxed elementor-section-height-default elementor-section-height-default\" data-id=\"b6261eb\" data-element_type=\"section\">\n\t\t\t\t\t\t<div class=\"elementor-container elementor-column-gap-default\">\n\t\t\t\t\t<div class=\"aux-parallax-section elementor-column elementor-col-100 elementor-top-column elementor-element elementor-element-5f66555\" data-id=\"5f66555\" data-element_type=\"column\">\n\t\t\t<div class=\"elementor-widget-wrap\">\n\t\t\t\t\t\t\t\t\t<\/div>\n\t\t<\/div>\n\t\t\t\t\t\t\t<\/div>\n\t\t<\/section>\n\t\t\t\t<section class=\"elementor-section elementor-top-section elementor-element elementor-element-9d82dfd elementor-section-boxed elementor-section-height-default elementor-section-height-default\" data-id=\"9d82dfd\" data-element_type=\"section\">\n\t\t\t\t\t\t<div class=\"elementor-container elementor-column-gap-default\">\n\t\t\t\t\t<div class=\"aux-parallax-section elementor-column elementor-col-16 elementor-top-column elementor-element elementor-element-c8dc8a1\" data-id=\"c8dc8a1\" data-element_type=\"column\">\n\t\t\t<div class=\"elementor-widget-wrap elementor-element-populated\">\n\t\t\t\t\t\t\t\t<div class=\"elementor-element elementor-element-0fcb970 elementor-widget elementor-widget-image\" data-id=\"0fcb970\" data-element_type=\"widget\" data-widget_type=\"image.default\">\n\t\t\t\t<div class=\"elementor-widget-container\">\n\t\t\t\t\t\t\t\t\t\t\t\t\t\t\t<img decoding=\"async\" width=\"300\" height=\"300\" src=\"https:\/\/www.testqual.com\/productos\/wp-content\/uploads\/2022\/11\/apple.jpg\" class=\"attachment-large size-large wp-image-277\" alt=\"\" loading=\"lazy\" srcset=\"https:\/\/www.testqual.com\/productos\/wp-content\/uploads\/2022\/11\/apple.jpg 300w, https:\/\/www.testqual.com\/productos\/wp-content\/uploads\/2022\/11\/apple-150x150.jpg 150w, https:\/\/www.testqual.com\/productos\/wp-content\/uploads\/2022\/11\/apple-200x200.jpg 200w\" sizes=\"(max-width: 300px) 100vw, 300px\" \/>\t\t\t\t\t\t\t\t\t\t\t\t\t\t\t<\/div>\n\t\t\t\t<\/div>\n\t\t\t\t\t<\/div>\n\t\t<\/div>\n\t\t\t\t<div class=\"aux-parallax-section elementor-column elementor-col-16 elementor-top-column elementor-element elementor-element-f2bd091\" data-id=\"f2bd091\" data-element_type=\"column\">\n\t\t\t<div class=\"elementor-widget-wrap elementor-element-populated\">\n\t\t\t\t\t\t\t\t<div class=\"elementor-element elementor-element-35beb74 elementor-widget elementor-widget-image\" data-id=\"35beb74\" data-element_type=\"widget\" data-widget_type=\"image.default\">\n\t\t\t\t<div class=\"elementor-widget-container\">\n\t\t\t\t\t\t\t\t\t\t\t\t\t\t\t<img decoding=\"async\" width=\"300\" height=\"300\" src=\"https:\/\/www.testqual.com\/productos\/wp-content\/uploads\/2022\/11\/avocado.jpg\" class=\"attachment-large size-large wp-image-278\" alt=\"\" loading=\"lazy\" srcset=\"https:\/\/www.testqual.com\/productos\/wp-content\/uploads\/2022\/11\/avocado.jpg 300w, https:\/\/www.testqual.com\/productos\/wp-content\/uploads\/2022\/11\/avocado-150x150.jpg 150w, https:\/\/www.testqual.com\/productos\/wp-content\/uploads\/2022\/11\/avocado-200x200.jpg 200w\" sizes=\"(max-width: 300px) 100vw, 300px\" \/>\t\t\t\t\t\t\t\t\t\t\t\t\t\t\t<\/div>\n\t\t\t\t<\/div>\n\t\t\t\t\t<\/div>\n\t\t<\/div>\n\t\t\t\t<div class=\"aux-parallax-section elementor-column elementor-col-16 elementor-top-column elementor-element elementor-element-0a43b0e\" data-id=\"0a43b0e\" data-element_type=\"column\">\n\t\t\t<div class=\"elementor-widget-wrap elementor-element-populated\">\n\t\t\t\t\t\t\t\t<div class=\"elementor-element elementor-element-f3c7e92 elementor-widget elementor-widget-image\" data-id=\"f3c7e92\" data-element_type=\"widget\" data-widget_type=\"image.default\">\n\t\t\t\t<div class=\"elementor-widget-container\">\n\t\t\t\t\t\t\t\t\t\t\t\t\t\t\t<img decoding=\"async\" width=\"300\" height=\"300\" src=\"https:\/\/www.testqual.com\/productos\/wp-content\/uploads\/2022\/11\/carrot.jpg\" class=\"attachment-large size-large wp-image-279\" alt=\"\" loading=\"lazy\" srcset=\"https:\/\/www.testqual.com\/productos\/wp-content\/uploads\/2022\/11\/carrot.jpg 300w, https:\/\/www.testqual.com\/productos\/wp-content\/uploads\/2022\/11\/carrot-150x150.jpg 150w, https:\/\/www.testqual.com\/productos\/wp-content\/uploads\/2022\/11\/carrot-200x200.jpg 200w\" sizes=\"(max-width: 300px) 100vw, 300px\" \/>\t\t\t\t\t\t\t\t\t\t\t\t\t\t\t<\/div>\n\t\t\t\t<\/div>\n\t\t\t\t\t<\/div>\n\t\t<\/div>\n\t\t\t\t<div class=\"aux-parallax-section elementor-column elementor-col-16 elementor-top-column elementor-element elementor-element-0165db7\" data-id=\"0165db7\" data-element_type=\"column\">\n\t\t\t<div class=\"elementor-widget-wrap elementor-element-populated\">\n\t\t\t\t\t\t\t\t<div class=\"elementor-element elementor-element-49b7dce elementor-widget elementor-widget-image\" data-id=\"49b7dce\" data-element_type=\"widget\" data-widget_type=\"image.default\">\n\t\t\t\t<div class=\"elementor-widget-container\">\n\t\t\t\t\t\t\t\t\t\t\t\t\t\t\t<img decoding=\"async\" width=\"300\" height=\"300\" src=\"https:\/\/www.testqual.com\/productos\/wp-content\/uploads\/2022\/11\/eggplant.jpg\" class=\"attachment-large size-large wp-image-280\" alt=\"\" loading=\"lazy\" srcset=\"https:\/\/www.testqual.com\/productos\/wp-content\/uploads\/2022\/11\/eggplant.jpg 300w, https:\/\/www.testqual.com\/productos\/wp-content\/uploads\/2022\/11\/eggplant-150x150.jpg 150w, https:\/\/www.testqual.com\/productos\/wp-content\/uploads\/2022\/11\/eggplant-200x200.jpg 200w\" sizes=\"(max-width: 300px) 100vw, 300px\" \/>\t\t\t\t\t\t\t\t\t\t\t\t\t\t\t<\/div>\n\t\t\t\t<\/div>\n\t\t\t\t\t<\/div>\n\t\t<\/div>\n\t\t\t\t<div class=\"aux-parallax-section elementor-column elementor-col-16 elementor-top-column elementor-element elementor-element-04a35c4\" data-id=\"04a35c4\" data-element_type=\"column\">\n\t\t\t<div class=\"elementor-widget-wrap elementor-element-populated\">\n\t\t\t\t\t\t\t\t<div class=\"elementor-element elementor-element-be33d8d elementor-widget elementor-widget-image\" data-id=\"be33d8d\" data-element_type=\"widget\" data-widget_type=\"image.default\">\n\t\t\t\t<div class=\"elementor-widget-container\">\n\t\t\t\t\t\t\t\t\t\t\t\t\t\t\t<img decoding=\"async\" width=\"300\" height=\"300\" src=\"https:\/\/www.testqual.com\/productos\/wp-content\/uploads\/2022\/11\/pepper-1.jpg\" class=\"attachment-large size-large wp-image-281\" alt=\"\" loading=\"lazy\" srcset=\"https:\/\/www.testqual.com\/productos\/wp-content\/uploads\/2022\/11\/pepper-1.jpg 300w, https:\/\/www.testqual.com\/productos\/wp-content\/uploads\/2022\/11\/pepper-1-150x150.jpg 150w, https:\/\/www.testqual.com\/productos\/wp-content\/uploads\/2022\/11\/pepper-1-200x200.jpg 200w\" sizes=\"(max-width: 300px) 100vw, 300px\" \/>\t\t\t\t\t\t\t\t\t\t\t\t\t\t\t<\/div>\n\t\t\t\t<\/div>\n\t\t\t\t\t<\/div>\n\t\t<\/div>\n\t\t\t\t<div class=\"aux-parallax-section elementor-column elementor-col-16 elementor-top-column elementor-element elementor-element-8957a83\" data-id=\"8957a83\" data-element_type=\"column\">\n\t\t\t<div class=\"elementor-widget-wrap elementor-element-populated\">\n\t\t\t\t\t\t\t\t<div class=\"elementor-element elementor-element-4647a24 elementor-widget elementor-widget-image\" data-id=\"4647a24\" data-element_type=\"widget\" data-widget_type=\"image.default\">\n\t\t\t\t<div class=\"elementor-widget-container\">\n\t\t\t\t\t\t\t\t\t\t\t\t\t\t\t<img decoding=\"async\" width=\"300\" height=\"300\" src=\"https:\/\/www.testqual.com\/productos\/wp-content\/uploads\/2022\/11\/tea.jpg\" class=\"attachment-large size-large wp-image-282\" alt=\"\" loading=\"lazy\" srcset=\"https:\/\/www.testqual.com\/productos\/wp-content\/uploads\/2022\/11\/tea.jpg 300w, https:\/\/www.testqual.com\/productos\/wp-content\/uploads\/2022\/11\/tea-150x150.jpg 150w, https:\/\/www.testqual.com\/productos\/wp-content\/uploads\/2022\/11\/tea-200x200.jpg 200w\" sizes=\"(max-width: 300px) 100vw, 300px\" \/>\t\t\t\t\t\t\t\t\t\t\t\t\t\t\t<\/div>\n\t\t\t\t<\/div>\n\t\t\t\t\t<\/div>\n\t\t<\/div>\n\t\t\t\t\t\t\t<\/div>\n\t\t<\/section>\n\t\t\t\t\t\t\t<\/div>\n\t\t","protected":false},"excerpt":{"rendered":"<p>QuEChERS &#8211; Purificaci\u00f3n dispersiva SPE &#8230; el segundo paso Para la purificaci\u00f3n de extractos org\u00e1nicos elija acorde al m\u00e9todo y matriz el kit SPE. Una parte alicuota del extracto del primer paso se vierte en el tubo de centrifugado de 2ml o 15ml, que contiene los componentes QuEChERS para la eliminaci\u00f3n de los componentes de [&hellip;]<\/p>\n","protected":false},"author":1,"featured_media":0,"parent":0,"menu_order":0,"comment_status":"closed","ping_status":"closed","template":"","meta":[],"_links":{"self":[{"href":"https:\/\/www.testqual.com\/productos\/index.php\/wp-json\/wp\/v2\/pages\/271"}],"collection":[{"href":"https:\/\/www.testqual.com\/productos\/index.php\/wp-json\/wp\/v2\/pages"}],"about":[{"href":"https:\/\/www.testqual.com\/productos\/index.php\/wp-json\/wp\/v2\/types\/page"}],"author":[{"embeddable":true,"href":"https:\/\/www.testqual.com\/productos\/index.php\/wp-json\/wp\/v2\/users\/1"}],"replies":[{"embeddable":true,"href":"https:\/\/www.testqual.com\/productos\/index.php\/wp-json\/wp\/v2\/comments?post=271"}],"version-history":[{"count":13,"href":"https:\/\/www.testqual.com\/productos\/index.php\/wp-json\/wp\/v2\/pages\/271\/revisions"}],"predecessor-version":[{"id":343,"href":"https:\/\/www.testqual.com\/productos\/index.php\/wp-json\/wp\/v2\/pages\/271\/revisions\/343"}],"wp:attachment":[{"href":"https:\/\/www.testqual.com\/productos\/index.php\/wp-json\/wp\/v2\/media?parent=271"}],"curies":[{"name":"wp","href":"https:\/\/api.w.org\/{rel}","templated":true}]}}