{"id":356,"date":"2022-11-15T14:35:58","date_gmt":"2022-11-15T13:35:58","guid":{"rendered":"https:\/\/www.testqual.com\/productos\/?page_id=356"},"modified":"2022-11-15T14:43:39","modified_gmt":"2022-11-15T13:43:39","slug":"bekolut-sle-xtraccion-de-liquidos-con-soporte","status":"publish","type":"page","link":"https:\/\/www.testqual.com\/productos\/index.php\/bekolut-sle-xtraccion-de-liquidos-con-soporte\/","title":{"rendered":"BEKOlut\u00a0SLE\u00a0XTRACCI\u00d3N DE L\u00cdQUIDOS CON SOPORTE"},"content":{"rendered":"\t\t<div data-elementor-type=\"wp-page\" data-elementor-id=\"356\" class=\"elementor elementor-356\">\n\t\t\t\t\t\t\t\t\t<section class=\"elementor-section elementor-top-section elementor-element elementor-element-4934337 elementor-section-boxed elementor-section-height-default elementor-section-height-default\" data-id=\"4934337\" data-element_type=\"section\">\n\t\t\t\t\t\t<div class=\"elementor-container elementor-column-gap-default\">\n\t\t\t\t\t<div class=\"aux-parallax-section elementor-column elementor-col-100 elementor-top-column elementor-element elementor-element-5d35c36\" data-id=\"5d35c36\" data-element_type=\"column\">\n\t\t\t<div class=\"elementor-widget-wrap elementor-element-populated\">\n\t\t\t\t\t\t\t\t<div class=\"elementor-element elementor-element-0c6cfe2 elementor-widget elementor-widget-spacer\" data-id=\"0c6cfe2\" data-element_type=\"widget\" data-widget_type=\"spacer.default\">\n\t\t\t\t<div class=\"elementor-widget-container\">\n\t\t\t\t\t<div class=\"elementor-spacer\">\n\t\t\t<div class=\"elementor-spacer-inner\"><\/div>\n\t\t<\/div>\n\t\t\t\t<\/div>\n\t\t\t\t<\/div>\n\t\t\t\t\t<\/div>\n\t\t<\/div>\n\t\t\t\t\t\t\t<\/div>\n\t\t<\/section>\n\t\t\t\t<section class=\"elementor-section elementor-top-section elementor-element elementor-element-44eb95a4 elementor-section-boxed elementor-section-height-default elementor-section-height-default\" data-id=\"44eb95a4\" data-element_type=\"section\">\n\t\t\t\t\t\t<div class=\"elementor-container elementor-column-gap-default\">\n\t\t\t\t\t<div class=\"aux-parallax-section elementor-column elementor-col-50 elementor-top-column elementor-element elementor-element-1d80d881\" data-id=\"1d80d881\" data-element_type=\"column\">\n\t\t\t<div class=\"elementor-widget-wrap elementor-element-populated\">\n\t\t\t\t\t\t\t\t<div class=\"elementor-element elementor-element-2141c4c5 elementor-widget elementor-widget-aux_modern_heading\" data-id=\"2141c4c5\" data-element_type=\"widget\" data-widget_type=\"aux_modern_heading.default\">\n\t\t\t\t<div class=\"elementor-widget-container\">\n\t\t\t<section class=\"aux-widget-modern-heading\">\n            <div class=\"aux-widget-inner\"><h2 class=\"aux-modern-heading-primary\">BEKOlut SLE XTRACCI\u00d3N DE L\u00cdQUIDOS CON SOPORTE\n<\/h2><h3 class=\"aux-modern-heading-secondary\"><span class=\"aux-head-highlight\">Preparaci\u00f3n de muestra - en un paso<\/span><\/h3><div class=\"aux-modern-heading-divider\"><\/div><\/div>\n        <\/section>\t\t<\/div>\n\t\t\t\t<\/div>\n\t\t\t\t<div class=\"elementor-element elementor-element-474e013 elementor-widget elementor-widget-text-editor\" data-id=\"474e013\" data-element_type=\"widget\" data-widget_type=\"text-editor.default\">\n\t\t\t\t<div class=\"elementor-widget-container\">\n\t\t\t\t\t\t\t<h5>Extracci\u00f3n de l\u00edquidos con soporte<\/h5><p>Nuestras columnas y placas SLE de 96 posiciones fueron desarrolladas especialmente para la extracci\u00f3n simple y eficiente de anal\u00edticos de los flu\u00eddos corporales como sangre, suero, orina y jugos g\u00e1stricos. Para la extracci\u00f3n de un vol\u00famen de muestra de 200 \u00b5l hasta 50 ml disponemos de diversos formatos de columnas y placas. El desarrollo del m\u00e9todo es simple, tambi\u00e9n porque no es necesario el precipitado de prote\u00ednas. El reconocimiento de anal\u00edticos es alto y los extractos de las muestras de sangre, suero y plasma est\u00e1n libres de prote\u00ednas y fosfol\u00edpidos que interfieren.<\/p><p class=\"quechers-inner-left-download\">\u00a0<\/p>\t\t\t\t\t\t<\/div>\n\t\t\t\t<\/div>\n\t\t\t\t<div class=\"elementor-element elementor-element-2cc844a elementor-widget elementor-widget-spacer\" data-id=\"2cc844a\" data-element_type=\"widget\" data-widget_type=\"spacer.default\">\n\t\t\t\t<div class=\"elementor-widget-container\">\n\t\t\t\t\t<div class=\"elementor-spacer\">\n\t\t\t<div class=\"elementor-spacer-inner\"><\/div>\n\t\t<\/div>\n\t\t\t\t<\/div>\n\t\t\t\t<\/div>\n\t\t\t\t<div class=\"elementor-element elementor-element-e6f6287 elementor-widget elementor-widget-aux_modern_heading\" data-id=\"e6f6287\" data-element_type=\"widget\" data-widget_type=\"aux_modern_heading.default\">\n\t\t\t\t<div class=\"elementor-widget-container\">\n\t\t\t<section class=\"aux-widget-modern-heading\">\n            <div class=\"aux-widget-inner\"><h2 class=\"aux-modern-heading-primary\">Caracter\u00edsticas\n<\/h2><h3 class=\"aux-modern-heading-secondary\"><span class=\"aux-head-highlight\">Cortas y Concisas<\/span><\/h3><div class=\"aux-modern-heading-divider\"><\/div><\/div>\n        <\/section>\t\t<\/div>\n\t\t\t\t<\/div>\n\t\t\t\t<div class=\"elementor-element elementor-element-08e7b07 elementor-widget elementor-widget-toggle\" data-id=\"08e7b07\" data-element_type=\"widget\" data-widget_type=\"toggle.default\">\n\t\t\t\t<div class=\"elementor-widget-container\">\n\t\t\t\t\t<div class=\"elementor-toggle\">\n\t\t\t\t\t\t\t<div class=\"elementor-toggle-item\">\n\t\t\t\t\t<div id=\"elementor-tab-title-9331\" class=\"elementor-tab-title\" data-tab=\"1\" role=\"button\" aria-controls=\"elementor-tab-content-9331\" aria-expanded=\"false\">\n\t\t\t\t\t\t\t\t\t\t\t\t<span class=\"elementor-toggle-icon elementor-toggle-icon-left\" aria-hidden=\"true\">\n\t\t\t\t\t\t\t\t\t\t\t\t\t\t\t<span class=\"elementor-toggle-icon-closed\"><i class=\"fas fa-caret-right\"><\/i><\/span>\n\t\t\t\t\t\t\t\t<span class=\"elementor-toggle-icon-opened\"><i class=\"elementor-toggle-icon-opened fas fa-caret-up\"><\/i><\/span>\n\t\t\t\t\t\t\t\t\t\t\t\t\t<\/span>\n\t\t\t\t\t\t\t\t\t\t\t\t<a class=\"elementor-toggle-title\" tabindex=\"0\">01<\/a>\n\t\t\t\t\t<\/div>\n\n\t\t\t\t\t<div id=\"elementor-tab-content-9331\" class=\"elementor-tab-content elementor-clearfix\" data-tab=\"1\" role=\"region\" aria-labelledby=\"elementor-tab-title-9331\"><p>La SLE es un m\u00e9todo r\u00e1pido de preparaci\u00f3n de muestras. Contrariamente a la extracci\u00f3n de fase s\u00f3lida no es necesario condicionar los cartuchos, sino que se utilizan directamente secos.<\/p><\/div>\n\t\t\t\t<\/div>\n\t\t\t\t\t\t\t<div class=\"elementor-toggle-item\">\n\t\t\t\t\t<div id=\"elementor-tab-title-9332\" class=\"elementor-tab-title\" data-tab=\"2\" role=\"button\" aria-controls=\"elementor-tab-content-9332\" aria-expanded=\"false\">\n\t\t\t\t\t\t\t\t\t\t\t\t<span class=\"elementor-toggle-icon elementor-toggle-icon-left\" aria-hidden=\"true\">\n\t\t\t\t\t\t\t\t\t\t\t\t\t\t\t<span class=\"elementor-toggle-icon-closed\"><i class=\"fas fa-caret-right\"><\/i><\/span>\n\t\t\t\t\t\t\t\t<span class=\"elementor-toggle-icon-opened\"><i class=\"elementor-toggle-icon-opened fas fa-caret-up\"><\/i><\/span>\n\t\t\t\t\t\t\t\t\t\t\t\t\t<\/span>\n\t\t\t\t\t\t\t\t\t\t\t\t<a class=\"elementor-toggle-title\" tabindex=\"0\">02<\/a>\n\t\t\t\t\t<\/div>\n\n\t\t\t\t\t<div id=\"elementor-tab-content-9332\" class=\"elementor-tab-content elementor-clearfix\" data-tab=\"2\" role=\"region\" aria-labelledby=\"elementor-tab-title-9332\"><p>La elecci\u00f3n del tama\u00f1o del cartucho resulta del volumen de la muestra correspondiente.<\/p><\/div>\n\t\t\t\t<\/div>\n\t\t\t\t\t\t\t<div class=\"elementor-toggle-item\">\n\t\t\t\t\t<div id=\"elementor-tab-title-9333\" class=\"elementor-tab-title\" data-tab=\"3\" role=\"button\" aria-controls=\"elementor-tab-content-9333\" aria-expanded=\"false\">\n\t\t\t\t\t\t\t\t\t\t\t\t<span class=\"elementor-toggle-icon elementor-toggle-icon-left\" aria-hidden=\"true\">\n\t\t\t\t\t\t\t\t\t\t\t\t\t\t\t<span class=\"elementor-toggle-icon-closed\"><i class=\"fas fa-caret-right\"><\/i><\/span>\n\t\t\t\t\t\t\t\t<span class=\"elementor-toggle-icon-opened\"><i class=\"elementor-toggle-icon-opened fas fa-caret-up\"><\/i><\/span>\n\t\t\t\t\t\t\t\t\t\t\t\t\t<\/span>\n\t\t\t\t\t\t\t\t\t\t\t\t<a class=\"elementor-toggle-title\" tabindex=\"0\">03<\/a>\n\t\t\t\t\t<\/div>\n\n\t\t\t\t\t<div id=\"elementor-tab-content-9333\" class=\"elementor-tab-content elementor-clearfix\" data-tab=\"3\" role=\"region\" aria-labelledby=\"elementor-tab-title-9333\"><p>Contrariamente a la extracci\u00f3n l\u00edquido-l\u00edquido no se forma una emulsi\u00f3n, que perjudique el resultado de la extracci\u00f3n.<\/p><\/div>\n\t\t\t\t<\/div>\n\t\t\t\t\t\t\t<div class=\"elementor-toggle-item\">\n\t\t\t\t\t<div id=\"elementor-tab-title-9334\" class=\"elementor-tab-title\" data-tab=\"4\" role=\"button\" aria-controls=\"elementor-tab-content-9334\" aria-expanded=\"false\">\n\t\t\t\t\t\t\t\t\t\t\t\t<span class=\"elementor-toggle-icon elementor-toggle-icon-left\" aria-hidden=\"true\">\n\t\t\t\t\t\t\t\t\t\t\t\t\t\t\t<span class=\"elementor-toggle-icon-closed\"><i class=\"fas fa-caret-right\"><\/i><\/span>\n\t\t\t\t\t\t\t\t<span class=\"elementor-toggle-icon-opened\"><i class=\"elementor-toggle-icon-opened fas fa-caret-up\"><\/i><\/span>\n\t\t\t\t\t\t\t\t\t\t\t\t\t<\/span>\n\t\t\t\t\t\t\t\t\t\t\t\t<a class=\"elementor-toggle-title\" tabindex=\"0\">04<\/a>\n\t\t\t\t\t<\/div>\n\n\t\t\t\t\t<div id=\"elementor-tab-content-9334\" class=\"elementor-tab-content elementor-clearfix\" data-tab=\"4\" role=\"region\" aria-labelledby=\"elementor-tab-title-9334\"><p>Comparada con la extracci\u00f3n l\u00edquido-l\u00edquido se extrae solo una vez y de forma cuantitativa, de forma tal que se ahorra tiempo y disolvente. Adem\u00e1s la unidad de extracci\u00f3n es mayor.<\/p><\/div>\n\t\t\t\t<\/div>\n\t\t\t\t\t\t\t<div class=\"elementor-toggle-item\">\n\t\t\t\t\t<div id=\"elementor-tab-title-9335\" class=\"elementor-tab-title\" data-tab=\"5\" role=\"button\" aria-controls=\"elementor-tab-content-9335\" aria-expanded=\"false\">\n\t\t\t\t\t\t\t\t\t\t\t\t<span class=\"elementor-toggle-icon elementor-toggle-icon-left\" aria-hidden=\"true\">\n\t\t\t\t\t\t\t\t\t\t\t\t\t\t\t<span class=\"elementor-toggle-icon-closed\"><i class=\"fas fa-caret-right\"><\/i><\/span>\n\t\t\t\t\t\t\t\t<span class=\"elementor-toggle-icon-opened\"><i class=\"elementor-toggle-icon-opened fas fa-caret-up\"><\/i><\/span>\n\t\t\t\t\t\t\t\t\t\t\t\t\t<\/span>\n\t\t\t\t\t\t\t\t\t\t\t\t<a class=\"elementor-toggle-title\" tabindex=\"0\">05<\/a>\n\t\t\t\t\t<\/div>\n\n\t\t\t\t\t<div id=\"elementor-tab-content-9335\" class=\"elementor-tab-content elementor-clearfix\" data-tab=\"5\" role=\"region\" aria-labelledby=\"elementor-tab-title-9335\"><p>No es preciso el secado de los extractos. Antes del an\u00e1lisis siguiente solo es necesario concentrar o bien cambiar el disolvente.<\/p><\/div>\n\t\t\t\t<\/div>\n\t\t\t\t\t\t\t<div class=\"elementor-toggle-item\">\n\t\t\t\t\t<div id=\"elementor-tab-title-9336\" class=\"elementor-tab-title\" data-tab=\"6\" role=\"button\" aria-controls=\"elementor-tab-content-9336\" aria-expanded=\"false\">\n\t\t\t\t\t\t\t\t\t\t\t\t<span class=\"elementor-toggle-icon elementor-toggle-icon-left\" aria-hidden=\"true\">\n\t\t\t\t\t\t\t\t\t\t\t\t\t\t\t<span class=\"elementor-toggle-icon-closed\"><i class=\"fas fa-caret-right\"><\/i><\/span>\n\t\t\t\t\t\t\t\t<span class=\"elementor-toggle-icon-opened\"><i class=\"elementor-toggle-icon-opened fas fa-caret-up\"><\/i><\/span>\n\t\t\t\t\t\t\t\t\t\t\t\t\t<\/span>\n\t\t\t\t\t\t\t\t\t\t\t\t<a class=\"elementor-toggle-title\" tabindex=\"0\">06<\/a>\n\t\t\t\t\t<\/div>\n\n\t\t\t\t\t<div id=\"elementor-tab-content-9336\" class=\"elementor-tab-content elementor-clearfix\" data-tab=\"6\" role=\"region\" aria-labelledby=\"elementor-tab-title-9336\"><p>Disponemos de opciones autom\u00e1ticas inteligentes para columnas y placas de 96 posiciones.<\/p><\/div>\n\t\t\t\t<\/div>\n\t\t\t\t\t\t\t\t<\/div>\n\t\t\t\t<\/div>\n\t\t\t\t<\/div>\n\t\t\t\t<div class=\"elementor-element elementor-element-fc9480c elementor-widget elementor-widget-spacer\" data-id=\"fc9480c\" data-element_type=\"widget\" data-widget_type=\"spacer.default\">\n\t\t\t\t<div class=\"elementor-widget-container\">\n\t\t\t\t\t<div class=\"elementor-spacer\">\n\t\t\t<div class=\"elementor-spacer-inner\"><\/div>\n\t\t<\/div>\n\t\t\t\t<\/div>\n\t\t\t\t<\/div>\n\t\t\t\t<div class=\"elementor-element elementor-element-60d81de elementor-widget elementor-widget-aux_modern_heading\" data-id=\"60d81de\" data-element_type=\"widget\" data-widget_type=\"aux_modern_heading.default\">\n\t\t\t\t<div class=\"elementor-widget-container\">\n\t\t\t<section class=\"aux-widget-modern-heading\">\n            <div class=\"aux-widget-inner\"><h2 class=\"aux-modern-heading-primary\">El Principio<\/h2><h3 class=\"aux-modern-heading-secondary\"><span class=\"aux-head-highlight\">de Extracci\u00f3n<\/span><\/h3><div class=\"aux-modern-heading-divider\"><\/div><\/div>\n        <\/section>\t\t<\/div>\n\t\t\t\t<\/div>\n\t\t\t\t<div class=\"elementor-element elementor-element-5fde1c3 elementor-widget elementor-widget-aux_tabs\" data-id=\"5fde1c3\" data-element_type=\"widget\" data-widget_type=\"aux_tabs.default\">\n\t\t\t\t<div class=\"elementor-widget-container\">\n\t\t\t<section class=\"widget-container aux-widget-tabs aux-parent-au670a6878\"><div class=\"widget-tabs widget-container bordered\"><div class=\"widget-inner aux-horizontal\"> <ul class=\"tabs\"><li><a id=\"aux-tab-1001\" href=\"#\" role=\"tab\">El principio<\/a><\/li><li><a id=\"aux-tab-1002\" href=\"#\" role=\"tab\">M\u00e9todo<\/a><\/li><li><a id=\"aux-tab-1003\" href=\"#\" role=\"tab\">Ventaja<\/a><\/li><li><a id=\"aux-tab-1004\" href=\"#\" role=\"tab\">Volumen y selectividad de disolvente<\/a><\/li><li><a id=\"aux-tab-1005\" href=\"#\" role=\"tab\">Selectividad<\/a><\/li><\/ul><ul class=\"tabs-content\"><li><div id=\"aux-tab-content-1001\" class=\"entry-editor\" role=\"tabpanel\" aria-labelledby=\"aux-tab-1001\"><p><p>El\u00a0<strong>principio<\/strong>\u00a0de la extracci\u00f3n de l\u00edquidos (SLE) con soporte s\u00f3lido es an\u00e1logo al principio tradicional de extracci\u00f3n l\u00edquido-l\u00edquido (LLE). Se utilizan los mismos disolventes y mezclas de disolventes. Alcanza una \u00fanica extracci\u00f3n en el cartucho para obtener comparaciones comparables con el LLE. En este se inmoviliza con un film delgado y parejo una soluci\u00f3n de la muestra en tierra de diatomeas inerte y de poros grandes. Luego de un tiempo de espera de 5-10 minutos, que sirve para alcanzar un equilibrio, el eluyente org\u00e1nico fluye por los poros del material de soporte y extrae los analitos en la fase org\u00e1nica. Cuanto mejor se disuelve el analito en el disolvente org\u00e1nico y peor en agua, tanto m\u00e1s alta es la cuota de rendimiento de la extracci\u00f3n.<\/p><\/p><\/div><\/li><li><div id=\"aux-tab-content-1002\" class=\"entry-editor\" role=\"tabpanel\" aria-labelledby=\"aux-tab-1002\"><p><p>La preparaci\u00f3n de la muestra con cartuchos BEKOlut<sup>\u00ae<\/sup>\u00a0SLE y placas de 96 posiciones resulta b\u00e1sicamente a presi\u00f3n hidrost\u00e1tica (fuerza de gravedad), a lo cual puede ser \u00fatil darle un impulso de inicio con vac\u00edo o presi\u00f3n manom\u00e9trica, para distribuir la muestra de forma uniforme en el\/la cartucho\/placa seco\/-a o para recuperar el m\u00e1ximo de disolvente despu\u00e9s de la eluci\u00f3n. All\u00ed se logra una buena aplicaci\u00f3n con sistemas de presi\u00f3n o de vac\u00edo tanto manuales como automatizados.<\/p><\/p><\/div><\/li><li><div id=\"aux-tab-content-1003\" class=\"entry-editor\" role=\"tabpanel\" aria-labelledby=\"aux-tab-1003\"><p><p>Otra ventaja para la bioanal\u00edtica: Extractos libres de prote\u00ednas y fosfol\u00edpidos. En los disolventes de extracci\u00f3n m\u00e1s bien lip\u00f3filos utilizados en LLE y SLE, las prote\u00ednas, fosfol\u00edpidos y sales son poco hasta no solubles y por esto son exclu\u00eddos en gran parte del extracto. Esto significa que los extractos resultantes est\u00e1n libres de prote\u00ednas y fosfol\u00edpidos que interfieren.<\/p><\/p><\/div><\/li><li><div id=\"aux-tab-content-1004\" class=\"entry-editor\" role=\"tabpanel\" aria-labelledby=\"aux-tab-1004\"><p><p>Contrariamente a SPE, en la que en general solo se le agrega a la columna SPE acondicionado una al\u00edcuota de la muestra, se agrega en la SLE todo el volumen de la muestra al lecho del cartucho seco. Por esto es imprescindible utilizar un cartucho de suficiente capacidad de volumen. Luego de equilibrar (aprox. 5-10 min) es conveniente, especialmente, para la aplicaci\u00f3n de eluyentes que contienen alcohol, tener unos mil\u00edmetros de reserva en el fondo del cartucho para que la soluci\u00f3n acuosa de la muestra no forme canales con la eluci\u00f3n.<\/p><\/p><\/div><\/li><li><div id=\"aux-tab-content-1005\" class=\"entry-editor\" role=\"tabpanel\" aria-labelledby=\"aux-tab-1005\"><p><p>La\u00a0<strong>selectividad<\/strong>\u00a0de la extracci\u00f3n se define por la solubilidad del analito en la fase org\u00e1nica. Disolventes t\u00edpicos son: di etil \u00e9ter, metil ter-butil \u00e9ter, etanoato de etilo, n-hexano, ciclohexano, tolueno, cloruro de metileno, tricloruro de metilo.<\/p><\/p><\/div><\/li><\/ul><\/div><\/div><\/section><!-- widget-container -->\t\t<\/div>\n\t\t\t\t<\/div>\n\t\t\t\t\t<\/div>\n\t\t<\/div>\n\t\t\t\t<div class=\"aux-parallax-section elementor-column elementor-col-50 elementor-top-column elementor-element elementor-element-1e94d932\" data-id=\"1e94d932\" data-element_type=\"column\">\n\t\t\t<div class=\"elementor-widget-wrap elementor-element-populated\">\n\t\t\t\t\t\t\t\t<div class=\"elementor-element elementor-element-652b1c0a elementor-align-center elementor-widget elementor-widget-button\" data-id=\"652b1c0a\" data-element_type=\"widget\" data-widget_type=\"button.default\">\n\t\t\t\t<div class=\"elementor-widget-container\">\n\t\t\t\t\t<div class=\"elementor-button-wrapper\">\n\t\t\t<a class=\"elementor-button elementor-size-sm\" role=\"button\">\n\t\t\t\t\t\t<span class=\"elementor-button-content-wrapper\">\n\t\t\t\t\t\t<span class=\"elementor-button-text\">Pida su oferta sobre este producto<\/span>\n\t\t<\/span>\n\t\t\t\t\t<\/a>\n\t\t<\/div>\n\t\t\t\t<\/div>\n\t\t\t\t<\/div>\n\t\t\t\t<div class=\"elementor-element elementor-element-53bff6a3 elementor-widget elementor-widget-image\" data-id=\"53bff6a3\" data-element_type=\"widget\" data-widget_type=\"image.default\">\n\t\t\t\t<div class=\"elementor-widget-container\">\n\t\t\t\t\t\t\t\t\t\t\t\t\t\t\t<img decoding=\"async\" width=\"1024\" height=\"768\" src=\"https:\/\/www.testqual.com\/productos\/wp-content\/uploads\/2022\/11\/SLE_DSC05054_BG-1.jpg\" class=\"attachment-large size-large wp-image-358\" alt=\"\" loading=\"lazy\" srcset=\"https:\/\/www.testqual.com\/productos\/wp-content\/uploads\/2022\/11\/SLE_DSC05054_BG-1.jpg 1024w, https:\/\/www.testqual.com\/productos\/wp-content\/uploads\/2022\/11\/SLE_DSC05054_BG-1-200x150.jpg 200w\" sizes=\"(max-width: 1024px) 100vw, 1024px\" \/>\t\t\t\t\t\t\t\t\t\t\t\t\t\t\t<\/div>\n\t\t\t\t<\/div>\n\t\t\t\t<div class=\"elementor-element elementor-element-22697c7 elementor-widget elementor-widget-image\" data-id=\"22697c7\" data-element_type=\"widget\" data-widget_type=\"image.default\">\n\t\t\t\t<div class=\"elementor-widget-container\">\n\t\t\t\t\t\t\t\t\t\t\t\t\t\t\t<img decoding=\"async\" width=\"699\" height=\"917\" src=\"https:\/\/www.testqual.com\/productos\/wp-content\/uploads\/2022\/11\/graph-SLE_D.png\" class=\"attachment-large size-large wp-image-359\" alt=\"\" loading=\"lazy\" srcset=\"https:\/\/www.testqual.com\/productos\/wp-content\/uploads\/2022\/11\/graph-SLE_D.png 699w, https:\/\/www.testqual.com\/productos\/wp-content\/uploads\/2022\/11\/graph-SLE_D-200x262.png 200w\" sizes=\"(max-width: 699px) 100vw, 699px\" \/>\t\t\t\t\t\t\t\t\t\t\t\t\t\t\t<\/div>\n\t\t\t\t<\/div>\n\t\t\t\t<div class=\"elementor-element elementor-element-a9411a9 elementor-widget elementor-widget-image\" data-id=\"a9411a9\" data-element_type=\"widget\" data-widget_type=\"image.default\">\n\t\t\t\t<div class=\"elementor-widget-container\">\n\t\t\t\t\t\t\t\t\t\t\t\t\t\t\t<img decoding=\"async\" width=\"875\" height=\"520\" src=\"https:\/\/www.testqual.com\/productos\/wp-content\/uploads\/2022\/11\/Captura-de-pantalla-2022-11-15-141306.png\" class=\"attachment-large size-large wp-image-360\" alt=\"\" loading=\"lazy\" srcset=\"https:\/\/www.testqual.com\/productos\/wp-content\/uploads\/2022\/11\/Captura-de-pantalla-2022-11-15-141306.png 875w, https:\/\/www.testqual.com\/productos\/wp-content\/uploads\/2022\/11\/Captura-de-pantalla-2022-11-15-141306-200x119.png 200w\" sizes=\"(max-width: 875px) 100vw, 875px\" \/>\t\t\t\t\t\t\t\t\t\t\t\t\t\t\t<\/div>\n\t\t\t\t<\/div>\n\t\t\t\t\t<\/div>\n\t\t<\/div>\n\t\t\t\t\t\t\t<\/div>\n\t\t<\/section>\n\t\t\t\t\t\t\t<\/div>\n\t\t","protected":false},"excerpt":{"rendered":"<p>BEKOlut SLE XTRACCI\u00d3N DE L\u00cdQUIDOS CON SOPORTE Preparaci\u00f3n de muestra &#8211; en un paso Extracci\u00f3n de l\u00edquidos con soporte Nuestras columnas y placas SLE de 96 posiciones fueron desarrolladas especialmente para la extracci\u00f3n simple y eficiente de anal\u00edticos de los flu\u00eddos corporales como sangre, suero, orina y jugos g\u00e1stricos. Para la extracci\u00f3n de un vol\u00famen [&hellip;]<\/p>\n","protected":false},"author":1,"featured_media":0,"parent":0,"menu_order":0,"comment_status":"closed","ping_status":"closed","template":"","meta":[],"_links":{"self":[{"href":"https:\/\/www.testqual.com\/productos\/index.php\/wp-json\/wp\/v2\/pages\/356"}],"collection":[{"href":"https:\/\/www.testqual.com\/productos\/index.php\/wp-json\/wp\/v2\/pages"}],"about":[{"href":"https:\/\/www.testqual.com\/productos\/index.php\/wp-json\/wp\/v2\/types\/page"}],"author":[{"embeddable":true,"href":"https:\/\/www.testqual.com\/productos\/index.php\/wp-json\/wp\/v2\/users\/1"}],"replies":[{"embeddable":true,"href":"https:\/\/www.testqual.com\/productos\/index.php\/wp-json\/wp\/v2\/comments?post=356"}],"version-history":[{"count":7,"href":"https:\/\/www.testqual.com\/productos\/index.php\/wp-json\/wp\/v2\/pages\/356\/revisions"}],"predecessor-version":[{"id":370,"href":"https:\/\/www.testqual.com\/productos\/index.php\/wp-json\/wp\/v2\/pages\/356\/revisions\/370"}],"wp:attachment":[{"href":"https:\/\/www.testqual.com\/productos\/index.php\/wp-json\/wp\/v2\/media?parent=356"}],"curies":[{"name":"wp","href":"https:\/\/api.w.org\/{rel}","templated":true}]}}