{"id":372,"date":"2022-11-16T09:44:08","date_gmt":"2022-11-16T08:44:08","guid":{"rendered":"https:\/\/www.testqual.com\/productos\/?page_id=372"},"modified":"2022-11-17T08:08:21","modified_gmt":"2022-11-17T07:08:21","slug":"columnas-flash-bekolut","status":"publish","type":"page","link":"https:\/\/www.testqual.com\/productos\/index.php\/columnas-flash-bekolut\/","title":{"rendered":"Columnas Flash BEKOlut"},"content":{"rendered":"\t\t<div data-elementor-type=\"wp-page\" data-elementor-id=\"372\" class=\"elementor elementor-372\">\n\t\t\t\t\t\t\t\t\t<section class=\"elementor-section elementor-top-section elementor-element elementor-element-7303144 elementor-section-boxed elementor-section-height-default elementor-section-height-default\" data-id=\"7303144\" data-element_type=\"section\">\n\t\t\t\t\t\t<div class=\"elementor-container elementor-column-gap-default\">\n\t\t\t\t\t<div class=\"aux-parallax-section elementor-column elementor-col-100 elementor-top-column elementor-element elementor-element-92050ee\" data-id=\"92050ee\" data-element_type=\"column\">\n\t\t\t<div class=\"elementor-widget-wrap elementor-element-populated\">\n\t\t\t\t\t\t\t\t<div class=\"elementor-element elementor-element-42d68e1 elementor-widget elementor-widget-spacer\" data-id=\"42d68e1\" data-element_type=\"widget\" data-widget_type=\"spacer.default\">\n\t\t\t\t<div class=\"elementor-widget-container\">\n\t\t\t\t\t<div class=\"elementor-spacer\">\n\t\t\t<div class=\"elementor-spacer-inner\"><\/div>\n\t\t<\/div>\n\t\t\t\t<\/div>\n\t\t\t\t<\/div>\n\t\t\t\t\t<\/div>\n\t\t<\/div>\n\t\t\t\t\t\t\t<\/div>\n\t\t<\/section>\n\t\t\t\t<section class=\"elementor-section elementor-top-section elementor-element elementor-element-2244d61f elementor-section-boxed elementor-section-height-default elementor-section-height-default\" data-id=\"2244d61f\" data-element_type=\"section\">\n\t\t\t\t\t\t<div class=\"elementor-container elementor-column-gap-default\">\n\t\t\t\t\t<div class=\"aux-parallax-section elementor-column elementor-col-66 elementor-top-column elementor-element elementor-element-6a285fb\" data-id=\"6a285fb\" data-element_type=\"column\">\n\t\t\t<div class=\"elementor-widget-wrap elementor-element-populated\">\n\t\t\t\t\t\t\t\t<div class=\"elementor-element elementor-element-436da6b6 elementor-widget elementor-widget-aux_modern_heading\" data-id=\"436da6b6\" data-element_type=\"widget\" data-widget_type=\"aux_modern_heading.default\">\n\t\t\t\t<div class=\"elementor-widget-container\">\n\t\t\t<section class=\"aux-widget-modern-heading\">\n            <div class=\"aux-widget-inner\"><h2 class=\"aux-modern-heading-primary\">Columnas Flash<\/h2><h3 class=\"aux-modern-heading-secondary\"><span class=\"aux-head-highlight\">BEKOlut<\/span><\/h3><div class=\"aux-modern-heading-divider\"><\/div><\/div>\n        <\/section>\t\t<\/div>\n\t\t\t\t<\/div>\n\t\t\t\t<div class=\"elementor-element elementor-element-6041e386 elementor-widget elementor-widget-text-editor\" data-id=\"6041e386\" data-element_type=\"widget\" data-widget_type=\"text-editor.default\">\n\t\t\t\t<div class=\"elementor-widget-container\">\n\t\t\t\t\t\t\t<p>La cromatograf\u00eda Flash es un m\u00e9todo de separaci\u00f3n frecuente para el aislamiento preparativo de analitos en el laboratorio de qu\u00edmica org\u00e1nica. Se puede realizar manualmente con poco despliegue de aparatos o de forma automatizada. Para la separaci\u00f3n en modo normal o en fase reversa se prestan materiales portantes irregulares con granulaci\u00f3n adecuada o adsorbentes esf\u00e9ricos m\u00e1s eficientes de tama\u00f1o de part\u00edcula dentro de 30 \u00b5m.<\/p><p>BEKOlut<sup>\u00ae<\/sup> ofrece un amplio programa de suminsitro de columnas flash para los diferentes sistemas. Como por ejemplo:\u00a0<\/p><ul><li>ISCO Companion<sup>\u00ae<\/sup>\u00a0y otros sistemas Teledyne ISCO CombiFlash<sup>\u00ae<\/sup><\/li><li>Biotage<sup>\u00ae<\/sup>\u00a0Isolera\u2122, Biotage<sup>\u00ae<\/sup>\u00a0FlashMaster\u2122, B\u00fcchi<\/li><li>Yamazen Smart Flash, Interchim<sup>\u00ae<\/sup>\u00a0sistemas puriFlash<sup>\u00ae<\/sup><\/li><\/ul>\t\t\t\t\t\t<\/div>\n\t\t\t\t<\/div>\n\t\t\t\t<div class=\"elementor-element elementor-element-17dd7872 elementor-widget elementor-widget-spacer\" data-id=\"17dd7872\" data-element_type=\"widget\" data-widget_type=\"spacer.default\">\n\t\t\t\t<div class=\"elementor-widget-container\">\n\t\t\t\t\t<div class=\"elementor-spacer\">\n\t\t\t<div class=\"elementor-spacer-inner\"><\/div>\n\t\t<\/div>\n\t\t\t\t<\/div>\n\t\t\t\t<\/div>\n\t\t\t\t<div class=\"elementor-element elementor-element-7931a38c elementor-widget elementor-widget-aux_modern_heading\" data-id=\"7931a38c\" data-element_type=\"widget\" data-widget_type=\"aux_modern_heading.default\">\n\t\t\t\t<div class=\"elementor-widget-container\">\n\t\t\t<section class=\"aux-widget-modern-heading\">\n            <div class=\"aux-widget-inner\"><h2 class=\"aux-modern-heading-primary\">Sus Beneficios<\/h2><h3 class=\"aux-modern-heading-secondary\"><span class=\"aux-head-highlight\">de las Columnas BEKOlut<\/span><\/h3><div class=\"aux-modern-heading-divider\"><\/div><\/div>\n        <\/section>\t\t<\/div>\n\t\t\t\t<\/div>\n\t\t\t\t<div class=\"elementor-element elementor-element-71d7835e elementor-widget elementor-widget-toggle\" data-id=\"71d7835e\" data-element_type=\"widget\" data-widget_type=\"toggle.default\">\n\t\t\t\t<div class=\"elementor-widget-container\">\n\t\t\t\t\t<div class=\"elementor-toggle\">\n\t\t\t\t\t\t\t<div class=\"elementor-toggle-item\">\n\t\t\t\t\t<div id=\"elementor-tab-title-1901\" class=\"elementor-tab-title\" data-tab=\"1\" role=\"button\" aria-controls=\"elementor-tab-content-1901\" aria-expanded=\"false\">\n\t\t\t\t\t\t\t\t\t\t\t\t<span class=\"elementor-toggle-icon elementor-toggle-icon-left\" aria-hidden=\"true\">\n\t\t\t\t\t\t\t\t\t\t\t\t\t\t\t<span class=\"elementor-toggle-icon-closed\"><i class=\"fas fa-caret-right\"><\/i><\/span>\n\t\t\t\t\t\t\t\t<span class=\"elementor-toggle-icon-opened\"><i class=\"elementor-toggle-icon-opened fas fa-caret-up\"><\/i><\/span>\n\t\t\t\t\t\t\t\t\t\t\t\t\t<\/span>\n\t\t\t\t\t\t\t\t\t\t\t\t<a class=\"elementor-toggle-title\" tabindex=\"0\">01<\/a>\n\t\t\t\t\t<\/div>\n\n\t\t\t\t\t<div id=\"elementor-tab-content-1901\" class=\"elementor-tab-content elementor-clearfix\" data-tab=\"1\" role=\"region\" aria-labelledby=\"elementor-tab-title-1901\"><p>La carcasa de los cartuchos consta de probado propileno y resiste a presiones de hasta 24 bar (350 psi)<\/p><\/div>\n\t\t\t\t<\/div>\n\t\t\t\t\t\t\t<div class=\"elementor-toggle-item\">\n\t\t\t\t\t<div id=\"elementor-tab-title-1902\" class=\"elementor-tab-title\" data-tab=\"2\" role=\"button\" aria-controls=\"elementor-tab-content-1902\" aria-expanded=\"false\">\n\t\t\t\t\t\t\t\t\t\t\t\t<span class=\"elementor-toggle-icon elementor-toggle-icon-left\" aria-hidden=\"true\">\n\t\t\t\t\t\t\t\t\t\t\t\t\t\t\t<span class=\"elementor-toggle-icon-closed\"><i class=\"fas fa-caret-right\"><\/i><\/span>\n\t\t\t\t\t\t\t\t<span class=\"elementor-toggle-icon-opened\"><i class=\"elementor-toggle-icon-opened fas fa-caret-up\"><\/i><\/span>\n\t\t\t\t\t\t\t\t\t\t\t\t\t<\/span>\n\t\t\t\t\t\t\t\t\t\t\t\t<a class=\"elementor-toggle-title\" tabindex=\"0\">02<\/a>\n\t\t\t\t\t<\/div>\n\n\t\t\t\t\t<div id=\"elementor-tab-content-1902\" class=\"elementor-tab-content elementor-clearfix\" data-tab=\"2\" role=\"region\" aria-labelledby=\"elementor-tab-title-1902\"><p>Disponibles en diferentes tama\u00f1os de cartuchos para el ajuste de miligramos a gramos<\/p><\/div>\n\t\t\t\t<\/div>\n\t\t\t\t\t\t\t<div class=\"elementor-toggle-item\">\n\t\t\t\t\t<div id=\"elementor-tab-title-1903\" class=\"elementor-tab-title\" data-tab=\"3\" role=\"button\" aria-controls=\"elementor-tab-content-1903\" aria-expanded=\"false\">\n\t\t\t\t\t\t\t\t\t\t\t\t<span class=\"elementor-toggle-icon elementor-toggle-icon-left\" aria-hidden=\"true\">\n\t\t\t\t\t\t\t\t\t\t\t\t\t\t\t<span class=\"elementor-toggle-icon-closed\"><i class=\"fas fa-caret-right\"><\/i><\/span>\n\t\t\t\t\t\t\t\t<span class=\"elementor-toggle-icon-opened\"><i class=\"elementor-toggle-icon-opened fas fa-caret-up\"><\/i><\/span>\n\t\t\t\t\t\t\t\t\t\t\t\t\t<\/span>\n\t\t\t\t\t\t\t\t\t\t\t\t<a class=\"elementor-toggle-title\" tabindex=\"0\">03<\/a>\n\t\t\t\t\t<\/div>\n\n\t\t\t\t\t<div id=\"elementor-tab-content-1903\" class=\"elementor-tab-content elementor-clearfix\" data-tab=\"3\" role=\"region\" aria-labelledby=\"elementor-tab-title-1903\"><p>Disponemos de amplio surtido de diferentes fases normales y reversas<\/p><\/div>\n\t\t\t\t<\/div>\n\t\t\t\t\t\t\t<div class=\"elementor-toggle-item\">\n\t\t\t\t\t<div id=\"elementor-tab-title-1904\" class=\"elementor-tab-title\" data-tab=\"4\" role=\"button\" aria-controls=\"elementor-tab-content-1904\" aria-expanded=\"false\">\n\t\t\t\t\t\t\t\t\t\t\t\t<span class=\"elementor-toggle-icon elementor-toggle-icon-left\" aria-hidden=\"true\">\n\t\t\t\t\t\t\t\t\t\t\t\t\t\t\t<span class=\"elementor-toggle-icon-closed\"><i class=\"fas fa-caret-right\"><\/i><\/span>\n\t\t\t\t\t\t\t\t<span class=\"elementor-toggle-icon-opened\"><i class=\"elementor-toggle-icon-opened fas fa-caret-up\"><\/i><\/span>\n\t\t\t\t\t\t\t\t\t\t\t\t\t<\/span>\n\t\t\t\t\t\t\t\t\t\t\t\t<a class=\"elementor-toggle-title\" tabindex=\"0\">04<\/a>\n\t\t\t\t\t<\/div>\n\n\t\t\t\t\t<div id=\"elementor-tab-content-1904\" class=\"elementor-tab-content elementor-clearfix\" data-tab=\"4\" role=\"region\" aria-labelledby=\"elementor-tab-title-1904\"><p>Adsorbentes esf\u00e9ricos eficientes para separaciones r\u00e1pidas capacidad de carga alta<\/p><\/div>\n\t\t\t\t<\/div>\n\t\t\t\t\t\t\t\t<\/div>\n\t\t\t\t<\/div>\n\t\t\t\t<\/div>\n\t\t\t\t<div class=\"elementor-element elementor-element-2b44ae1 elementor-widget elementor-widget-text-editor\" data-id=\"2b44ae1\" data-element_type=\"widget\" data-widget_type=\"text-editor.default\">\n\t\t\t\t<div class=\"elementor-widget-container\">\n\t\t\t\t\t\t\t<p>A elecci\u00f3n encuentra adsorbentes irregulares o esf\u00e9ricos: gel de s\u00edlice BEKOlut<sup>\u00ae<\/sup>\u00a040-60 \u03bcm, gel de s\u00edlice BEKOlut\u00ae 30 \u03bcm as\u00ed como fases reversas esf\u00e9ricas BEKOlut\u00ae C18e 50 \u03bcm y BEKOlut\u00ae C18e 30 \u00b5m. Disponemos de otros adsorbentes a pedido.<br \/>Tipo de cartucho tasa de flujo de fluidos (ml\/min) presi\u00f3n max. (bar\/psi)<\/p>\t\t\t\t\t\t<\/div>\n\t\t\t\t<\/div>\n\t\t\t\t<div class=\"elementor-element elementor-element-1531c44 elementor-widget elementor-widget-image\" data-id=\"1531c44\" data-element_type=\"widget\" data-widget_type=\"image.default\">\n\t\t\t\t<div class=\"elementor-widget-container\">\n\t\t\t\t\t\t\t\t\t\t\t\t\t\t\t<img decoding=\"async\" width=\"1024\" height=\"365\" src=\"https:\/\/www.testqual.com\/productos\/wp-content\/uploads\/2022\/11\/Captura-de-pantalla-2022-11-16-092115-1024x365.png\" class=\"attachment-large size-large wp-image-374\" alt=\"\" loading=\"lazy\" \/>\t\t\t\t\t\t\t\t\t\t\t\t\t\t\t<\/div>\n\t\t\t\t<\/div>\n\t\t\t\t<div class=\"elementor-element elementor-element-2485cda9 elementor-widget elementor-widget-aux_modern_heading\" data-id=\"2485cda9\" data-element_type=\"widget\" data-widget_type=\"aux_modern_heading.default\">\n\t\t\t\t<div class=\"elementor-widget-container\">\n\t\t\t<section class=\"aux-widget-modern-heading\">\n            <div class=\"aux-widget-inner\"><h2 class=\"aux-modern-heading-primary\">Cartuchos Flash de Gel<\/h2><h3 class=\"aux-modern-heading-secondary\"><span class=\"aux-head-highlight\">de s\u00edlice BEKOlut<\/span><\/h3><div class=\"aux-modern-heading-divider\"><\/div><\/div>\n        <\/section>\t\t<\/div>\n\t\t\t\t<\/div>\n\t\t\t\t<div class=\"elementor-element elementor-element-5f4f91d elementor-widget elementor-widget-text-editor\" data-id=\"5f4f91d\" data-element_type=\"widget\" data-widget_type=\"text-editor.default\">\n\t\t\t\t<div class=\"elementor-widget-container\">\n\t\t\t\t\t\t\t<p>Las separaciones de fase normal de compuestos org\u00e1nicos en enfoques de s\u00edntesis forman la mayor aplicaci\u00f3n. El gel de s\u00edlice Flash BEKOlut se encuentra disponible en dos tama\u00f1os de granulados. El adsorbente de 30 \u00b5m demuestra una distribuci\u00f3n de tama\u00f1o de part\u00edculas densa y gran pureza en cuanto a huellas de iones met\u00e1licos. La parte fina es m\u00ednima, por lo que se logra una velocidad de fluido constante y alta. La resoluci\u00f3n y la forma de los picos son realmente buenos- esto sumado a una relaci\u00f3n excelente de precio eficiencia.<\/p>\t\t\t\t\t\t<\/div>\n\t\t\t\t<\/div>\n\t\t\t\t\t<\/div>\n\t\t<\/div>\n\t\t\t\t<div class=\"aux-parallax-section elementor-column elementor-col-33 elementor-top-column elementor-element elementor-element-32dc2958\" data-id=\"32dc2958\" data-element_type=\"column\">\n\t\t\t<div class=\"elementor-widget-wrap elementor-element-populated\">\n\t\t\t\t\t\t\t\t<div class=\"elementor-element elementor-element-62a708b5 elementor-align-center elementor-widget elementor-widget-button\" data-id=\"62a708b5\" data-element_type=\"widget\" data-widget_type=\"button.default\">\n\t\t\t\t<div class=\"elementor-widget-container\">\n\t\t\t\t\t<div class=\"elementor-button-wrapper\">\n\t\t\t<a class=\"elementor-button elementor-size-sm\" role=\"button\">\n\t\t\t\t\t\t<span class=\"elementor-button-content-wrapper\">\n\t\t\t\t\t\t<span class=\"elementor-button-text\">Pida su oferta sobre este producto<\/span>\n\t\t<\/span>\n\t\t\t\t\t<\/a>\n\t\t<\/div>\n\t\t\t\t<\/div>\n\t\t\t\t<\/div>\n\t\t\t\t<div class=\"elementor-element elementor-element-6eb88b5 elementor-widget elementor-widget-spacer\" data-id=\"6eb88b5\" data-element_type=\"widget\" data-widget_type=\"spacer.default\">\n\t\t\t\t<div class=\"elementor-widget-container\">\n\t\t\t\t\t<div class=\"elementor-spacer\">\n\t\t\t<div class=\"elementor-spacer-inner\"><\/div>\n\t\t<\/div>\n\t\t\t\t<\/div>\n\t\t\t\t<\/div>\n\t\t\t\t\t<\/div>\n\t\t<\/div>\n\t\t\t\t\t\t\t<\/div>\n\t\t<\/section>\n\t\t\t\t<section class=\"elementor-section elementor-top-section elementor-element elementor-element-833f34b elementor-section-boxed elementor-section-height-default elementor-section-height-default\" data-id=\"833f34b\" data-element_type=\"section\">\n\t\t\t\t\t\t<div class=\"elementor-container elementor-column-gap-default\">\n\t\t\t\t\t<div class=\"aux-parallax-section elementor-column elementor-col-50 elementor-top-column elementor-element elementor-element-5e85f7b\" data-id=\"5e85f7b\" data-element_type=\"column\">\n\t\t\t<div class=\"elementor-widget-wrap elementor-element-populated\">\n\t\t\t\t\t\t\t\t<div class=\"elementor-element elementor-element-bf8b9bf elementor-widget elementor-widget-text-editor\" data-id=\"bf8b9bf\" data-element_type=\"widget\" data-widget_type=\"text-editor.default\">\n\t\t\t\t<div class=\"elementor-widget-container\">\n\t\t\t\t\t\t\t<p><b>Especificaci\u00f3n de fase: <\/b>gel de s\u00edlice irregular<\/p><p><strong>Tama\u00f1o de part\u00edculas:<\/strong> 40 &#8211; 60 um<\/p><p><strong>Superficie espec\u00edfica:<\/strong> 500 m2\/g<\/p><p><strong>Tama\u00f1o de poros:<\/strong> 60 Angstrom<\/p><p><strong>pH de la superficie:<\/strong> 6 &#8211; 8<\/p>\t\t\t\t\t\t<\/div>\n\t\t\t\t<\/div>\n\t\t\t\t<div class=\"elementor-element elementor-element-59980ad elementor-widget elementor-widget-text-editor\" data-id=\"59980ad\" data-element_type=\"widget\" data-widget_type=\"text-editor.default\">\n\t\t\t\t<div class=\"elementor-widget-container\">\n\t\t\t\t\t\t\t<p>\u00a0<\/p><p><b>Especificaci\u00f3n de fase: <\/b>gel de s\u00edlice esf\u00e9rico<\/p><p><strong>Tama\u00f1o de part\u00edculas:<\/strong> 30 um<\/p><p><strong>Superficie espec\u00edfica:<\/strong> 320 m2\/g<\/p><p><strong>Tama\u00f1o de poros:<\/strong> 100 Angstrom<\/p><p><strong>pH de la superficie:<\/strong> 6 &#8211; 8<\/p>\t\t\t\t\t\t<\/div>\n\t\t\t\t<\/div>\n\t\t\t\t\t<\/div>\n\t\t<\/div>\n\t\t\t\t<div class=\"aux-parallax-section elementor-column elementor-col-50 elementor-top-column elementor-element elementor-element-bd5aeeb\" data-id=\"bd5aeeb\" data-element_type=\"column\">\n\t\t\t<div class=\"elementor-widget-wrap elementor-element-populated\">\n\t\t\t\t\t\t\t\t<div class=\"elementor-element elementor-element-6ed8cee elementor-widget elementor-widget-image\" data-id=\"6ed8cee\" data-element_type=\"widget\" data-widget_type=\"image.default\">\n\t\t\t\t<div class=\"elementor-widget-container\">\n\t\t\t\t\t\t\t\t\t\t\t\t\t\t\t<img decoding=\"async\" width=\"802\" height=\"249\" src=\"https:\/\/www.testqual.com\/productos\/wp-content\/uploads\/2022\/11\/Captura-de-pantalla-2022-11-16-093027.png\" class=\"attachment-large size-large wp-image-378\" alt=\"\" loading=\"lazy\" srcset=\"https:\/\/www.testqual.com\/productos\/wp-content\/uploads\/2022\/11\/Captura-de-pantalla-2022-11-16-093027.png 802w, https:\/\/www.testqual.com\/productos\/wp-content\/uploads\/2022\/11\/Captura-de-pantalla-2022-11-16-093027-200x62.png 200w\" sizes=\"(max-width: 802px) 100vw, 802px\" \/>\t\t\t\t\t\t\t\t\t\t\t\t\t\t\t<\/div>\n\t\t\t\t<\/div>\n\t\t\t\t<div class=\"elementor-element elementor-element-86a12e2 elementor-widget elementor-widget-image\" data-id=\"86a12e2\" data-element_type=\"widget\" data-widget_type=\"image.default\">\n\t\t\t\t<div class=\"elementor-widget-container\">\n\t\t\t\t\t\t\t\t\t\t\t\t\t\t\t<img decoding=\"async\" width=\"825\" height=\"256\" src=\"https:\/\/www.testqual.com\/productos\/wp-content\/uploads\/2022\/11\/flash_2.png\" class=\"attachment-large size-large wp-image-379\" alt=\"\" loading=\"lazy\" srcset=\"https:\/\/www.testqual.com\/productos\/wp-content\/uploads\/2022\/11\/flash_2.png 825w, https:\/\/www.testqual.com\/productos\/wp-content\/uploads\/2022\/11\/flash_2-200x62.png 200w\" sizes=\"(max-width: 825px) 100vw, 825px\" \/>\t\t\t\t\t\t\t\t\t\t\t\t\t\t\t<\/div>\n\t\t\t\t<\/div>\n\t\t\t\t\t<\/div>\n\t\t<\/div>\n\t\t\t\t\t\t\t<\/div>\n\t\t<\/section>\n\t\t\t\t<section class=\"elementor-section elementor-top-section elementor-element elementor-element-a179e2e elementor-section-boxed elementor-section-height-default elementor-section-height-default\" data-id=\"a179e2e\" data-element_type=\"section\">\n\t\t\t\t\t\t<div class=\"elementor-container elementor-column-gap-default\">\n\t\t\t\t\t<div class=\"aux-parallax-section elementor-column elementor-col-100 elementor-top-column elementor-element elementor-element-7de71af\" data-id=\"7de71af\" data-element_type=\"column\">\n\t\t\t<div class=\"elementor-widget-wrap elementor-element-populated\">\n\t\t\t\t\t\t\t\t<div class=\"elementor-element elementor-element-711d87e elementor-widget elementor-widget-aux_modern_heading\" data-id=\"711d87e\" data-element_type=\"widget\" data-widget_type=\"aux_modern_heading.default\">\n\t\t\t\t<div class=\"elementor-widget-container\">\n\t\t\t<section class=\"aux-widget-modern-heading\">\n            <div class=\"aux-widget-inner\"><h2 class=\"aux-modern-heading-primary\">Cartuchos Flash <\/h2><h3 class=\"aux-modern-heading-secondary\"><span class=\"aux-head-highlight\">BEKOlut C18e<\/span><\/h3><div class=\"aux-modern-heading-divider\"><\/div><\/div>\n        <\/section>\t\t<\/div>\n\t\t\t\t<\/div>\n\t\t\t\t<div class=\"elementor-element elementor-element-f75d1f3 elementor-widget elementor-widget-text-editor\" data-id=\"f75d1f3\" data-element_type=\"widget\" data-widget_type=\"text-editor.default\">\n\t\t\t\t<div class=\"elementor-widget-container\">\n\t\t\t\t\t\t\t<p>Los cartuchos Flash BEKOlut C18e son la fase elegida como gel de s\u00edlice modificado hidrof\u00f3bico al lavar compuestos polares e hidr\u00f3filos que son retenidos fuertemente o irreversiblemente en el gel de s\u00edlice. La fase BEKOlut C18e es recomendable para compuestos altamente hidr\u00f3fobos que no sean retenidos en el gel de s\u00edlice en general. Aqu\u00ed se aplican fases m\u00f3biles org\u00e1nicas-cuosas. Una excelente calidad de adsorci\u00f3n y reproducibilidad son caracter\u00edsticas de los cartuchos flash C18e.<\/p>\t\t\t\t\t\t<\/div>\n\t\t\t\t<\/div>\n\t\t\t\t\t<\/div>\n\t\t<\/div>\n\t\t\t\t\t\t\t<\/div>\n\t\t<\/section>\n\t\t\t\t<section class=\"elementor-section elementor-top-section elementor-element elementor-element-8920c25 elementor-section-boxed elementor-section-height-default elementor-section-height-default\" data-id=\"8920c25\" data-element_type=\"section\">\n\t\t\t\t\t\t<div class=\"elementor-container elementor-column-gap-default\">\n\t\t\t\t\t<div class=\"aux-parallax-section elementor-column elementor-col-50 elementor-top-column elementor-element elementor-element-7dd1558\" data-id=\"7dd1558\" data-element_type=\"column\">\n\t\t\t<div class=\"elementor-widget-wrap elementor-element-populated\">\n\t\t\t\t\t\t\t\t<div class=\"elementor-element elementor-element-78ddd91 elementor-widget elementor-widget-text-editor\" data-id=\"78ddd91\" data-element_type=\"widget\" data-widget_type=\"text-editor.default\">\n\t\t\t\t<div class=\"elementor-widget-container\">\n\t\t\t\t\t\t\t<p><b>Especificaci\u00f3n de fase: <\/b>gel de s\u00edlice 30 um esf\u00e9rico, gel de s\u00edlice tamponado C18e modificado<\/p><p><strong>Superficie espec\u00edfica:<\/strong> 320 m2\/g<\/p><p><strong>Tama\u00f1o de poros:<\/strong> 100 Angstrom<\/p><p><strong>Contenido de carbono (%):<\/strong> 17 &#8211; 19<\/p>\t\t\t\t\t\t<\/div>\n\t\t\t\t<\/div>\n\t\t\t\t<div class=\"elementor-element elementor-element-0cfd7c1 elementor-widget elementor-widget-text-editor\" data-id=\"0cfd7c1\" data-element_type=\"widget\" data-widget_type=\"text-editor.default\">\n\t\t\t\t<div class=\"elementor-widget-container\">\n\t\t\t\t\t\t\t<p>\u00a0<\/p><p><b>Especificaci\u00f3n de fase:<\/b>gel de s\u00edlice 50 um esf\u00e9rico, gel de s\u00edlice tamponado C18e modificado<\/p><p><strong>Superficie espec\u00edfica:<\/strong> 500 m2\/g<\/p><p><strong>Tama\u00f1o de poros:<\/strong> 60 Angstrom<\/p><p><strong>Contenido de carbono (%):<\/strong> 19 &#8211; 21<\/p>\t\t\t\t\t\t<\/div>\n\t\t\t\t<\/div>\n\t\t\t\t\t<\/div>\n\t\t<\/div>\n\t\t\t\t<div class=\"aux-parallax-section elementor-column elementor-col-50 elementor-top-column elementor-element elementor-element-7c8b301\" data-id=\"7c8b301\" data-element_type=\"column\">\n\t\t\t<div class=\"elementor-widget-wrap elementor-element-populated\">\n\t\t\t\t\t\t\t\t<div class=\"elementor-element elementor-element-3e66869 elementor-widget elementor-widget-image\" data-id=\"3e66869\" data-element_type=\"widget\" data-widget_type=\"image.default\">\n\t\t\t\t<div class=\"elementor-widget-container\">\n\t\t\t\t\t\t\t\t\t\t\t\t\t\t\t<img decoding=\"async\" width=\"791\" height=\"267\" src=\"https:\/\/www.testqual.com\/productos\/wp-content\/uploads\/2022\/11\/flash_3.png\" class=\"attachment-large size-large wp-image-385\" alt=\"\" loading=\"lazy\" srcset=\"https:\/\/www.testqual.com\/productos\/wp-content\/uploads\/2022\/11\/flash_3.png 791w, https:\/\/www.testqual.com\/productos\/wp-content\/uploads\/2022\/11\/flash_3-200x68.png 200w\" sizes=\"(max-width: 791px) 100vw, 791px\" \/>\t\t\t\t\t\t\t\t\t\t\t\t\t\t\t<\/div>\n\t\t\t\t<\/div>\n\t\t\t\t<div class=\"elementor-element elementor-element-8c29279 elementor-widget elementor-widget-image\" data-id=\"8c29279\" data-element_type=\"widget\" data-widget_type=\"image.default\">\n\t\t\t\t<div class=\"elementor-widget-container\">\n\t\t\t\t\t\t\t\t\t\t\t\t\t\t\t<img decoding=\"async\" width=\"805\" height=\"247\" src=\"https:\/\/www.testqual.com\/productos\/wp-content\/uploads\/2022\/11\/flash_4.png\" class=\"attachment-large size-large wp-image-386\" alt=\"\" loading=\"lazy\" srcset=\"https:\/\/www.testqual.com\/productos\/wp-content\/uploads\/2022\/11\/flash_4.png 805w, https:\/\/www.testqual.com\/productos\/wp-content\/uploads\/2022\/11\/flash_4-200x61.png 200w\" sizes=\"(max-width: 805px) 100vw, 805px\" \/>\t\t\t\t\t\t\t\t\t\t\t\t\t\t\t<\/div>\n\t\t\t\t<\/div>\n\t\t\t\t\t<\/div>\n\t\t<\/div>\n\t\t\t\t\t\t\t<\/div>\n\t\t<\/section>\n\t\t\t\t\t\t\t<\/div>\n\t\t","protected":false},"excerpt":{"rendered":"<p>Columnas Flash BEKOlut La cromatograf\u00eda Flash es un m\u00e9todo de separaci\u00f3n frecuente para el aislamiento preparativo de analitos en el laboratorio de qu\u00edmica org\u00e1nica. Se puede realizar manualmente con poco despliegue de aparatos o de forma automatizada. Para la separaci\u00f3n en modo normal o en fase reversa se prestan materiales portantes irregulares con granulaci\u00f3n adecuada [&hellip;]<\/p>\n","protected":false},"author":1,"featured_media":0,"parent":0,"menu_order":0,"comment_status":"closed","ping_status":"closed","template":"","meta":[],"_links":{"self":[{"href":"https:\/\/www.testqual.com\/productos\/index.php\/wp-json\/wp\/v2\/pages\/372"}],"collection":[{"href":"https:\/\/www.testqual.com\/productos\/index.php\/wp-json\/wp\/v2\/pages"}],"about":[{"href":"https:\/\/www.testqual.com\/productos\/index.php\/wp-json\/wp\/v2\/types\/page"}],"author":[{"embeddable":true,"href":"https:\/\/www.testqual.com\/productos\/index.php\/wp-json\/wp\/v2\/users\/1"}],"replies":[{"embeddable":true,"href":"https:\/\/www.testqual.com\/productos\/index.php\/wp-json\/wp\/v2\/comments?post=372"}],"version-history":[{"count":13,"href":"https:\/\/www.testqual.com\/productos\/index.php\/wp-json\/wp\/v2\/pages\/372\/revisions"}],"predecessor-version":[{"id":399,"href":"https:\/\/www.testqual.com\/productos\/index.php\/wp-json\/wp\/v2\/pages\/372\/revisions\/399"}],"wp:attachment":[{"href":"https:\/\/www.testqual.com\/productos\/index.php\/wp-json\/wp\/v2\/media?parent=372"}],"curies":[{"name":"wp","href":"https:\/\/api.w.org\/{rel}","templated":true}]}}