{"id":400,"date":"2022-11-17T08:32:28","date_gmt":"2022-11-17T07:32:28","guid":{"rendered":"https:\/\/www.testqual.com\/productos\/?page_id=400"},"modified":"2022-11-17T08:34:14","modified_gmt":"2022-11-17T07:34:14","slug":"filtracion","status":"publish","type":"page","link":"https:\/\/www.testqual.com\/productos\/index.php\/filtracion\/","title":{"rendered":"Filtraci\u00f3n"},"content":{"rendered":"\t\t<div data-elementor-type=\"wp-page\" data-elementor-id=\"400\" class=\"elementor elementor-400\">\n\t\t\t\t\t\t\t\t\t<section class=\"elementor-section elementor-top-section elementor-element elementor-element-d4bd601 elementor-section-boxed elementor-section-height-default elementor-section-height-default\" data-id=\"d4bd601\" data-element_type=\"section\">\n\t\t\t\t\t\t<div class=\"elementor-container elementor-column-gap-default\">\n\t\t\t\t\t<div class=\"aux-parallax-section elementor-column elementor-col-100 elementor-top-column elementor-element elementor-element-534b19c\" data-id=\"534b19c\" data-element_type=\"column\">\n\t\t\t<div class=\"elementor-widget-wrap elementor-element-populated\">\n\t\t\t\t\t\t\t\t<div class=\"elementor-element elementor-element-f62d047 elementor-widget elementor-widget-spacer\" data-id=\"f62d047\" data-element_type=\"widget\" data-widget_type=\"spacer.default\">\n\t\t\t\t<div class=\"elementor-widget-container\">\n\t\t\t\t\t<div class=\"elementor-spacer\">\n\t\t\t<div class=\"elementor-spacer-inner\"><\/div>\n\t\t<\/div>\n\t\t\t\t<\/div>\n\t\t\t\t<\/div>\n\t\t\t\t\t<\/div>\n\t\t<\/div>\n\t\t\t\t\t\t\t<\/div>\n\t\t<\/section>\n\t\t\t\t<section class=\"elementor-section elementor-top-section elementor-element elementor-element-6734063 elementor-section-boxed elementor-section-height-default elementor-section-height-default\" data-id=\"6734063\" data-element_type=\"section\">\n\t\t\t\t\t\t<div class=\"elementor-container elementor-column-gap-default\">\n\t\t\t\t\t<div class=\"aux-parallax-section elementor-column elementor-col-100 elementor-top-column elementor-element elementor-element-10579b9d\" data-id=\"10579b9d\" data-element_type=\"column\">\n\t\t\t<div class=\"elementor-widget-wrap elementor-element-populated\">\n\t\t\t\t\t\t\t\t<div class=\"elementor-element elementor-element-3eb7bcdc elementor-widget elementor-widget-aux_modern_heading\" data-id=\"3eb7bcdc\" data-element_type=\"widget\" data-widget_type=\"aux_modern_heading.default\">\n\t\t\t\t<div class=\"elementor-widget-container\">\n\t\t\t<section class=\"aux-widget-modern-heading\">\n            <div class=\"aux-widget-inner\"><h2 class=\"aux-modern-heading-primary\">Prefiltros de jeringa y filtros membranas<\/h2><div class=\"aux-modern-heading-divider\"><\/div><\/div>\n        <\/section>\t\t<\/div>\n\t\t\t\t<\/div>\n\t\t\t\t\t<\/div>\n\t\t<\/div>\n\t\t\t\t\t\t\t<\/div>\n\t\t<\/section>\n\t\t\t\t<section class=\"elementor-section elementor-top-section elementor-element elementor-element-57edb9f0 elementor-section-boxed elementor-section-height-default elementor-section-height-default\" data-id=\"57edb9f0\" data-element_type=\"section\">\n\t\t\t\t\t\t<div class=\"elementor-container elementor-column-gap-default\">\n\t\t\t\t\t<div class=\"aux-parallax-section elementor-column elementor-col-50 elementor-top-column elementor-element elementor-element-1c11a95c\" data-id=\"1c11a95c\" data-element_type=\"column\">\n\t\t\t<div class=\"elementor-widget-wrap elementor-element-populated\">\n\t\t\t\t\t\t\t\t<div class=\"elementor-element elementor-element-28b759b2 elementor-widget elementor-widget-text-editor\" data-id=\"28b759b2\" data-element_type=\"widget\" data-widget_type=\"text-editor.default\">\n\t\t\t\t<div class=\"elementor-widget-container\">\n\t\t\t\t\t\t\t<p><b>Prefiltros de jeringa<\/b><\/p><p>Los filtros de jeringa BEKOlut sirven para la filtraci\u00f3n de soluciones acuosas y org\u00e1nicas cargadas de part\u00edculas.<\/p><p><strong>sirven para la filtraci\u00f3n de soluciones acuosas y org\u00e1nicas cargadas de part\u00edculas.<\/strong><\/p><ul><li>Producci\u00f3n de carcasa de polipropileno de alta pureza y soldada por ultravioleta<\/li><li>Extemadamente m\u00ednimo contenido de compuestos extra\u00edbles<\/li><li>Tipo de membrana y tama\u00f1o de poros impresos en la carcasa \u2013 ideal para el desarrollo y la validaci\u00f3n<\/li><\/ul><h4><strong>&gt;Discos filtros BEKOlut de polietileno\u00a0<\/strong><\/h4><p>Se puede escoger de acuerdo a la viscosidad de la muestra entre diferentes tama\u00f1os de poros con ajustes \u00f3ptimos para columnas de propileno de 1, 3, y 6 ml.<\/p><h4><strong>Discos de filtros BEKOlut<sup>\u00ae<\/sup>\u00a0de fibra de vidrio<\/strong><\/h4><p>Ofrecemos filtros de fibra de vidrio de diferentes espesores, porosidades y di\u00e1metros.<br \/><strong>&gt; Discos de filtros BEKOlut<sup>\u00ae<\/sup>, tipo GFB:<\/strong><br \/>libre de aglutinante, espesor: aprox. 0,75 mm, tama\u00f1o de poro: 1 \u00b5m.<br \/><strong>&gt; Discos de filtros BEKOlut<sup>\u00ae<\/sup>, tipo GF 1:<\/strong><br \/>libre de aglutinante, espesor: aprox. 0,3 mm, tama\u00f1o de poro: 0,7 \u00b5m.<\/p>\t\t\t\t\t\t<\/div>\n\t\t\t\t<\/div>\n\t\t\t\t\t<\/div>\n\t\t<\/div>\n\t\t\t\t<div class=\"aux-parallax-section elementor-column elementor-col-50 elementor-top-column elementor-element elementor-element-5681c712\" data-id=\"5681c712\" data-element_type=\"column\">\n\t\t\t<div class=\"elementor-widget-wrap elementor-element-populated\">\n\t\t\t\t\t\t\t\t<div class=\"elementor-element elementor-element-6d73a89 elementor-widget elementor-widget-image\" data-id=\"6d73a89\" data-element_type=\"widget\" data-widget_type=\"image.default\">\n\t\t\t\t<div class=\"elementor-widget-container\">\n\t\t\t\t\t\t\t\t\t\t\t\t\t\t\t<img decoding=\"async\" width=\"1024\" height=\"768\" src=\"https:\/\/www.testqual.com\/productos\/wp-content\/uploads\/2022\/11\/spezubehoer__DSC05068_bg-1.jpg\" class=\"attachment-large size-large wp-image-402\" alt=\"\" loading=\"lazy\" srcset=\"https:\/\/www.testqual.com\/productos\/wp-content\/uploads\/2022\/11\/spezubehoer__DSC05068_bg-1.jpg 1024w, https:\/\/www.testqual.com\/productos\/wp-content\/uploads\/2022\/11\/spezubehoer__DSC05068_bg-1-200x150.jpg 200w\" sizes=\"(max-width: 1024px) 100vw, 1024px\" \/>\t\t\t\t\t\t\t\t\t\t\t\t\t\t\t<\/div>\n\t\t\t\t<\/div>\n\t\t\t\t\t<\/div>\n\t\t<\/div>\n\t\t\t\t\t\t\t<\/div>\n\t\t<\/section>\n\t\t\t\t\t\t\t<\/div>\n\t\t","protected":false},"excerpt":{"rendered":"<p>Prefiltros de jeringa y filtros membranas Prefiltros de jeringa Los filtros de jeringa BEKOlut sirven para la filtraci\u00f3n de soluciones acuosas y org\u00e1nicas cargadas de part\u00edculas. sirven para la filtraci\u00f3n de soluciones acuosas y org\u00e1nicas cargadas de part\u00edculas. Producci\u00f3n de carcasa de polipropileno de alta pureza y soldada por ultravioleta Extemadamente m\u00ednimo contenido de compuestos [&hellip;]<\/p>\n","protected":false},"author":1,"featured_media":0,"parent":0,"menu_order":0,"comment_status":"closed","ping_status":"closed","template":"","meta":[],"_links":{"self":[{"href":"https:\/\/www.testqual.com\/productos\/index.php\/wp-json\/wp\/v2\/pages\/400"}],"collection":[{"href":"https:\/\/www.testqual.com\/productos\/index.php\/wp-json\/wp\/v2\/pages"}],"about":[{"href":"https:\/\/www.testqual.com\/productos\/index.php\/wp-json\/wp\/v2\/types\/page"}],"author":[{"embeddable":true,"href":"https:\/\/www.testqual.com\/productos\/index.php\/wp-json\/wp\/v2\/users\/1"}],"replies":[{"embeddable":true,"href":"https:\/\/www.testqual.com\/productos\/index.php\/wp-json\/wp\/v2\/comments?post=400"}],"version-history":[{"count":4,"href":"https:\/\/www.testqual.com\/productos\/index.php\/wp-json\/wp\/v2\/pages\/400\/revisions"}],"predecessor-version":[{"id":405,"href":"https:\/\/www.testqual.com\/productos\/index.php\/wp-json\/wp\/v2\/pages\/400\/revisions\/405"}],"wp:attachment":[{"href":"https:\/\/www.testqual.com\/productos\/index.php\/wp-json\/wp\/v2\/media?parent=400"}],"curies":[{"name":"wp","href":"https:\/\/api.w.org\/{rel}","templated":true}]}}