{"id":430,"date":"2022-11-17T10:38:34","date_gmt":"2022-11-17T09:38:34","guid":{"rendered":"https:\/\/www.testqual.com\/productos\/?page_id=430"},"modified":"2022-11-17T10:41:24","modified_gmt":"2022-11-17T09:41:24","slug":"bekolut-prefiltros-de-jeringa","status":"publish","type":"page","link":"https:\/\/www.testqual.com\/productos\/index.php\/bekolut-prefiltros-de-jeringa\/","title":{"rendered":"BEKOlut prefiltros de Jeringa"},"content":{"rendered":"\t\t<div data-elementor-type=\"wp-page\" data-elementor-id=\"430\" class=\"elementor elementor-430\">\n\t\t\t\t\t\t\t\t\t<section class=\"elementor-section elementor-top-section elementor-element elementor-element-dc6b531 elementor-section-boxed elementor-section-height-default elementor-section-height-default\" data-id=\"dc6b531\" data-element_type=\"section\">\n\t\t\t\t\t\t<div class=\"elementor-container elementor-column-gap-default\">\n\t\t\t\t\t<div class=\"aux-parallax-section elementor-column elementor-col-100 elementor-top-column elementor-element elementor-element-0d9eccc\" data-id=\"0d9eccc\" data-element_type=\"column\">\n\t\t\t<div class=\"elementor-widget-wrap elementor-element-populated\">\n\t\t\t\t\t\t\t\t<div class=\"elementor-element elementor-element-1015a23 elementor-widget elementor-widget-spacer\" data-id=\"1015a23\" data-element_type=\"widget\" data-widget_type=\"spacer.default\">\n\t\t\t\t<div class=\"elementor-widget-container\">\n\t\t\t\t\t<div class=\"elementor-spacer\">\n\t\t\t<div class=\"elementor-spacer-inner\"><\/div>\n\t\t<\/div>\n\t\t\t\t<\/div>\n\t\t\t\t<\/div>\n\t\t\t\t\t<\/div>\n\t\t<\/div>\n\t\t\t\t\t\t\t<\/div>\n\t\t<\/section>\n\t\t\t\t<section class=\"elementor-section elementor-top-section elementor-element elementor-element-72260427 elementor-section-boxed elementor-section-height-default elementor-section-height-default\" data-id=\"72260427\" data-element_type=\"section\">\n\t\t\t\t\t\t<div class=\"elementor-container elementor-column-gap-default\">\n\t\t\t\t\t<div class=\"aux-parallax-section elementor-column elementor-col-100 elementor-top-column elementor-element elementor-element-748a4a82\" data-id=\"748a4a82\" data-element_type=\"column\">\n\t\t\t<div class=\"elementor-widget-wrap elementor-element-populated\">\n\t\t\t\t\t\t\t\t<div class=\"elementor-element elementor-element-e1ca2d5 elementor-widget elementor-widget-aux_modern_heading\" data-id=\"e1ca2d5\" data-element_type=\"widget\" data-widget_type=\"aux_modern_heading.default\">\n\t\t\t\t<div class=\"elementor-widget-container\">\n\t\t\t<section class=\"aux-widget-modern-heading\">\n            <div class=\"aux-widget-inner\"><h2 class=\"aux-modern-heading-primary\">Accesorios SPE, filtros<\/h2><div class=\"aux-modern-heading-divider\"><\/div><\/div>\n        <\/section>\t\t<\/div>\n\t\t\t\t<\/div>\n\t\t\t\t\t<\/div>\n\t\t<\/div>\n\t\t\t\t\t\t\t<\/div>\n\t\t<\/section>\n\t\t\t\t<section class=\"elementor-section elementor-top-section elementor-element elementor-element-247bfa67 elementor-section-boxed elementor-section-height-default elementor-section-height-default\" data-id=\"247bfa67\" data-element_type=\"section\">\n\t\t\t\t\t\t<div class=\"elementor-container elementor-column-gap-default\">\n\t\t\t\t\t<div class=\"aux-parallax-section elementor-column elementor-col-50 elementor-top-column elementor-element elementor-element-62b9be1d\" data-id=\"62b9be1d\" data-element_type=\"column\">\n\t\t\t<div class=\"elementor-widget-wrap elementor-element-populated\">\n\t\t\t\t\t\t\t\t<div class=\"elementor-element elementor-element-76ad9f83 elementor-widget elementor-widget-text-editor\" data-id=\"76ad9f83\" data-element_type=\"widget\" data-widget_type=\"text-editor.default\">\n\t\t\t\t<div class=\"elementor-widget-container\">\n\t\t\t\t\t\t\t<p><b>BEKOlut prefiltros de jeringa<\/b><\/p><p>BEKOlut<sup>\u00ae<\/sup>\u00a0prefiltros de jeringa sirven para la filtraci\u00f3n de soluciones acuosas y org\u00e1nicas cargadas de part\u00edculas. Caracterizan a nuestros productos los siguientes beneficios:<\/p><ul><li>Carcasa de polipropileno puro soldado con ultrasonido<\/li><li>Contenido extremadamente bajo en componentes extra\u00edbles<\/li><li>Tipo de membrana y tama\u00f1o de poros impresos directamente en la carcasa- ideales para el desarrollo y validaci\u00f3n<\/li><\/ul><p><strong>Material base: <\/strong>membranas PVDF, PTFE, PTFE hidr\u00f3fiilas, nylon 66, PES o CA<\/p>\t\t\t\t\t\t<\/div>\n\t\t\t\t<\/div>\n\t\t\t\t\t<\/div>\n\t\t<\/div>\n\t\t\t\t<div class=\"aux-parallax-section elementor-column elementor-col-50 elementor-top-column elementor-element elementor-element-4e556504\" data-id=\"4e556504\" data-element_type=\"column\">\n\t\t\t<div class=\"elementor-widget-wrap elementor-element-populated\">\n\t\t\t\t\t\t\t\t<div class=\"elementor-element elementor-element-30ad3f39 elementor-widget elementor-widget-image\" data-id=\"30ad3f39\" data-element_type=\"widget\" data-widget_type=\"image.default\">\n\t\t\t\t<div class=\"elementor-widget-container\">\n\t\t\t\t\t\t\t\t\t\t\t\t\t\t\t<img decoding=\"async\" width=\"747\" height=\"457\" src=\"https:\/\/www.testqual.com\/productos\/wp-content\/uploads\/2022\/11\/prefiltros-jeringa.png\" class=\"attachment-large size-large wp-image-432\" alt=\"\" loading=\"lazy\" srcset=\"https:\/\/www.testqual.com\/productos\/wp-content\/uploads\/2022\/11\/prefiltros-jeringa.png 747w, https:\/\/www.testqual.com\/productos\/wp-content\/uploads\/2022\/11\/prefiltros-jeringa-200x122.png 200w\" sizes=\"(max-width: 747px) 100vw, 747px\" \/>\t\t\t\t\t\t\t\t\t\t\t\t\t\t\t<\/div>\n\t\t\t\t<\/div>\n\t\t\t\t<div class=\"elementor-element elementor-element-35f16d4 elementor-align-center elementor-widget elementor-widget-button\" data-id=\"35f16d4\" data-element_type=\"widget\" data-widget_type=\"button.default\">\n\t\t\t\t<div class=\"elementor-widget-container\">\n\t\t\t\t\t<div class=\"elementor-button-wrapper\">\n\t\t\t<a class=\"elementor-button elementor-button-link elementor-size-sm\" href=\"https:\/\/www.testqual.com\/productos\/index.php\/contacto\/\">\n\t\t\t\t\t\t<span class=\"elementor-button-content-wrapper\">\n\t\t\t\t\t\t<span class=\"elementor-button-text\">Pida su oferta sobre este producto<\/span>\n\t\t<\/span>\n\t\t\t\t\t<\/a>\n\t\t<\/div>\n\t\t\t\t<\/div>\n\t\t\t\t<\/div>\n\t\t\t\t\t<\/div>\n\t\t<\/div>\n\t\t\t\t\t\t\t<\/div>\n\t\t<\/section>\n\t\t\t\t\t\t\t<\/div>\n\t\t","protected":false},"excerpt":{"rendered":"<p>Accesorios SPE, filtros BEKOlut prefiltros de jeringa BEKOlut\u00ae\u00a0prefiltros de jeringa sirven para la filtraci\u00f3n de soluciones acuosas y org\u00e1nicas cargadas de part\u00edculas. Caracterizan a nuestros productos los siguientes beneficios: Carcasa de polipropileno puro soldado con ultrasonido Contenido extremadamente bajo en componentes extra\u00edbles Tipo de membrana y tama\u00f1o de poros impresos directamente en la carcasa- ideales [&hellip;]<\/p>\n","protected":false},"author":1,"featured_media":0,"parent":0,"menu_order":0,"comment_status":"closed","ping_status":"closed","template":"","meta":[],"_links":{"self":[{"href":"https:\/\/www.testqual.com\/productos\/index.php\/wp-json\/wp\/v2\/pages\/430"}],"collection":[{"href":"https:\/\/www.testqual.com\/productos\/index.php\/wp-json\/wp\/v2\/pages"}],"about":[{"href":"https:\/\/www.testqual.com\/productos\/index.php\/wp-json\/wp\/v2\/types\/page"}],"author":[{"embeddable":true,"href":"https:\/\/www.testqual.com\/productos\/index.php\/wp-json\/wp\/v2\/users\/1"}],"replies":[{"embeddable":true,"href":"https:\/\/www.testqual.com\/productos\/index.php\/wp-json\/wp\/v2\/comments?post=430"}],"version-history":[{"count":4,"href":"https:\/\/www.testqual.com\/productos\/index.php\/wp-json\/wp\/v2\/pages\/430\/revisions"}],"predecessor-version":[{"id":438,"href":"https:\/\/www.testqual.com\/productos\/index.php\/wp-json\/wp\/v2\/pages\/430\/revisions\/438"}],"wp:attachment":[{"href":"https:\/\/www.testqual.com\/productos\/index.php\/wp-json\/wp\/v2\/media?parent=430"}],"curies":[{"name":"wp","href":"https:\/\/api.w.org\/{rel}","templated":true}]}}