{"id":442,"date":"2022-11-22T14:28:06","date_gmt":"2022-11-22T13:28:06","guid":{"rendered":"https:\/\/www.testqual.com\/productos\/?page_id=442"},"modified":"2022-11-22T14:28:38","modified_gmt":"2022-11-22T13:28:38","slug":"bekolut-hlb-xtra","status":"publish","type":"page","link":"https:\/\/www.testqual.com\/productos\/index.php\/bekolut-hlb-xtra\/","title":{"rendered":"BEKOlut HLB Xtra"},"content":{"rendered":"\t\t<div data-elementor-type=\"wp-page\" data-elementor-id=\"442\" class=\"elementor elementor-442\">\n\t\t\t\t\t\t\t\t\t<section class=\"elementor-section elementor-top-section elementor-element elementor-element-8784e14 elementor-section-boxed elementor-section-height-default elementor-section-height-default\" data-id=\"8784e14\" data-element_type=\"section\">\n\t\t\t\t\t\t<div class=\"elementor-container elementor-column-gap-default\">\n\t\t\t\t\t<div class=\"aux-parallax-section elementor-column elementor-col-100 elementor-top-column elementor-element elementor-element-1e3bb5d\" data-id=\"1e3bb5d\" data-element_type=\"column\">\n\t\t\t<div class=\"elementor-widget-wrap elementor-element-populated\">\n\t\t\t\t\t\t\t\t<div class=\"elementor-element elementor-element-e8ca0f8 elementor-widget elementor-widget-spacer\" data-id=\"e8ca0f8\" data-element_type=\"widget\" data-widget_type=\"spacer.default\">\n\t\t\t\t<div class=\"elementor-widget-container\">\n\t\t\t\t\t<div class=\"elementor-spacer\">\n\t\t\t<div class=\"elementor-spacer-inner\"><\/div>\n\t\t<\/div>\n\t\t\t\t<\/div>\n\t\t\t\t<\/div>\n\t\t\t\t\t<\/div>\n\t\t<\/div>\n\t\t\t\t\t\t\t<\/div>\n\t\t<\/section>\n\t\t\t\t<section class=\"elementor-section elementor-top-section elementor-element elementor-element-7dfa0852 elementor-section-boxed elementor-section-height-default elementor-section-height-default\" data-id=\"7dfa0852\" data-element_type=\"section\">\n\t\t\t\t\t\t<div class=\"elementor-container elementor-column-gap-default\">\n\t\t\t\t\t<div class=\"aux-parallax-section elementor-column elementor-col-100 elementor-top-column elementor-element elementor-element-67f78759\" data-id=\"67f78759\" data-element_type=\"column\">\n\t\t\t<div class=\"elementor-widget-wrap elementor-element-populated\">\n\t\t\t\t\t\t\t\t<div class=\"elementor-element elementor-element-361b5bde elementor-widget elementor-widget-aux_modern_heading\" data-id=\"361b5bde\" data-element_type=\"widget\" data-widget_type=\"aux_modern_heading.default\">\n\t\t\t\t<div class=\"elementor-widget-container\">\n\t\t\t<section class=\"aux-widget-modern-heading\">\n            <div class=\"aux-widget-inner\"><h2 class=\"aux-modern-heading-primary\">Fase polim\u00e9rica de alta eficiencia (HP)<\/h2><h3 class=\"aux-modern-heading-secondary\"><span class=\"aux-head-highlight\">A base de pol\u00edmeros<\/span><\/h3><div class=\"aux-modern-heading-divider\"><\/div><\/div>\n        <\/section>\t\t<\/div>\n\t\t\t\t<\/div>\n\t\t\t\t\t<\/div>\n\t\t<\/div>\n\t\t\t\t\t\t\t<\/div>\n\t\t<\/section>\n\t\t\t\t<section class=\"elementor-section elementor-top-section elementor-element elementor-element-518e6efa elementor-section-boxed elementor-section-height-default elementor-section-height-default\" data-id=\"518e6efa\" data-element_type=\"section\">\n\t\t\t\t\t\t<div class=\"elementor-container elementor-column-gap-default\">\n\t\t\t\t\t<div class=\"aux-parallax-section elementor-column elementor-col-50 elementor-top-column elementor-element elementor-element-da1e33f\" data-id=\"da1e33f\" data-element_type=\"column\">\n\t\t\t<div class=\"elementor-widget-wrap elementor-element-populated\">\n\t\t\t\t\t\t\t\t<div class=\"elementor-element elementor-element-103c22b4 elementor-widget elementor-widget-text-editor\" data-id=\"103c22b4\" data-element_type=\"widget\" data-widget_type=\"text-editor.default\">\n\t\t\t\t<div class=\"elementor-widget-container\">\n\t\t\t\t\t\t\t<p>La funcionalizaci\u00f3n de este copol\u00edmero produce un equilibrio hidr\u00f3filo- lip\u00f3filo muy acentuado para muchos tipos de analitos. Adem\u00e1s ofrece caracter\u00edsticas donadoras\/receptoras de pares de electrones y nitr\u00f3geno que facilitan el enriquecimiento de compuestos \u00e1cidos, b\u00e1sicos y neutrales, sin tener que regular el pH de la muestra. Adem\u00e1s BEKOlut<sup>\u00ae<\/sup>\u00a0HLB Xtra ofrece una selectividad desarrollada para compuestos polares.<\/p><h4>Aplicaci\u00f3n t\u00edpica para el uso correcto:\u00a0Extracci\u00f3n de sustancias neutrales, polares y no polares de soluciones acuosas y biomatrices.<\/h4><div class=\"product-detail-list\"><ul><li><div class=\"product-detail-list-img\">\u00a0<\/div>\u00a0<strong>Material base:\u00a0<\/strong>copol\u00edmero PS-DVB<\/li><li><div class=\"product-detail-list-img\">\u00a0<\/div>\u00a0<strong>Tama\u00f1o de poros:\u00a0<\/strong>100 \u00e1ngstrom<\/li><li><div class=\"product-detail-list-img\">\u00a0<\/div>\u00a0<strong>Tama\u00f1o de part\u00edculas:\u00a0<\/strong>38-55 \u00b5m<\/li><li><div class=\"product-detail-list-img\">\u00a0<\/div>\u00a0<strong>Phase mechanism:\u00a0<\/strong>no polar, fase reversa<\/li><li><div class=\"product-detail-list-img\">\u00a0<\/div>\u00a0<strong>Compatibilidad matriz modelo:\u00a0<\/strong>acuoso<\/li><\/ul><\/div>\t\t\t\t\t\t<\/div>\n\t\t\t\t<\/div>\n\t\t\t\t\t<\/div>\n\t\t<\/div>\n\t\t\t\t<div class=\"aux-parallax-section elementor-column elementor-col-50 elementor-top-column elementor-element elementor-element-28009ee7\" data-id=\"28009ee7\" data-element_type=\"column\">\n\t\t\t<div class=\"elementor-widget-wrap elementor-element-populated\">\n\t\t\t\t\t\t\t\t<div class=\"elementor-element elementor-element-a4ead75 elementor-widget elementor-widget-image\" data-id=\"a4ead75\" data-element_type=\"widget\" data-widget_type=\"image.default\">\n\t\t\t\t<div class=\"elementor-widget-container\">\n\t\t\t\t\t\t\t\t\t\t\t\t\t\t\t<img decoding=\"async\" width=\"750\" height=\"416\" src=\"https:\/\/www.testqual.com\/productos\/wp-content\/uploads\/2022\/11\/fase-polimerica-hp.png\" class=\"attachment-large size-large wp-image-444\" alt=\"\" loading=\"lazy\" srcset=\"https:\/\/www.testqual.com\/productos\/wp-content\/uploads\/2022\/11\/fase-polimerica-hp.png 750w, https:\/\/www.testqual.com\/productos\/wp-content\/uploads\/2022\/11\/fase-polimerica-hp-200x111.png 200w\" sizes=\"(max-width: 750px) 100vw, 750px\" \/>\t\t\t\t\t\t\t\t\t\t\t\t\t\t\t<\/div>\n\t\t\t\t<\/div>\n\t\t\t\t\t<\/div>\n\t\t<\/div>\n\t\t\t\t\t\t\t<\/div>\n\t\t<\/section>\n\t\t\t\t\t\t\t<\/div>\n\t\t","protected":false},"excerpt":{"rendered":"<p>Fase polim\u00e9rica de alta eficiencia (HP) A base de pol\u00edmeros La funcionalizaci\u00f3n de este copol\u00edmero produce un equilibrio hidr\u00f3filo- lip\u00f3filo muy acentuado para muchos tipos de analitos. Adem\u00e1s ofrece caracter\u00edsticas donadoras\/receptoras de pares de electrones y nitr\u00f3geno que facilitan el enriquecimiento de compuestos \u00e1cidos, b\u00e1sicos y neutrales, sin tener que regular el pH de la [&hellip;]<\/p>\n","protected":false},"author":1,"featured_media":0,"parent":0,"menu_order":0,"comment_status":"closed","ping_status":"closed","template":"","meta":[],"_links":{"self":[{"href":"https:\/\/www.testqual.com\/productos\/index.php\/wp-json\/wp\/v2\/pages\/442"}],"collection":[{"href":"https:\/\/www.testqual.com\/productos\/index.php\/wp-json\/wp\/v2\/pages"}],"about":[{"href":"https:\/\/www.testqual.com\/productos\/index.php\/wp-json\/wp\/v2\/types\/page"}],"author":[{"embeddable":true,"href":"https:\/\/www.testqual.com\/productos\/index.php\/wp-json\/wp\/v2\/users\/1"}],"replies":[{"embeddable":true,"href":"https:\/\/www.testqual.com\/productos\/index.php\/wp-json\/wp\/v2\/comments?post=442"}],"version-history":[{"count":4,"href":"https:\/\/www.testqual.com\/productos\/index.php\/wp-json\/wp\/v2\/pages\/442\/revisions"}],"predecessor-version":[{"id":447,"href":"https:\/\/www.testqual.com\/productos\/index.php\/wp-json\/wp\/v2\/pages\/442\/revisions\/447"}],"wp:attachment":[{"href":"https:\/\/www.testqual.com\/productos\/index.php\/wp-json\/wp\/v2\/media?parent=442"}],"curies":[{"name":"wp","href":"https:\/\/api.w.org\/{rel}","templated":true}]}}