{"id":450,"date":"2022-11-28T11:57:00","date_gmt":"2022-11-28T10:57:00","guid":{"rendered":"https:\/\/www.testqual.com\/productos\/?page_id=450"},"modified":"2022-11-28T11:58:47","modified_gmt":"2022-11-28T10:58:47","slug":"bekolut-leox-plus","status":"publish","type":"page","link":"https:\/\/www.testqual.com\/productos\/index.php\/bekolut-leox-plus\/","title":{"rendered":"BEKOlut LEOX plus"},"content":{"rendered":"\t\t<div data-elementor-type=\"wp-page\" data-elementor-id=\"450\" class=\"elementor elementor-450\">\n\t\t\t\t\t\t\t\t\t<section class=\"elementor-section elementor-top-section elementor-element elementor-element-a9b7fa5 elementor-section-boxed elementor-section-height-default elementor-section-height-default\" data-id=\"a9b7fa5\" data-element_type=\"section\">\n\t\t\t\t\t\t<div class=\"elementor-container elementor-column-gap-default\">\n\t\t\t\t\t<div class=\"aux-parallax-section elementor-column elementor-col-100 elementor-top-column elementor-element elementor-element-7cf2ec5\" data-id=\"7cf2ec5\" data-element_type=\"column\">\n\t\t\t<div class=\"elementor-widget-wrap elementor-element-populated\">\n\t\t\t\t\t\t\t\t<div class=\"elementor-element elementor-element-8651253 elementor-widget elementor-widget-spacer\" data-id=\"8651253\" data-element_type=\"widget\" data-widget_type=\"spacer.default\">\n\t\t\t\t<div class=\"elementor-widget-container\">\n\t\t\t\t\t<div class=\"elementor-spacer\">\n\t\t\t<div class=\"elementor-spacer-inner\"><\/div>\n\t\t<\/div>\n\t\t\t\t<\/div>\n\t\t\t\t<\/div>\n\t\t\t\t\t<\/div>\n\t\t<\/div>\n\t\t\t\t\t\t\t<\/div>\n\t\t<\/section>\n\t\t\t\t<section class=\"elementor-section elementor-top-section elementor-element elementor-element-190093bc elementor-section-boxed elementor-section-height-default elementor-section-height-default\" data-id=\"190093bc\" data-element_type=\"section\">\n\t\t\t\t\t\t<div class=\"elementor-container elementor-column-gap-default\">\n\t\t\t\t\t<div class=\"aux-parallax-section elementor-column elementor-col-100 elementor-top-column elementor-element elementor-element-3c55c8a7\" data-id=\"3c55c8a7\" data-element_type=\"column\">\n\t\t\t<div class=\"elementor-widget-wrap elementor-element-populated\">\n\t\t\t\t\t\t\t\t<div class=\"elementor-element elementor-element-4d4a928 elementor-widget elementor-widget-aux_modern_heading\" data-id=\"4d4a928\" data-element_type=\"widget\" data-widget_type=\"aux_modern_heading.default\">\n\t\t\t\t<div class=\"elementor-widget-container\">\n\t\t\t<section class=\"aux-widget-modern-heading\">\n            <div class=\"aux-widget-inner\"><h2 class=\"aux-modern-heading-primary\">Fase polim\u00e9rica de alta eficiencia (HP)<\/h2><h3 class=\"aux-modern-heading-secondary\"><span class=\"aux-head-highlight\">A base de pol\u00edmeros<\/span><\/h3><div class=\"aux-modern-heading-divider\"><\/div><\/div>\n        <\/section>\t\t<\/div>\n\t\t\t\t<\/div>\n\t\t\t\t\t<\/div>\n\t\t<\/div>\n\t\t\t\t\t\t\t<\/div>\n\t\t<\/section>\n\t\t\t\t<section class=\"elementor-section elementor-top-section elementor-element elementor-element-87103ab elementor-section-boxed elementor-section-height-default elementor-section-height-default\" data-id=\"87103ab\" data-element_type=\"section\">\n\t\t\t\t\t\t<div class=\"elementor-container elementor-column-gap-default\">\n\t\t\t\t\t<div class=\"aux-parallax-section elementor-column elementor-col-50 elementor-top-column elementor-element elementor-element-7211a7e9\" data-id=\"7211a7e9\" data-element_type=\"column\">\n\t\t\t<div class=\"elementor-widget-wrap elementor-element-populated\">\n\t\t\t\t\t\t\t\t<div class=\"elementor-element elementor-element-119d9ad5 elementor-widget elementor-widget-text-editor\" data-id=\"119d9ad5\" data-element_type=\"widget\" data-widget_type=\"text-editor.default\">\n\t\t\t\t<div class=\"elementor-widget-container\">\n\t\t\t\t\t\t\t<p><b>BEKOlut LEOX plus<\/b><\/p><p>BEKOlut<sup>\u00ae<\/sup>\u00a0Leox<sup>\u00ae<\/sup>\u00a0plus es un copol\u00edmero PS-DVB altamente reticulado y macroporoso de part\u00edculas pr\u00e1cticamente perfectamente esf\u00e9ricas y una superficie espec\u00edfica excepcionalmente elevada. El cartucho de extracci\u00f3n SPE \u00abtodo en uno\u00bb para todos los tipos de pesticidas y fenoles en muestas de agua.<\/p><p><strong>Aplicaci\u00f3n t\u00edpica para el uso correcto:<\/strong>\u00a0Principalmente extracci\u00f3n de compuestos polares de agua potable y de napas como as\u00ed tambi\u00e9n soluciones acuosas, por ej. pesticidas, fenoles, endulzantes, sustancias activas farmac\u00e9uticas<\/p>\t\t\t\t\t\t<\/div>\n\t\t\t\t<\/div>\n\t\t\t\t<div class=\"elementor-element elementor-element-3539724e elementor-widget elementor-widget-text-editor\" data-id=\"3539724e\" data-element_type=\"widget\" data-widget_type=\"text-editor.default\">\n\t\t\t\t<div class=\"elementor-widget-container\">\n\t\t\t\t\t\t\t<p>\u00a0<strong>Material base:\u00a0<\/strong>copol\u00edmero PS-DVB<\/p><div class=\"product-detail-list-img\">\u00a0<\/div><p>\u00a0<strong>Tama\u00f1o de poros:\u00a0<\/strong>30 \u00e1ngstrom<\/p><div class=\"product-detail-list-img\">\u00a0<\/div><p>\u00a0<strong>Tama\u00f1o de part\u00edculas:\u00a0<\/strong>60-70 \u00b5m<\/p><div class=\"product-detail-list-img\">\u00a0<\/div><p>\u00a0<strong>Phase mechanism:\u00a0<\/strong>no polar, fase reversa<\/p><div class=\"product-detail-list-img\">\u00a0<\/div><p>\u00a0<strong>Compatibilidad matriz modelo:\u00a0<\/strong>org\u00e1nico o acuoso<\/p>\t\t\t\t\t\t<\/div>\n\t\t\t\t<\/div>\n\t\t\t\t\t<\/div>\n\t\t<\/div>\n\t\t\t\t<div class=\"aux-parallax-section elementor-column elementor-col-50 elementor-top-column elementor-element elementor-element-2b5b32b8\" data-id=\"2b5b32b8\" data-element_type=\"column\">\n\t\t\t<div class=\"elementor-widget-wrap elementor-element-populated\">\n\t\t\t\t\t\t\t\t<div class=\"elementor-element elementor-element-73f779dd elementor-widget elementor-widget-image\" data-id=\"73f779dd\" data-element_type=\"widget\" data-widget_type=\"image.default\">\n\t\t\t\t<div class=\"elementor-widget-container\">\n\t\t\t\t\t\t\t\t\t\t\t\t\t\t\t<img decoding=\"async\" width=\"744\" height=\"379\" src=\"https:\/\/www.testqual.com\/productos\/wp-content\/uploads\/2022\/11\/LEOX-PLUS.png\" class=\"attachment-large size-large wp-image-452\" alt=\"\" loading=\"lazy\" srcset=\"https:\/\/www.testqual.com\/productos\/wp-content\/uploads\/2022\/11\/LEOX-PLUS.png 744w, https:\/\/www.testqual.com\/productos\/wp-content\/uploads\/2022\/11\/LEOX-PLUS-200x102.png 200w\" sizes=\"(max-width: 744px) 100vw, 744px\" \/>\t\t\t\t\t\t\t\t\t\t\t\t\t\t\t<\/div>\n\t\t\t\t<\/div>\n\t\t\t\t<div class=\"elementor-element elementor-element-73dd03bf elementor-align-center elementor-widget elementor-widget-button\" data-id=\"73dd03bf\" data-element_type=\"widget\" data-widget_type=\"button.default\">\n\t\t\t\t<div class=\"elementor-widget-container\">\n\t\t\t\t\t<div class=\"elementor-button-wrapper\">\n\t\t\t<a class=\"elementor-button elementor-size-sm\" role=\"button\">\n\t\t\t\t\t\t<span class=\"elementor-button-content-wrapper\">\n\t\t\t\t\t\t<span class=\"elementor-button-text\">Pida su oferta sobre este producto<\/span>\n\t\t<\/span>\n\t\t\t\t\t<\/a>\n\t\t<\/div>\n\t\t\t\t<\/div>\n\t\t\t\t<\/div>\n\t\t\t\t\t<\/div>\n\t\t<\/div>\n\t\t\t\t\t\t\t<\/div>\n\t\t<\/section>\n\t\t\t\t\t\t\t<\/div>\n\t\t","protected":false},"excerpt":{"rendered":"<p>Fase polim\u00e9rica de alta eficiencia (HP) A base de pol\u00edmeros BEKOlut LEOX plus BEKOlut\u00ae\u00a0Leox\u00ae\u00a0plus es un copol\u00edmero PS-DVB altamente reticulado y macroporoso de part\u00edculas pr\u00e1cticamente perfectamente esf\u00e9ricas y una superficie espec\u00edfica excepcionalmente elevada. El cartucho de extracci\u00f3n SPE \u00abtodo en uno\u00bb para todos los tipos de pesticidas y fenoles en muestas de agua. Aplicaci\u00f3n t\u00edpica [&hellip;]<\/p>\n","protected":false},"author":1,"featured_media":0,"parent":0,"menu_order":0,"comment_status":"closed","ping_status":"closed","template":"","meta":[],"_links":{"self":[{"href":"https:\/\/www.testqual.com\/productos\/index.php\/wp-json\/wp\/v2\/pages\/450"}],"collection":[{"href":"https:\/\/www.testqual.com\/productos\/index.php\/wp-json\/wp\/v2\/pages"}],"about":[{"href":"https:\/\/www.testqual.com\/productos\/index.php\/wp-json\/wp\/v2\/types\/page"}],"author":[{"embeddable":true,"href":"https:\/\/www.testqual.com\/productos\/index.php\/wp-json\/wp\/v2\/users\/1"}],"replies":[{"embeddable":true,"href":"https:\/\/www.testqual.com\/productos\/index.php\/wp-json\/wp\/v2\/comments?post=450"}],"version-history":[{"count":8,"href":"https:\/\/www.testqual.com\/productos\/index.php\/wp-json\/wp\/v2\/pages\/450\/revisions"}],"predecessor-version":[{"id":460,"href":"https:\/\/www.testqual.com\/productos\/index.php\/wp-json\/wp\/v2\/pages\/450\/revisions\/460"}],"wp:attachment":[{"href":"https:\/\/www.testqual.com\/productos\/index.php\/wp-json\/wp\/v2\/media?parent=450"}],"curies":[{"name":"wp","href":"https:\/\/api.w.org\/{rel}","templated":true}]}}