{"id":469,"date":"2022-11-28T12:08:59","date_gmt":"2022-11-28T11:08:59","guid":{"rendered":"https:\/\/www.testqual.com\/productos\/?page_id=469"},"modified":"2022-11-28T12:09:29","modified_gmt":"2022-11-28T11:09:29","slug":"bekolut-leox","status":"publish","type":"page","link":"https:\/\/www.testqual.com\/productos\/index.php\/bekolut-leox\/","title":{"rendered":"BEKOlut LEOX"},"content":{"rendered":"\t\t<div data-elementor-type=\"wp-page\" data-elementor-id=\"469\" class=\"elementor elementor-469\">\n\t\t\t\t\t\t\t\t\t<section class=\"elementor-section elementor-top-section elementor-element elementor-element-9c69790 elementor-section-boxed elementor-section-height-default elementor-section-height-default\" data-id=\"9c69790\" data-element_type=\"section\">\n\t\t\t\t\t\t<div class=\"elementor-container elementor-column-gap-default\">\n\t\t\t\t\t<div class=\"aux-parallax-section elementor-column elementor-col-100 elementor-top-column elementor-element elementor-element-dae60f2\" data-id=\"dae60f2\" data-element_type=\"column\">\n\t\t\t<div class=\"elementor-widget-wrap elementor-element-populated\">\n\t\t\t\t\t\t\t\t<div class=\"elementor-element elementor-element-79a2947 elementor-widget elementor-widget-spacer\" data-id=\"79a2947\" data-element_type=\"widget\" data-widget_type=\"spacer.default\">\n\t\t\t\t<div class=\"elementor-widget-container\">\n\t\t\t\t\t<div class=\"elementor-spacer\">\n\t\t\t<div class=\"elementor-spacer-inner\"><\/div>\n\t\t<\/div>\n\t\t\t\t<\/div>\n\t\t\t\t<\/div>\n\t\t\t\t\t<\/div>\n\t\t<\/div>\n\t\t\t\t\t\t\t<\/div>\n\t\t<\/section>\n\t\t\t\t<section class=\"elementor-section elementor-top-section elementor-element elementor-element-1cbdbe42 elementor-section-boxed elementor-section-height-default elementor-section-height-default\" data-id=\"1cbdbe42\" data-element_type=\"section\">\n\t\t\t\t\t\t<div class=\"elementor-container elementor-column-gap-default\">\n\t\t\t\t\t<div class=\"aux-parallax-section elementor-column elementor-col-100 elementor-top-column elementor-element elementor-element-25aaeab4\" data-id=\"25aaeab4\" data-element_type=\"column\">\n\t\t\t<div class=\"elementor-widget-wrap elementor-element-populated\">\n\t\t\t\t\t\t\t\t<div class=\"elementor-element elementor-element-523a1032 elementor-widget elementor-widget-aux_modern_heading\" data-id=\"523a1032\" data-element_type=\"widget\" data-widget_type=\"aux_modern_heading.default\">\n\t\t\t\t<div class=\"elementor-widget-container\">\n\t\t\t<section class=\"aux-widget-modern-heading\">\n            <div class=\"aux-widget-inner\"><h2 class=\"aux-modern-heading-primary\">Fase polim\u00e9rica de alta eficiencia (HP)<\/h2><h3 class=\"aux-modern-heading-secondary\"><span class=\"aux-head-highlight\">A base de pol\u00edmeros<\/span><\/h3><div class=\"aux-modern-heading-divider\"><\/div><\/div>\n        <\/section>\t\t<\/div>\n\t\t\t\t<\/div>\n\t\t\t\t\t<\/div>\n\t\t<\/div>\n\t\t\t\t\t\t\t<\/div>\n\t\t<\/section>\n\t\t\t\t<section class=\"elementor-section elementor-top-section elementor-element elementor-element-5f4437fe elementor-section-boxed elementor-section-height-default elementor-section-height-default\" data-id=\"5f4437fe\" data-element_type=\"section\">\n\t\t\t\t\t\t<div class=\"elementor-container elementor-column-gap-default\">\n\t\t\t\t\t<div class=\"aux-parallax-section elementor-column elementor-col-50 elementor-top-column elementor-element elementor-element-1a911f2\" data-id=\"1a911f2\" data-element_type=\"column\">\n\t\t\t<div class=\"elementor-widget-wrap elementor-element-populated\">\n\t\t\t\t\t\t\t\t<div class=\"elementor-element elementor-element-430cdc2f elementor-widget elementor-widget-text-editor\" data-id=\"430cdc2f\" data-element_type=\"widget\" data-widget_type=\"text-editor.default\">\n\t\t\t\t<div class=\"elementor-widget-container\">\n\t\t\t\t\t\t\t<p><b>BEKOlut LEOX<\/b><\/p><p>BEKOlut<sup>\u00ae<\/sup>\u00a0Leox<sup>\u00ae<\/sup>\u00a0es un solvente polim\u00e9rico semejante en la cromatograf\u00eda a los adsorbentes HPLC y de caracter\u00edsticas casi ideales en cuanto a retenci\u00f3n y elusi\u00f3n de analitos polares y no polares a partir de matrices biol\u00f3gicas y acuosas.<\/p><p>Aplicaci\u00f3n t\u00edpica para el uso correcto:\u00a0Compuestos polares no polares de soluciones acuosas, por ej. pesticidas en agua, medicamentos en muestras biol\u00f3gicas (sulfonamidas, residuos de tetraciclina y quinolona en carne, vitamina k en suero).<\/p>\t\t\t\t\t\t<\/div>\n\t\t\t\t<\/div>\n\t\t\t\t<div class=\"elementor-element elementor-element-5ebfd0f3 elementor-widget elementor-widget-text-editor\" data-id=\"5ebfd0f3\" data-element_type=\"widget\" data-widget_type=\"text-editor.default\">\n\t\t\t\t<div class=\"elementor-widget-container\">\n\t\t\t\t\t\t\t<p><strong>Material base:\u00a0<\/strong>copol\u00edmero PS-DVB<\/p><div class=\"product-detail-list-img\">\u00a0<\/div><p>\u00a0<strong>Tama\u00f1o de poros:\u00a0<\/strong>100 \u00e1ngstrom<\/p><div class=\"product-detail-list-img\">\u00a0<\/div><p>\u00a0<strong>Tama\u00f1o de part\u00edculas:\u00a0<\/strong>40-63 \u00b5m<\/p><div class=\"product-detail-list-img\">\u00a0<\/div><p>\u00a0<strong>Phase mechanism:\u00a0<\/strong>no polar, fase reversa<\/p><div class=\"product-detail-list-img\">\u00a0<\/div><p>\u00a0<strong>Compatibilidad matriz modelo:\u00a0<\/strong>acuoso<\/p><div class=\"product-detail-list-img\">\u00a0<\/div><p>\u00a0<strong>Porenvolumen:\u00a0<\/strong>0.9 ml\/g<\/p>\t\t\t\t\t\t<\/div>\n\t\t\t\t<\/div>\n\t\t\t\t\t<\/div>\n\t\t<\/div>\n\t\t\t\t<div class=\"aux-parallax-section elementor-column elementor-col-50 elementor-top-column elementor-element elementor-element-1e277f5a\" data-id=\"1e277f5a\" data-element_type=\"column\">\n\t\t\t<div class=\"elementor-widget-wrap elementor-element-populated\">\n\t\t\t\t\t\t\t\t<div class=\"elementor-element elementor-element-634c6f4c elementor-widget elementor-widget-image\" data-id=\"634c6f4c\" data-element_type=\"widget\" data-widget_type=\"image.default\">\n\t\t\t\t<div class=\"elementor-widget-container\">\n\t\t\t\t\t\t\t\t\t\t\t\t\t\t\t<img decoding=\"async\" width=\"738\" height=\"419\" src=\"https:\/\/www.testqual.com\/productos\/wp-content\/uploads\/2022\/11\/LEOX.png\" class=\"attachment-large size-large wp-image-471\" alt=\"\" loading=\"lazy\" srcset=\"https:\/\/www.testqual.com\/productos\/wp-content\/uploads\/2022\/11\/LEOX.png 738w, https:\/\/www.testqual.com\/productos\/wp-content\/uploads\/2022\/11\/LEOX-200x114.png 200w\" sizes=\"(max-width: 738px) 100vw, 738px\" \/>\t\t\t\t\t\t\t\t\t\t\t\t\t\t\t<\/div>\n\t\t\t\t<\/div>\n\t\t\t\t<div class=\"elementor-element elementor-element-1a94b76a elementor-align-center elementor-widget elementor-widget-button\" data-id=\"1a94b76a\" data-element_type=\"widget\" data-widget_type=\"button.default\">\n\t\t\t\t<div class=\"elementor-widget-container\">\n\t\t\t\t\t<div class=\"elementor-button-wrapper\">\n\t\t\t<a class=\"elementor-button elementor-size-sm\" role=\"button\">\n\t\t\t\t\t\t<span class=\"elementor-button-content-wrapper\">\n\t\t\t\t\t\t<span class=\"elementor-button-text\">Pida su oferta sobre este producto<\/span>\n\t\t<\/span>\n\t\t\t\t\t<\/a>\n\t\t<\/div>\n\t\t\t\t<\/div>\n\t\t\t\t<\/div>\n\t\t\t\t\t<\/div>\n\t\t<\/div>\n\t\t\t\t\t\t\t<\/div>\n\t\t<\/section>\n\t\t\t\t\t\t\t<\/div>\n\t\t","protected":false},"excerpt":{"rendered":"<p>Fase polim\u00e9rica de alta eficiencia (HP) A base de pol\u00edmeros BEKOlut LEOX BEKOlut\u00ae\u00a0Leox\u00ae\u00a0es un solvente polim\u00e9rico semejante en la cromatograf\u00eda a los adsorbentes HPLC y de caracter\u00edsticas casi ideales en cuanto a retenci\u00f3n y elusi\u00f3n de analitos polares y no polares a partir de matrices biol\u00f3gicas y acuosas. Aplicaci\u00f3n t\u00edpica para el uso correcto:\u00a0Compuestos polares [&hellip;]<\/p>\n","protected":false},"author":1,"featured_media":0,"parent":0,"menu_order":0,"comment_status":"closed","ping_status":"closed","template":"","meta":[],"_links":{"self":[{"href":"https:\/\/www.testqual.com\/productos\/index.php\/wp-json\/wp\/v2\/pages\/469"}],"collection":[{"href":"https:\/\/www.testqual.com\/productos\/index.php\/wp-json\/wp\/v2\/pages"}],"about":[{"href":"https:\/\/www.testqual.com\/productos\/index.php\/wp-json\/wp\/v2\/types\/page"}],"author":[{"embeddable":true,"href":"https:\/\/www.testqual.com\/productos\/index.php\/wp-json\/wp\/v2\/users\/1"}],"replies":[{"embeddable":true,"href":"https:\/\/www.testqual.com\/productos\/index.php\/wp-json\/wp\/v2\/comments?post=469"}],"version-history":[{"count":4,"href":"https:\/\/www.testqual.com\/productos\/index.php\/wp-json\/wp\/v2\/pages\/469\/revisions"}],"predecessor-version":[{"id":474,"href":"https:\/\/www.testqual.com\/productos\/index.php\/wp-json\/wp\/v2\/pages\/469\/revisions\/474"}],"wp:attachment":[{"href":"https:\/\/www.testqual.com\/productos\/index.php\/wp-json\/wp\/v2\/media?parent=469"}],"curies":[{"name":"wp","href":"https:\/\/api.w.org\/{rel}","templated":true}]}}