{"id":477,"date":"2022-11-28T13:03:02","date_gmt":"2022-11-28T12:03:02","guid":{"rendered":"https:\/\/www.testqual.com\/productos\/?page_id=477"},"modified":"2022-11-28T13:03:30","modified_gmt":"2022-11-28T12:03:30","slug":"bekolut-sl","status":"publish","type":"page","link":"https:\/\/www.testqual.com\/productos\/index.php\/bekolut-sl\/","title":{"rendered":"BEKOlut Sl"},"content":{"rendered":"\t\t<div data-elementor-type=\"wp-page\" data-elementor-id=\"477\" class=\"elementor elementor-477\">\n\t\t\t\t\t\t\t\t\t<section class=\"elementor-section elementor-top-section elementor-element elementor-element-1bce2e2 elementor-section-boxed elementor-section-height-default elementor-section-height-default\" data-id=\"1bce2e2\" data-element_type=\"section\">\n\t\t\t\t\t\t<div class=\"elementor-container elementor-column-gap-default\">\n\t\t\t\t\t<div class=\"aux-parallax-section elementor-column elementor-col-100 elementor-top-column elementor-element elementor-element-1ddfe60\" data-id=\"1ddfe60\" data-element_type=\"column\">\n\t\t\t<div class=\"elementor-widget-wrap elementor-element-populated\">\n\t\t\t\t\t\t\t\t<div class=\"elementor-element elementor-element-fd2d556 elementor-widget elementor-widget-spacer\" data-id=\"fd2d556\" data-element_type=\"widget\" data-widget_type=\"spacer.default\">\n\t\t\t\t<div class=\"elementor-widget-container\">\n\t\t\t\t\t<div class=\"elementor-spacer\">\n\t\t\t<div class=\"elementor-spacer-inner\"><\/div>\n\t\t<\/div>\n\t\t\t\t<\/div>\n\t\t\t\t<\/div>\n\t\t\t\t\t<\/div>\n\t\t<\/div>\n\t\t\t\t\t\t\t<\/div>\n\t\t<\/section>\n\t\t\t\t<section class=\"elementor-section elementor-top-section elementor-element elementor-element-1d95c5a8 elementor-section-boxed elementor-section-height-default elementor-section-height-default\" data-id=\"1d95c5a8\" data-element_type=\"section\">\n\t\t\t\t\t\t<div class=\"elementor-container elementor-column-gap-default\">\n\t\t\t\t\t<div class=\"aux-parallax-section elementor-column elementor-col-100 elementor-top-column elementor-element elementor-element-33e28852\" data-id=\"33e28852\" data-element_type=\"column\">\n\t\t\t<div class=\"elementor-widget-wrap elementor-element-populated\">\n\t\t\t\t\t\t\t\t<div class=\"elementor-element elementor-element-571e2c8d elementor-widget elementor-widget-aux_modern_heading\" data-id=\"571e2c8d\" data-element_type=\"widget\" data-widget_type=\"aux_modern_heading.default\">\n\t\t\t\t<div class=\"elementor-widget-container\">\n\t\t\t<section class=\"aux-widget-modern-heading\">\n            <div class=\"aux-widget-inner\"><h2 class=\"aux-modern-heading-primary\">Fase normal<\/h2><h3 class=\"aux-modern-heading-secondary\"><span class=\"aux-head-highlight\">Adsorbentes polares<\/span><\/h3><div class=\"aux-modern-heading-divider\"><\/div><\/div>\n        <\/section>\t\t<\/div>\n\t\t\t\t<\/div>\n\t\t\t\t\t<\/div>\n\t\t<\/div>\n\t\t\t\t\t\t\t<\/div>\n\t\t<\/section>\n\t\t\t\t<section class=\"elementor-section elementor-top-section elementor-element elementor-element-20d34692 elementor-section-boxed elementor-section-height-default elementor-section-height-default\" data-id=\"20d34692\" data-element_type=\"section\">\n\t\t\t\t\t\t<div class=\"elementor-container elementor-column-gap-default\">\n\t\t\t\t\t<div class=\"aux-parallax-section elementor-column elementor-col-50 elementor-top-column elementor-element elementor-element-60134dc0\" data-id=\"60134dc0\" data-element_type=\"column\">\n\t\t\t<div class=\"elementor-widget-wrap elementor-element-populated\">\n\t\t\t\t\t\t\t\t<div class=\"elementor-element elementor-element-2985c330 elementor-widget elementor-widget-text-editor\" data-id=\"2985c330\" data-element_type=\"widget\" data-widget_type=\"text-editor.default\">\n\t\t\t\t<div class=\"elementor-widget-container\">\n\t\t\t\t\t\t\t<p><b>BEKOlut Sl<\/b><\/p><p>Nuestras columnas gel de s\u00edlice para la SPE se basan en gel de s\u00edlice esf\u00e9rico de alta pureza con una alta superficie espec\u00edfica y tama\u00f1o de part\u00edcula optimizado, lo que garantiza un caudal volum\u00e9trico \u00f3ptimo con recuperaciones reproducibles.<\/p><p>Aplicaci\u00f3n t\u00edpica para el uso correcto:\u00a0Fraccionamiento de compuestos polares y no polares de matrices lipof\u00edlicas, por ej. pesticidas de alimentos, dexametasona de base de cremas, cloranfenicol de homogeneizados musculares, m\u00e9todo m\u00faltiple ampliado DFG S19\/ ASU L00.00-34<\/p>\t\t\t\t\t\t<\/div>\n\t\t\t\t<\/div>\n\t\t\t\t<div class=\"elementor-element elementor-element-5d7de0de elementor-widget elementor-widget-text-editor\" data-id=\"5d7de0de\" data-element_type=\"widget\" data-widget_type=\"text-editor.default\">\n\t\t\t\t<div class=\"elementor-widget-container\">\n\t\t\t\t\t\t\t<p><strong>Material base:\u00a0<\/strong>gel de s\u00edlice esf\u00e9rico<\/p><div class=\"product-detail-list-img\">\u00a0<\/div><p>\u00a0<strong>Tama\u00f1o de poros:\u00a0<\/strong>55 \u00e1ngstrom<\/p><div class=\"product-detail-list-img\">\u00a0<\/div><p>\u00a0<strong>Tama\u00f1o de part\u00edculas:\u00a0<\/strong>40-63 \u00b5m<\/p><div class=\"product-detail-list-img\">\u00a0<\/div><p>\u00a0<strong>Grupo funcional:\u00a0<\/strong>gel de s\u00edlice<\/p><div class=\"product-detail-list-img\">\u00a0<\/div><p>\u00a0<strong>Phase mechanism:\u00a0<\/strong>altamente polar<\/p><div class=\"product-detail-list-img\">\u00a0<\/div><p>\u00a0<strong>Compatibilidad matriz modelo:\u00a0<\/strong>org\u00e1nico<\/p>\t\t\t\t\t\t<\/div>\n\t\t\t\t<\/div>\n\t\t\t\t\t<\/div>\n\t\t<\/div>\n\t\t\t\t<div class=\"aux-parallax-section elementor-column elementor-col-50 elementor-top-column elementor-element elementor-element-41b73c4f\" data-id=\"41b73c4f\" data-element_type=\"column\">\n\t\t\t<div class=\"elementor-widget-wrap elementor-element-populated\">\n\t\t\t\t\t\t\t\t<div class=\"elementor-element elementor-element-6fc0100a elementor-widget elementor-widget-image\" data-id=\"6fc0100a\" data-element_type=\"widget\" data-widget_type=\"image.default\">\n\t\t\t\t<div class=\"elementor-widget-container\">\n\t\t\t\t\t\t\t\t\t\t\t\t\t\t\t<img decoding=\"async\" width=\"739\" height=\"333\" src=\"https:\/\/www.testqual.com\/productos\/wp-content\/uploads\/2022\/11\/Sl.png\" class=\"attachment-large size-large wp-image-479\" alt=\"\" loading=\"lazy\" srcset=\"https:\/\/www.testqual.com\/productos\/wp-content\/uploads\/2022\/11\/Sl.png 739w, https:\/\/www.testqual.com\/productos\/wp-content\/uploads\/2022\/11\/Sl-200x90.png 200w\" sizes=\"(max-width: 739px) 100vw, 739px\" \/>\t\t\t\t\t\t\t\t\t\t\t\t\t\t\t<\/div>\n\t\t\t\t<\/div>\n\t\t\t\t<div class=\"elementor-element elementor-element-77ce3807 elementor-align-center elementor-widget elementor-widget-button\" data-id=\"77ce3807\" data-element_type=\"widget\" data-widget_type=\"button.default\">\n\t\t\t\t<div class=\"elementor-widget-container\">\n\t\t\t\t\t<div class=\"elementor-button-wrapper\">\n\t\t\t<a class=\"elementor-button elementor-size-sm\" role=\"button\">\n\t\t\t\t\t\t<span class=\"elementor-button-content-wrapper\">\n\t\t\t\t\t\t<span class=\"elementor-button-text\">Pida su oferta sobre este producto<\/span>\n\t\t<\/span>\n\t\t\t\t\t<\/a>\n\t\t<\/div>\n\t\t\t\t<\/div>\n\t\t\t\t<\/div>\n\t\t\t\t\t<\/div>\n\t\t<\/div>\n\t\t\t\t\t\t\t<\/div>\n\t\t<\/section>\n\t\t\t\t\t\t\t<\/div>\n\t\t","protected":false},"excerpt":{"rendered":"<p>Fase normal Adsorbentes polares BEKOlut Sl Nuestras columnas gel de s\u00edlice para la SPE se basan en gel de s\u00edlice esf\u00e9rico de alta pureza con una alta superficie espec\u00edfica y tama\u00f1o de part\u00edcula optimizado, lo que garantiza un caudal volum\u00e9trico \u00f3ptimo con recuperaciones reproducibles. Aplicaci\u00f3n t\u00edpica para el uso correcto:\u00a0Fraccionamiento de compuestos polares y no [&hellip;]<\/p>\n","protected":false},"author":1,"featured_media":0,"parent":0,"menu_order":0,"comment_status":"closed","ping_status":"closed","template":"","meta":[],"_links":{"self":[{"href":"https:\/\/www.testqual.com\/productos\/index.php\/wp-json\/wp\/v2\/pages\/477"}],"collection":[{"href":"https:\/\/www.testqual.com\/productos\/index.php\/wp-json\/wp\/v2\/pages"}],"about":[{"href":"https:\/\/www.testqual.com\/productos\/index.php\/wp-json\/wp\/v2\/types\/page"}],"author":[{"embeddable":true,"href":"https:\/\/www.testqual.com\/productos\/index.php\/wp-json\/wp\/v2\/users\/1"}],"replies":[{"embeddable":true,"href":"https:\/\/www.testqual.com\/productos\/index.php\/wp-json\/wp\/v2\/comments?post=477"}],"version-history":[{"count":4,"href":"https:\/\/www.testqual.com\/productos\/index.php\/wp-json\/wp\/v2\/pages\/477\/revisions"}],"predecessor-version":[{"id":482,"href":"https:\/\/www.testqual.com\/productos\/index.php\/wp-json\/wp\/v2\/pages\/477\/revisions\/482"}],"wp:attachment":[{"href":"https:\/\/www.testqual.com\/productos\/index.php\/wp-json\/wp\/v2\/media?parent=477"}],"curies":[{"name":"wp","href":"https:\/\/api.w.org\/{rel}","templated":true}]}}