{"id":503,"date":"2023-03-03T12:02:49","date_gmt":"2023-03-03T11:02:49","guid":{"rendered":"https:\/\/www.testqual.com\/productos\/?page_id=503"},"modified":"2023-03-03T12:03:37","modified_gmt":"2023-03-03T11:03:37","slug":"bekolut-cyano","status":"publish","type":"page","link":"https:\/\/www.testqual.com\/productos\/index.php\/bekolut-cyano\/","title":{"rendered":"BEKOlut CYANO"},"content":{"rendered":"\t\t<div data-elementor-type=\"wp-page\" data-elementor-id=\"503\" class=\"elementor elementor-503\">\n\t\t\t\t\t\t\t\t\t<section class=\"elementor-section elementor-top-section elementor-element elementor-element-4f4ea5da elementor-section-boxed elementor-section-height-default elementor-section-height-default\" data-id=\"4f4ea5da\" data-element_type=\"section\">\n\t\t\t\t\t\t<div class=\"elementor-container elementor-column-gap-default\">\n\t\t\t\t\t<div class=\"aux-parallax-section elementor-column elementor-col-100 elementor-top-column elementor-element elementor-element-e29a989\" data-id=\"e29a989\" data-element_type=\"column\">\n\t\t\t<div class=\"elementor-widget-wrap\">\n\t\t\t\t\t\t\t\t\t<\/div>\n\t\t<\/div>\n\t\t\t\t\t\t\t<\/div>\n\t\t<\/section>\n\t\t\t\t<section class=\"elementor-section elementor-top-section elementor-element elementor-element-b1c6f6a elementor-section-boxed elementor-section-height-default elementor-section-height-default\" data-id=\"b1c6f6a\" data-element_type=\"section\">\n\t\t\t\t\t\t<div class=\"elementor-container elementor-column-gap-default\">\n\t\t\t\t\t<div class=\"aux-parallax-section elementor-column elementor-col-100 elementor-top-column elementor-element elementor-element-004dd20\" data-id=\"004dd20\" data-element_type=\"column\">\n\t\t\t<div class=\"elementor-widget-wrap elementor-element-populated\">\n\t\t\t\t\t\t\t\t<div class=\"elementor-element elementor-element-46f758d elementor-widget elementor-widget-spacer\" data-id=\"46f758d\" data-element_type=\"widget\" data-widget_type=\"spacer.default\">\n\t\t\t\t<div class=\"elementor-widget-container\">\n\t\t\t\t\t<div class=\"elementor-spacer\">\n\t\t\t<div class=\"elementor-spacer-inner\"><\/div>\n\t\t<\/div>\n\t\t\t\t<\/div>\n\t\t\t\t<\/div>\n\t\t\t\t\t<\/div>\n\t\t<\/div>\n\t\t\t\t\t\t\t<\/div>\n\t\t<\/section>\n\t\t\t\t<section class=\"elementor-section elementor-top-section elementor-element elementor-element-644e0a25 elementor-section-boxed elementor-section-height-default elementor-section-height-default\" data-id=\"644e0a25\" data-element_type=\"section\">\n\t\t\t\t\t\t<div class=\"elementor-container elementor-column-gap-default\">\n\t\t\t\t\t<div class=\"aux-parallax-section elementor-column elementor-col-100 elementor-top-column elementor-element elementor-element-1be2cd7b\" data-id=\"1be2cd7b\" data-element_type=\"column\">\n\t\t\t<div class=\"elementor-widget-wrap elementor-element-populated\">\n\t\t\t\t\t\t\t\t<div class=\"elementor-element elementor-element-33f5645f elementor-widget elementor-widget-aux_modern_heading\" data-id=\"33f5645f\" data-element_type=\"widget\" data-widget_type=\"aux_modern_heading.default\">\n\t\t\t\t<div class=\"elementor-widget-container\">\n\t\t\t<section class=\"aux-widget-modern-heading\">\n            <div class=\"aux-widget-inner\"><h2 class=\"aux-modern-heading-primary\">Fase Normal<\/h2><h3 class=\"aux-modern-heading-secondary\"><span class=\"aux-head-highlight\">Adsorbentes de polaridad media<\/span><span class=\"aux-head-after\">| BEKOlut CYANO<\/span><\/h3><div class=\"aux-modern-heading-divider\"><\/div><\/div>\n        <\/section>\t\t<\/div>\n\t\t\t\t<\/div>\n\t\t\t\t<div class=\"elementor-element elementor-element-4992e8c0 elementor-widget elementor-widget-text-editor\" data-id=\"4992e8c0\" data-element_type=\"widget\" data-widget_type=\"text-editor.default\">\n\t\t\t\t<div class=\"elementor-widget-container\">\n\t\t\t\t\t\t\t<p>En analitos polares que obtienen una retenci\u00f3n muy alta sobre BEKOlut<sup>\u00ae<\/sup>\u00a0SI, el cambio a BEKOlut<sup>\u00ae<\/sup>\u00a0CN (ciano) puede ser una opci\u00f3n. La fase BEKOlut<sup>\u00ae<\/sup>\u00a0CN cierra la brecha de selectividad dentro de los otros adsorbentes de fase normal de la serie BEKOlut<sup>\u00ae<\/sup>, gel de s\u00edlice y amino.<\/p><p><strong>Aplicaci\u00f3n t\u00edpica para el uso correcto:<\/strong> Estilbeno de agua (luego de la extracci\u00f3n con disolventes org\u00e1nicos); retenci\u00f3n de compuestos polares del n-hexano y aceites; son aptos para fase reversa SPE de compuestos polares de polaridad moderada.<\/p><p>\u00a0<\/p>\t\t\t\t\t\t<\/div>\n\t\t\t\t<\/div>\n\t\t\t\t\t<\/div>\n\t\t<\/div>\n\t\t\t\t\t\t\t<\/div>\n\t\t<\/section>\n\t\t\t\t<section class=\"elementor-section elementor-top-section elementor-element elementor-element-1d0cac62 elementor-section-boxed elementor-section-height-default elementor-section-height-default\" data-id=\"1d0cac62\" data-element_type=\"section\">\n\t\t\t\t\t\t<div class=\"elementor-container elementor-column-gap-default\">\n\t\t\t\t\t<div class=\"aux-parallax-section elementor-column elementor-col-50 elementor-top-column elementor-element elementor-element-29f388cd\" data-id=\"29f388cd\" data-element_type=\"column\">\n\t\t\t<div class=\"elementor-widget-wrap elementor-element-populated\">\n\t\t\t\t\t\t\t\t<div class=\"elementor-element elementor-element-68e61bdf elementor-widget elementor-widget-text-editor\" data-id=\"68e61bdf\" data-element_type=\"widget\" data-widget_type=\"text-editor.default\">\n\t\t\t\t<div class=\"elementor-widget-container\">\n\t\t\t\t\t\t\t<ul><li><div class=\"product-detail-list-img\">\u00a0<\/div>\u00a0<strong>Material base:\u00a0<\/strong>gel de s\u00edlice modificado<\/li><li><div class=\"product-detail-list-img\">\u00a0<\/div>\u00a0<strong>Tama\u00f1o de poros:\u00a0<\/strong>60 \u00e1ngstrom<\/li><li><div class=\"product-detail-list-img\">\u00a0<\/div>\u00a0<strong>Tama\u00f1o de part\u00edculas:\u00a0<\/strong>40-63 \u00b5m<\/li><li><div class=\"product-detail-list-img\">\u00a0<\/div>\u00a0<strong>Grupo funcional:\u00a0<\/strong>cianopropilo<\/li><li><div class=\"product-detail-list-img\">\u00a0<\/div>\u00a0<strong>Phase mechanism:\u00a0<\/strong>polaridad media<\/li><li><div class=\"product-detail-list-img\">\u00a0<\/div>\u00a0<strong>Nivel de tamponado:\u00a0<\/strong>no<\/li><li><div class=\"product-detail-list-img\">\u00a0<\/div>\u00a0<strong>Compatibilidad matriz modelo:\u00a0<\/strong>org\u00e1nico o acuoso<\/li><\/ul>\t\t\t\t\t\t<\/div>\n\t\t\t\t<\/div>\n\t\t\t\t\t<\/div>\n\t\t<\/div>\n\t\t\t\t<div class=\"aux-parallax-section elementor-column elementor-col-50 elementor-top-column elementor-element elementor-element-579e3300\" data-id=\"579e3300\" data-element_type=\"column\">\n\t\t\t<div class=\"elementor-widget-wrap elementor-element-populated\">\n\t\t\t\t\t\t\t\t<div class=\"elementor-element elementor-element-15557b5 elementor-widget elementor-widget-image\" data-id=\"15557b5\" data-element_type=\"widget\" data-widget_type=\"image.default\">\n\t\t\t\t<div class=\"elementor-widget-container\">\n\t\t\t\t\t\t\t\t\t\t\t\t\t\t\t<img decoding=\"async\" width=\"728\" height=\"325\" src=\"https:\/\/www.testqual.com\/productos\/wp-content\/uploads\/2023\/03\/BEKOLUT-CYANO.png\" class=\"attachment-large size-large wp-image-505\" alt=\"\" loading=\"lazy\" srcset=\"https:\/\/www.testqual.com\/productos\/wp-content\/uploads\/2023\/03\/BEKOLUT-CYANO.png 728w, https:\/\/www.testqual.com\/productos\/wp-content\/uploads\/2023\/03\/BEKOLUT-CYANO-200x89.png 200w\" sizes=\"(max-width: 728px) 100vw, 728px\" \/>\t\t\t\t\t\t\t\t\t\t\t\t\t\t\t<\/div>\n\t\t\t\t<\/div>\n\t\t\t\t\t<\/div>\n\t\t<\/div>\n\t\t\t\t\t\t\t<\/div>\n\t\t<\/section>\n\t\t\t\t\t\t\t<\/div>\n\t\t","protected":false},"excerpt":{"rendered":"<p>Fase Normal Adsorbentes de polaridad media| BEKOlut CYANO En analitos polares que obtienen una retenci\u00f3n muy alta sobre BEKOlut\u00ae\u00a0SI, el cambio a BEKOlut\u00ae\u00a0CN (ciano) puede ser una opci\u00f3n. La fase BEKOlut\u00ae\u00a0CN cierra la brecha de selectividad dentro de los otros adsorbentes de fase normal de la serie BEKOlut\u00ae, gel de s\u00edlice y amino. Aplicaci\u00f3n t\u00edpica [&hellip;]<\/p>\n","protected":false},"author":1,"featured_media":0,"parent":0,"menu_order":0,"comment_status":"closed","ping_status":"closed","template":"","meta":[],"_links":{"self":[{"href":"https:\/\/www.testqual.com\/productos\/index.php\/wp-json\/wp\/v2\/pages\/503"}],"collection":[{"href":"https:\/\/www.testqual.com\/productos\/index.php\/wp-json\/wp\/v2\/pages"}],"about":[{"href":"https:\/\/www.testqual.com\/productos\/index.php\/wp-json\/wp\/v2\/types\/page"}],"author":[{"embeddable":true,"href":"https:\/\/www.testqual.com\/productos\/index.php\/wp-json\/wp\/v2\/users\/1"}],"replies":[{"embeddable":true,"href":"https:\/\/www.testqual.com\/productos\/index.php\/wp-json\/wp\/v2\/comments?post=503"}],"version-history":[{"count":4,"href":"https:\/\/www.testqual.com\/productos\/index.php\/wp-json\/wp\/v2\/pages\/503\/revisions"}],"predecessor-version":[{"id":508,"href":"https:\/\/www.testqual.com\/productos\/index.php\/wp-json\/wp\/v2\/pages\/503\/revisions\/508"}],"wp:attachment":[{"href":"https:\/\/www.testqual.com\/productos\/index.php\/wp-json\/wp\/v2\/media?parent=503"}],"curies":[{"name":"wp","href":"https:\/\/api.w.org\/{rel}","templated":true}]}}