{"id":511,"date":"2023-03-09T08:37:51","date_gmt":"2023-03-09T07:37:51","guid":{"rendered":"https:\/\/www.testqual.com\/productos\/?page_id=511"},"modified":"2023-03-09T08:39:34","modified_gmt":"2023-03-09T07:39:34","slug":"bekolut-florisil","status":"publish","type":"page","link":"https:\/\/www.testqual.com\/productos\/index.php\/bekolut-florisil\/","title":{"rendered":"BEKOlut Florisil"},"content":{"rendered":"\t\t<div data-elementor-type=\"wp-page\" data-elementor-id=\"511\" class=\"elementor elementor-511\">\n\t\t\t\t\t\t\t\t\t<section class=\"elementor-section elementor-top-section elementor-element elementor-element-be8e761 elementor-section-boxed elementor-section-height-default elementor-section-height-default\" data-id=\"be8e761\" data-element_type=\"section\">\n\t\t\t\t\t\t<div class=\"elementor-container elementor-column-gap-default\">\n\t\t\t\t\t<div class=\"aux-parallax-section elementor-column elementor-col-100 elementor-top-column elementor-element elementor-element-233cfdee\" data-id=\"233cfdee\" data-element_type=\"column\">\n\t\t\t<div class=\"elementor-widget-wrap\">\n\t\t\t\t\t\t\t\t\t<\/div>\n\t\t<\/div>\n\t\t\t\t\t\t\t<\/div>\n\t\t<\/section>\n\t\t\t\t<section class=\"elementor-section elementor-top-section elementor-element elementor-element-ba30041 elementor-section-boxed elementor-section-height-default elementor-section-height-default\" data-id=\"ba30041\" data-element_type=\"section\">\n\t\t\t\t\t\t<div class=\"elementor-container elementor-column-gap-default\">\n\t\t\t\t\t<div class=\"aux-parallax-section elementor-column elementor-col-100 elementor-top-column elementor-element elementor-element-2e7a30c\" data-id=\"2e7a30c\" data-element_type=\"column\">\n\t\t\t<div class=\"elementor-widget-wrap elementor-element-populated\">\n\t\t\t\t\t\t\t\t<div class=\"elementor-element elementor-element-dd8de7f elementor-widget elementor-widget-spacer\" data-id=\"dd8de7f\" data-element_type=\"widget\" data-widget_type=\"spacer.default\">\n\t\t\t\t<div class=\"elementor-widget-container\">\n\t\t\t\t\t<div class=\"elementor-spacer\">\n\t\t\t<div class=\"elementor-spacer-inner\"><\/div>\n\t\t<\/div>\n\t\t\t\t<\/div>\n\t\t\t\t<\/div>\n\t\t\t\t\t<\/div>\n\t\t<\/div>\n\t\t\t\t\t\t\t<\/div>\n\t\t<\/section>\n\t\t\t\t<section class=\"elementor-section elementor-top-section elementor-element elementor-element-1c968b2f elementor-section-boxed elementor-section-height-default elementor-section-height-default\" data-id=\"1c968b2f\" data-element_type=\"section\">\n\t\t\t\t\t\t<div class=\"elementor-container elementor-column-gap-default\">\n\t\t\t\t\t<div class=\"aux-parallax-section elementor-column elementor-col-100 elementor-top-column elementor-element elementor-element-32335077\" data-id=\"32335077\" data-element_type=\"column\">\n\t\t\t<div class=\"elementor-widget-wrap elementor-element-populated\">\n\t\t\t\t\t\t\t\t<div class=\"elementor-element elementor-element-5b4cee8f elementor-widget elementor-widget-aux_modern_heading\" data-id=\"5b4cee8f\" data-element_type=\"widget\" data-widget_type=\"aux_modern_heading.default\">\n\t\t\t\t<div class=\"elementor-widget-container\">\n\t\t\t<section class=\"aux-widget-modern-heading\">\n            <div class=\"aux-widget-inner\"><h2 class=\"aux-modern-heading-primary\">Fase Normal<\/h2><h3 class=\"aux-modern-heading-secondary\"><span class=\"aux-head-highlight\">Adsorbentes polares<\/span><span class=\"aux-head-after\">BEKOlut Florisil<\/span><\/h3><div class=\"aux-modern-heading-divider\"><\/div><\/div>\n        <\/section>\t\t<\/div>\n\t\t\t\t<\/div>\n\t\t\t\t<div class=\"elementor-element elementor-element-7cfa94ce elementor-widget elementor-widget-text-editor\" data-id=\"7cfa94ce\" data-element_type=\"widget\" data-widget_type=\"text-editor.default\">\n\t\t\t\t<div class=\"elementor-widget-container\">\n\t\t\t\t\t\t\t<p>Los cartuchos BEKOlut<sup>\u00ae<\/sup>\u00a0Florisil<sup>\u00ae<\/sup> contienen silicato de magnesio (MgO:SiO2, 15:85) de alta pureza, por ej. Para la limpieza por adsorci\u00f3n de pesticidas de extracto de suelo y alimentos.<\/p><p>Aplicaci\u00f3n t\u00edpica para el uso correcto:\u00a0Limpieza de extractos de muestras, que contienen los siguientes grupos de analitos: ftalato, hidrocarburos clorados, nitrosamina, pesticidas organoclorados, compuestos nitro arom\u00e1ticos, organofosfato, \u00e9ster hal\u00f3geno, anilina y derivados de anilina, PCB<\/p><div class=\"product-detail-list\">\u00a0<\/div>\t\t\t\t\t\t<\/div>\n\t\t\t\t<\/div>\n\t\t\t\t\t<\/div>\n\t\t<\/div>\n\t\t\t\t\t\t\t<\/div>\n\t\t<\/section>\n\t\t\t\t<section class=\"elementor-section elementor-top-section elementor-element elementor-element-10370c57 elementor-section-boxed elementor-section-height-default elementor-section-height-default\" data-id=\"10370c57\" data-element_type=\"section\">\n\t\t\t\t\t\t<div class=\"elementor-container elementor-column-gap-default\">\n\t\t\t\t\t<div class=\"aux-parallax-section elementor-column elementor-col-50 elementor-top-column elementor-element elementor-element-1002978\" data-id=\"1002978\" data-element_type=\"column\">\n\t\t\t<div class=\"elementor-widget-wrap elementor-element-populated\">\n\t\t\t\t\t\t\t\t<div class=\"elementor-element elementor-element-1f29383a elementor-widget elementor-widget-text-editor\" data-id=\"1f29383a\" data-element_type=\"widget\" data-widget_type=\"text-editor.default\">\n\t\t\t\t<div class=\"elementor-widget-container\">\n\t\t\t\t\t\t\t<div class=\"product-detail-list-img\">\u00a0<\/div><p>\u00a0<strong>Material base:\u00a0<\/strong>Florisil<\/p><div class=\"product-detail-list-img\">\u00a0<\/div><p>\u00a0<strong>Phase mechanism:\u00a0<\/strong>altamente polar<\/p><div class=\"product-detail-list-img\">\u00a0<\/div><p>\u00a0<strong>Compatibilidad matriz modelo:\u00a0<\/strong>org\u00e1nico<\/p>\t\t\t\t\t\t<\/div>\n\t\t\t\t<\/div>\n\t\t\t\t\t<\/div>\n\t\t<\/div>\n\t\t\t\t<div class=\"aux-parallax-section elementor-column elementor-col-50 elementor-top-column elementor-element elementor-element-507f905f\" data-id=\"507f905f\" data-element_type=\"column\">\n\t\t\t<div class=\"elementor-widget-wrap elementor-element-populated\">\n\t\t\t\t\t\t\t\t<div class=\"elementor-element elementor-element-25327aa elementor-widget elementor-widget-image\" data-id=\"25327aa\" data-element_type=\"widget\" data-widget_type=\"image.default\">\n\t\t\t\t<div class=\"elementor-widget-container\">\n\t\t\t\t\t\t\t\t\t\t\t\t\t\t\t<img decoding=\"async\" width=\"749\" height=\"336\" src=\"https:\/\/www.testqual.com\/productos\/wp-content\/uploads\/2023\/03\/Captura-de-pantalla-2023-03-09-081351.png\" class=\"attachment-large size-large wp-image-513\" alt=\"\" loading=\"lazy\" srcset=\"https:\/\/www.testqual.com\/productos\/wp-content\/uploads\/2023\/03\/Captura-de-pantalla-2023-03-09-081351.png 749w, https:\/\/www.testqual.com\/productos\/wp-content\/uploads\/2023\/03\/Captura-de-pantalla-2023-03-09-081351-200x90.png 200w\" sizes=\"(max-width: 749px) 100vw, 749px\" \/>\t\t\t\t\t\t\t\t\t\t\t\t\t\t\t<\/div>\n\t\t\t\t<\/div>\n\t\t\t\t\t<\/div>\n\t\t<\/div>\n\t\t\t\t\t\t\t<\/div>\n\t\t<\/section>\n\t\t\t\t\t\t\t<\/div>\n\t\t","protected":false},"excerpt":{"rendered":"<p>Fase Normal Adsorbentes polaresBEKOlut Florisil Los cartuchos BEKOlut\u00ae\u00a0Florisil\u00ae contienen silicato de magnesio (MgO:SiO2, 15:85) de alta pureza, por ej. Para la limpieza por adsorci\u00f3n de pesticidas de extracto de suelo y alimentos. Aplicaci\u00f3n t\u00edpica para el uso correcto:\u00a0Limpieza de extractos de muestras, que contienen los siguientes grupos de analitos: ftalato, hidrocarburos clorados, nitrosamina, pesticidas organoclorados, [&hellip;]<\/p>\n","protected":false},"author":1,"featured_media":0,"parent":0,"menu_order":0,"comment_status":"closed","ping_status":"closed","template":"","meta":[],"_links":{"self":[{"href":"https:\/\/www.testqual.com\/productos\/index.php\/wp-json\/wp\/v2\/pages\/511"}],"collection":[{"href":"https:\/\/www.testqual.com\/productos\/index.php\/wp-json\/wp\/v2\/pages"}],"about":[{"href":"https:\/\/www.testqual.com\/productos\/index.php\/wp-json\/wp\/v2\/types\/page"}],"author":[{"embeddable":true,"href":"https:\/\/www.testqual.com\/productos\/index.php\/wp-json\/wp\/v2\/users\/1"}],"replies":[{"embeddable":true,"href":"https:\/\/www.testqual.com\/productos\/index.php\/wp-json\/wp\/v2\/comments?post=511"}],"version-history":[{"count":4,"href":"https:\/\/www.testqual.com\/productos\/index.php\/wp-json\/wp\/v2\/pages\/511\/revisions"}],"predecessor-version":[{"id":516,"href":"https:\/\/www.testqual.com\/productos\/index.php\/wp-json\/wp\/v2\/pages\/511\/revisions\/516"}],"wp:attachment":[{"href":"https:\/\/www.testqual.com\/productos\/index.php\/wp-json\/wp\/v2\/media?parent=511"}],"curies":[{"name":"wp","href":"https:\/\/api.w.org\/{rel}","templated":true}]}}