{"id":518,"date":"2023-03-09T10:59:30","date_gmt":"2023-03-09T09:59:30","guid":{"rendered":"https:\/\/www.testqual.com\/productos\/?page_id=518"},"modified":"2023-03-09T11:02:15","modified_gmt":"2023-03-09T10:02:15","slug":"bekolut-alox-a","status":"publish","type":"page","link":"https:\/\/www.testqual.com\/productos\/index.php\/bekolut-alox-a\/","title":{"rendered":"BEKOlut ALOX A"},"content":{"rendered":"\t\t<div data-elementor-type=\"wp-page\" data-elementor-id=\"518\" class=\"elementor elementor-518\">\n\t\t\t\t\t\t\t\t\t<section class=\"elementor-section elementor-top-section elementor-element elementor-element-11bfee3 elementor-section-boxed elementor-section-height-default elementor-section-height-default\" data-id=\"11bfee3\" data-element_type=\"section\">\n\t\t\t\t\t\t<div class=\"elementor-container elementor-column-gap-default\">\n\t\t\t\t\t<div class=\"aux-parallax-section elementor-column elementor-col-100 elementor-top-column elementor-element elementor-element-540cf60\" data-id=\"540cf60\" data-element_type=\"column\">\n\t\t\t<div class=\"elementor-widget-wrap elementor-element-populated\">\n\t\t\t\t\t\t\t\t<div class=\"elementor-element elementor-element-589cb0c elementor-widget elementor-widget-spacer\" data-id=\"589cb0c\" data-element_type=\"widget\" data-widget_type=\"spacer.default\">\n\t\t\t\t<div class=\"elementor-widget-container\">\n\t\t\t\t\t<div class=\"elementor-spacer\">\n\t\t\t<div class=\"elementor-spacer-inner\"><\/div>\n\t\t<\/div>\n\t\t\t\t<\/div>\n\t\t\t\t<\/div>\n\t\t\t\t\t<\/div>\n\t\t<\/div>\n\t\t\t\t\t\t\t<\/div>\n\t\t<\/section>\n\t\t\t\t<section class=\"elementor-section elementor-top-section elementor-element elementor-element-60865f3 elementor-section-boxed elementor-section-height-default elementor-section-height-default\" data-id=\"60865f3\" data-element_type=\"section\">\n\t\t\t\t\t\t<div class=\"elementor-container elementor-column-gap-default\">\n\t\t\t\t\t<div class=\"aux-parallax-section elementor-column elementor-col-100 elementor-top-column elementor-element elementor-element-7bef7fd3\" data-id=\"7bef7fd3\" data-element_type=\"column\">\n\t\t\t<div class=\"elementor-widget-wrap elementor-element-populated\">\n\t\t\t\t\t\t\t\t<div class=\"elementor-element elementor-element-3ecf8770 elementor-widget elementor-widget-aux_modern_heading\" data-id=\"3ecf8770\" data-element_type=\"widget\" data-widget_type=\"aux_modern_heading.default\">\n\t\t\t\t<div class=\"elementor-widget-container\">\n\t\t\t<section class=\"aux-widget-modern-heading\">\n            <div class=\"aux-widget-inner\"><h2 class=\"aux-modern-heading-primary\">Fase Normal<\/h2><h3 class=\"aux-modern-heading-secondary\"><span class=\"aux-head-before\">Adsorbentes Polares<\/span><span class=\"aux-head-highlight\">BEKOlut ALOX A<\/span><\/h3><div class=\"aux-modern-heading-divider\"><\/div><\/div>\n        <\/section>\t\t<\/div>\n\t\t\t\t<\/div>\n\t\t\t\t<div class=\"elementor-element elementor-element-3a918ef5 elementor-widget elementor-widget-text-editor\" data-id=\"3a918ef5\" data-element_type=\"widget\" data-widget_type=\"text-editor.default\">\n\t\t\t\t<div class=\"elementor-widget-container\">\n\t\t\t\t\t\t\t<p>Nuestras columnas de alta pureza Alox-SPE est\u00e1n disponibles en las variantes \u00e1cida, neutra o alcalina de \u00f3xido de aluminio. La distribuci\u00f3n del tama\u00f1o de part\u00edculas est\u00e1 dentro del rango de 0,063-0,200 mm, la superficie espec\u00edfica es de aprox. 140 m2\/g. BEKOlut<sup>\u00ae<\/sup>\u00a0Alox A 90, \u00e1cida &#8211; pH 3,5 &#8211; 4,5<\/p><p>Aplicaci\u00f3n t\u00edpica para el uso correcto:\u00a0Eliminaci\u00f3n de compuestos polares que interfieren en la purificaci\u00f3n por adsorbci\u00f3n de extractos org\u00e1nicos<\/p>\t\t\t\t\t\t<\/div>\n\t\t\t\t<\/div>\n\t\t\t\t\t<\/div>\n\t\t<\/div>\n\t\t\t\t\t\t\t<\/div>\n\t\t<\/section>\n\t\t\t\t<section class=\"elementor-section elementor-top-section elementor-element elementor-element-2129c205 elementor-section-boxed elementor-section-height-default elementor-section-height-default\" data-id=\"2129c205\" data-element_type=\"section\">\n\t\t\t\t\t\t<div class=\"elementor-container elementor-column-gap-default\">\n\t\t\t\t\t<div class=\"aux-parallax-section elementor-column elementor-col-50 elementor-top-column elementor-element elementor-element-63b372c\" data-id=\"63b372c\" data-element_type=\"column\">\n\t\t\t<div class=\"elementor-widget-wrap elementor-element-populated\">\n\t\t\t\t\t\t\t\t<div class=\"elementor-element elementor-element-1d50dc5a elementor-widget elementor-widget-text-editor\" data-id=\"1d50dc5a\" data-element_type=\"widget\" data-widget_type=\"text-editor.default\">\n\t\t\t\t<div class=\"elementor-widget-container\">\n\t\t\t\t\t\t\t<div class=\"product-detail-list-img\">\u00a0<\/div><p>\u00a0<strong>Material base:\u00a0<\/strong>\u00f3xido de aluminio A<\/p><div class=\"product-detail-list-img\">\u00a0<\/div><p>\u00a0<strong>Phase mechanism:\u00a0<\/strong>altamente polar<\/p><div class=\"product-detail-list-img\">\u00a0<\/div><p>\u00a0<strong>Compatibilidad matriz modelo:\u00a0<\/strong>org\u00e1nico<\/p>\t\t\t\t\t\t<\/div>\n\t\t\t\t<\/div>\n\t\t\t\t\t<\/div>\n\t\t<\/div>\n\t\t\t\t<div class=\"aux-parallax-section elementor-column elementor-col-50 elementor-top-column elementor-element elementor-element-108cb2d4\" data-id=\"108cb2d4\" data-element_type=\"column\">\n\t\t\t<div class=\"elementor-widget-wrap elementor-element-populated\">\n\t\t\t\t\t\t\t\t<div class=\"elementor-element elementor-element-83197ef elementor-widget elementor-widget-image\" data-id=\"83197ef\" data-element_type=\"widget\" data-widget_type=\"image.default\">\n\t\t\t\t<div class=\"elementor-widget-container\">\n\t\t\t\t\t\t\t\t\t\t\t\t\t\t\t<img decoding=\"async\" width=\"741\" height=\"327\" src=\"https:\/\/www.testqual.com\/productos\/wp-content\/uploads\/2023\/03\/aloxa.png\" class=\"attachment-large size-large wp-image-520\" alt=\"\" loading=\"lazy\" srcset=\"https:\/\/www.testqual.com\/productos\/wp-content\/uploads\/2023\/03\/aloxa.png 741w, https:\/\/www.testqual.com\/productos\/wp-content\/uploads\/2023\/03\/aloxa-200x88.png 200w\" sizes=\"(max-width: 741px) 100vw, 741px\" \/>\t\t\t\t\t\t\t\t\t\t\t\t\t\t\t<\/div>\n\t\t\t\t<\/div>\n\t\t\t\t\t<\/div>\n\t\t<\/div>\n\t\t\t\t\t\t\t<\/div>\n\t\t<\/section>\n\t\t\t\t\t\t\t<\/div>\n\t\t","protected":false},"excerpt":{"rendered":"<p>Fase Normal Adsorbentes PolaresBEKOlut ALOX A Nuestras columnas de alta pureza Alox-SPE est\u00e1n disponibles en las variantes \u00e1cida, neutra o alcalina de \u00f3xido de aluminio. La distribuci\u00f3n del tama\u00f1o de part\u00edculas est\u00e1 dentro del rango de 0,063-0,200 mm, la superficie espec\u00edfica es de aprox. 140 m2\/g. BEKOlut\u00ae\u00a0Alox A 90, \u00e1cida &#8211; pH 3,5 &#8211; 4,5 [&hellip;]<\/p>\n","protected":false},"author":1,"featured_media":0,"parent":0,"menu_order":0,"comment_status":"closed","ping_status":"closed","template":"","meta":[],"_links":{"self":[{"href":"https:\/\/www.testqual.com\/productos\/index.php\/wp-json\/wp\/v2\/pages\/518"}],"collection":[{"href":"https:\/\/www.testqual.com\/productos\/index.php\/wp-json\/wp\/v2\/pages"}],"about":[{"href":"https:\/\/www.testqual.com\/productos\/index.php\/wp-json\/wp\/v2\/types\/page"}],"author":[{"embeddable":true,"href":"https:\/\/www.testqual.com\/productos\/index.php\/wp-json\/wp\/v2\/users\/1"}],"replies":[{"embeddable":true,"href":"https:\/\/www.testqual.com\/productos\/index.php\/wp-json\/wp\/v2\/comments?post=518"}],"version-history":[{"count":4,"href":"https:\/\/www.testqual.com\/productos\/index.php\/wp-json\/wp\/v2\/pages\/518\/revisions"}],"predecessor-version":[{"id":523,"href":"https:\/\/www.testqual.com\/productos\/index.php\/wp-json\/wp\/v2\/pages\/518\/revisions\/523"}],"wp:attachment":[{"href":"https:\/\/www.testqual.com\/productos\/index.php\/wp-json\/wp\/v2\/media?parent=518"}],"curies":[{"name":"wp","href":"https:\/\/api.w.org\/{rel}","templated":true}]}}