{"id":532,"date":"2023-03-15T08:55:24","date_gmt":"2023-03-15T07:55:24","guid":{"rendered":"https:\/\/www.testqual.com\/productos\/?page_id=532"},"modified":"2023-03-15T09:04:01","modified_gmt":"2023-03-15T08:04:01","slug":"bekolut-alox-b","status":"publish","type":"page","link":"https:\/\/www.testqual.com\/productos\/index.php\/bekolut-alox-b\/","title":{"rendered":"BEKOlut ALOX B"},"content":{"rendered":"\t\t<div data-elementor-type=\"wp-page\" data-elementor-id=\"532\" class=\"elementor elementor-532\">\n\t\t\t\t\t\t\t\t\t<section class=\"elementor-section elementor-top-section elementor-element elementor-element-9b895aa elementor-section-boxed elementor-section-height-default elementor-section-height-default\" data-id=\"9b895aa\" data-element_type=\"section\">\n\t\t\t\t\t\t<div class=\"elementor-container elementor-column-gap-default\">\n\t\t\t\t\t<div class=\"aux-parallax-section elementor-column elementor-col-100 elementor-top-column elementor-element elementor-element-a417c06\" data-id=\"a417c06\" data-element_type=\"column\">\n\t\t\t<div class=\"elementor-widget-wrap elementor-element-populated\">\n\t\t\t\t\t\t\t\t<div class=\"elementor-element elementor-element-6383202 elementor-widget elementor-widget-spacer\" data-id=\"6383202\" data-element_type=\"widget\" data-widget_type=\"spacer.default\">\n\t\t\t\t<div class=\"elementor-widget-container\">\n\t\t\t\t\t<div class=\"elementor-spacer\">\n\t\t\t<div class=\"elementor-spacer-inner\"><\/div>\n\t\t<\/div>\n\t\t\t\t<\/div>\n\t\t\t\t<\/div>\n\t\t\t\t\t<\/div>\n\t\t<\/div>\n\t\t\t\t\t\t\t<\/div>\n\t\t<\/section>\n\t\t\t\t<section class=\"elementor-section elementor-top-section elementor-element elementor-element-1e3b6178 elementor-section-boxed elementor-section-height-default elementor-section-height-default\" data-id=\"1e3b6178\" data-element_type=\"section\">\n\t\t\t\t\t\t<div class=\"elementor-container elementor-column-gap-default\">\n\t\t\t\t\t<div class=\"aux-parallax-section elementor-column elementor-col-100 elementor-top-column elementor-element elementor-element-106794ff\" data-id=\"106794ff\" data-element_type=\"column\">\n\t\t\t<div class=\"elementor-widget-wrap elementor-element-populated\">\n\t\t\t\t\t\t\t\t<div class=\"elementor-element elementor-element-3e30c35e elementor-widget elementor-widget-aux_modern_heading\" data-id=\"3e30c35e\" data-element_type=\"widget\" data-widget_type=\"aux_modern_heading.default\">\n\t\t\t\t<div class=\"elementor-widget-container\">\n\t\t\t<section class=\"aux-widget-modern-heading\">\n            <div class=\"aux-widget-inner\"><h2 class=\"aux-modern-heading-primary\">Fase Normal<\/h2><h3 class=\"aux-modern-heading-secondary\"><span class=\"aux-head-before\">Adsorbentes polares<\/span><span class=\"aux-head-highlight\">BEKOlut ALOX B<\/span><\/h3><div class=\"aux-modern-heading-divider\"><\/div><\/div>\n        <\/section>\t\t<\/div>\n\t\t\t\t<\/div>\n\t\t\t\t<div class=\"elementor-element elementor-element-7440ad6a elementor-widget elementor-widget-text-editor\" data-id=\"7440ad6a\" data-element_type=\"widget\" data-widget_type=\"text-editor.default\">\n\t\t\t\t<div class=\"elementor-widget-container\">\n\t\t\t\t\t\t\t<p>Nuestras columnas de alta pureza Alox-SPE est\u00e1n disponibles en las variantes \u00e1cida, neutra o alcalina de \u00f3xido de aluminio. La distribuci\u00f3n del tama\u00f1o de part\u00edculas est\u00e1 dentro del rango de 0,063-0,200 mm, la superficie espec\u00edfica es de aprox. 140 m2\/g. BEKOlut<sup>\u00ae<\/sup>\u00a0Alox B 90, alcalina &#8211; pH 8,5 &#8211; 10,5Olut<sup>\u00ae<\/sup>\u00a0Alox B 90, alcalina &#8211; pH 8.5 &#8211; 10.5<\/p><p>Aplicaci\u00f3n t\u00edpica para el uso correcto:\u00a0Eliminaci\u00f3n de compuestos polares que interfieren en la purificaci\u00f3n por adsorbci\u00f3n de extractos org\u00e1nicos<\/p>\t\t\t\t\t\t<\/div>\n\t\t\t\t<\/div>\n\t\t\t\t\t<\/div>\n\t\t<\/div>\n\t\t\t\t\t\t\t<\/div>\n\t\t<\/section>\n\t\t\t\t<section class=\"elementor-section elementor-top-section elementor-element elementor-element-56d51094 elementor-section-boxed elementor-section-height-default elementor-section-height-default\" data-id=\"56d51094\" data-element_type=\"section\">\n\t\t\t\t\t\t<div class=\"elementor-container elementor-column-gap-default\">\n\t\t\t\t\t<div class=\"aux-parallax-section elementor-column elementor-col-50 elementor-top-column elementor-element elementor-element-1c1c61d6\" data-id=\"1c1c61d6\" data-element_type=\"column\">\n\t\t\t<div class=\"elementor-widget-wrap elementor-element-populated\">\n\t\t\t\t\t\t\t\t<div class=\"elementor-element elementor-element-499c3377 elementor-widget elementor-widget-text-editor\" data-id=\"499c3377\" data-element_type=\"widget\" data-widget_type=\"text-editor.default\">\n\t\t\t\t<div class=\"elementor-widget-container\">\n\t\t\t\t\t\t\t<p><strong>Material base: <\/strong>\u00f3xido de aluminio B<\/p><div class=\"product-detail-list-img\">\u00a0<\/div><p>\u00a0<strong>Phase mechanism:\u00a0<\/strong>altamente polar<\/p><div class=\"product-detail-list-img\">\u00a0<\/div><p>\u00a0<strong>Compatibilidad matriz modelo:\u00a0<\/strong>org\u00e1nico<\/p>\t\t\t\t\t\t<\/div>\n\t\t\t\t<\/div>\n\t\t\t\t\t<\/div>\n\t\t<\/div>\n\t\t\t\t<div class=\"aux-parallax-section elementor-column elementor-col-50 elementor-top-column elementor-element elementor-element-308e4721\" data-id=\"308e4721\" data-element_type=\"column\">\n\t\t\t<div class=\"elementor-widget-wrap elementor-element-populated\">\n\t\t\t\t\t\t\t\t<div class=\"elementor-element elementor-element-4c7971b1 elementor-widget elementor-widget-image\" data-id=\"4c7971b1\" data-element_type=\"widget\" data-widget_type=\"image.default\">\n\t\t\t\t<div class=\"elementor-widget-container\">\n\t\t\t\t\t\t\t\t\t\t\t\t\t\t\t<img decoding=\"async\" width=\"732\" height=\"324\" src=\"https:\/\/www.testqual.com\/productos\/wp-content\/uploads\/2023\/03\/bekolut-alox_b.png\" class=\"attachment-large size-large wp-image-533\" alt=\"\" loading=\"lazy\" srcset=\"https:\/\/www.testqual.com\/productos\/wp-content\/uploads\/2023\/03\/bekolut-alox_b.png 732w, https:\/\/www.testqual.com\/productos\/wp-content\/uploads\/2023\/03\/bekolut-alox_b-200x89.png 200w\" sizes=\"(max-width: 732px) 100vw, 732px\" \/>\t\t\t\t\t\t\t\t\t\t\t\t\t\t\t<\/div>\n\t\t\t\t<\/div>\n\t\t\t\t\t<\/div>\n\t\t<\/div>\n\t\t\t\t\t\t\t<\/div>\n\t\t<\/section>\n\t\t\t\t\t\t\t<\/div>\n\t\t","protected":false},"excerpt":{"rendered":"<p>Fase Normal Adsorbentes polaresBEKOlut ALOX B Nuestras columnas de alta pureza Alox-SPE est\u00e1n disponibles en las variantes \u00e1cida, neutra o alcalina de \u00f3xido de aluminio. La distribuci\u00f3n del tama\u00f1o de part\u00edculas est\u00e1 dentro del rango de 0,063-0,200 mm, la superficie espec\u00edfica es de aprox. 140 m2\/g. BEKOlut\u00ae&nbsp;Alox B 90, alcalina &#8211; pH 8,5 &#8211; 10,5Olut\u00ae&nbsp;Alox [&hellip;]<\/p>\n","protected":false},"author":1,"featured_media":0,"parent":0,"menu_order":0,"comment_status":"closed","ping_status":"closed","template":"","meta":[],"_links":{"self":[{"href":"https:\/\/www.testqual.com\/productos\/index.php\/wp-json\/wp\/v2\/pages\/532"}],"collection":[{"href":"https:\/\/www.testqual.com\/productos\/index.php\/wp-json\/wp\/v2\/pages"}],"about":[{"href":"https:\/\/www.testqual.com\/productos\/index.php\/wp-json\/wp\/v2\/types\/page"}],"author":[{"embeddable":true,"href":"https:\/\/www.testqual.com\/productos\/index.php\/wp-json\/wp\/v2\/users\/1"}],"replies":[{"embeddable":true,"href":"https:\/\/www.testqual.com\/productos\/index.php\/wp-json\/wp\/v2\/comments?post=532"}],"version-history":[{"count":4,"href":"https:\/\/www.testqual.com\/productos\/index.php\/wp-json\/wp\/v2\/pages\/532\/revisions"}],"predecessor-version":[{"id":537,"href":"https:\/\/www.testqual.com\/productos\/index.php\/wp-json\/wp\/v2\/pages\/532\/revisions\/537"}],"wp:attachment":[{"href":"https:\/\/www.testqual.com\/productos\/index.php\/wp-json\/wp\/v2\/media?parent=532"}],"curies":[{"name":"wp","href":"https:\/\/api.w.org\/{rel}","templated":true}]}}