{"id":565,"date":"2023-03-15T12:52:28","date_gmt":"2023-03-15T11:52:28","guid":{"rendered":"https:\/\/www.testqual.com\/productos\/?page_id=565"},"modified":"2023-03-15T12:53:35","modified_gmt":"2023-03-15T11:53:35","slug":"bekolut-fenilo","status":"publish","type":"page","link":"https:\/\/www.testqual.com\/productos\/index.php\/bekolut-fenilo\/","title":{"rendered":"BEKOlut Fenilo"},"content":{"rendered":"\t\t<div data-elementor-type=\"wp-page\" data-elementor-id=\"565\" class=\"elementor elementor-565\">\n\t\t\t\t\t\t\t\t\t<section class=\"elementor-section elementor-top-section elementor-element elementor-element-5f07778 elementor-section-boxed elementor-section-height-default elementor-section-height-default\" data-id=\"5f07778\" data-element_type=\"section\">\n\t\t\t\t\t\t<div class=\"elementor-container elementor-column-gap-default\">\n\t\t\t\t\t<div class=\"aux-parallax-section elementor-column elementor-col-100 elementor-top-column elementor-element elementor-element-b603dce\" data-id=\"b603dce\" data-element_type=\"column\">\n\t\t\t<div class=\"elementor-widget-wrap elementor-element-populated\">\n\t\t\t\t\t\t\t\t<div class=\"elementor-element elementor-element-b91233c elementor-widget elementor-widget-spacer\" data-id=\"b91233c\" data-element_type=\"widget\" data-widget_type=\"spacer.default\">\n\t\t\t\t<div class=\"elementor-widget-container\">\n\t\t\t\t\t<div class=\"elementor-spacer\">\n\t\t\t<div class=\"elementor-spacer-inner\"><\/div>\n\t\t<\/div>\n\t\t\t\t<\/div>\n\t\t\t\t<\/div>\n\t\t\t\t\t<\/div>\n\t\t<\/div>\n\t\t\t\t\t\t\t<\/div>\n\t\t<\/section>\n\t\t\t\t<section class=\"elementor-section elementor-top-section elementor-element elementor-element-2754f58d elementor-section-boxed elementor-section-height-default elementor-section-height-default\" data-id=\"2754f58d\" data-element_type=\"section\">\n\t\t\t\t\t\t<div class=\"elementor-container elementor-column-gap-default\">\n\t\t\t\t\t<div class=\"aux-parallax-section elementor-column elementor-col-100 elementor-top-column elementor-element elementor-element-69afc65\" data-id=\"69afc65\" data-element_type=\"column\">\n\t\t\t<div class=\"elementor-widget-wrap elementor-element-populated\">\n\t\t\t\t\t\t\t\t<div class=\"elementor-element elementor-element-2970ec03 elementor-widget elementor-widget-aux_modern_heading\" data-id=\"2970ec03\" data-element_type=\"widget\" data-widget_type=\"aux_modern_heading.default\">\n\t\t\t\t<div class=\"elementor-widget-container\">\n\t\t\t<section class=\"aux-widget-modern-heading\">\n            <div class=\"aux-widget-inner\"><h2 class=\"aux-modern-heading-primary\">Fase reversa<\/h2><h3 class=\"aux-modern-heading-secondary\"><span class=\"aux-head-highlight\">BEKOlut Fenilo<\/span><\/h3><div class=\"aux-modern-heading-divider\"><\/div><\/div>\n        <\/section>\t\t<\/div>\n\t\t\t\t<\/div>\n\t\t\t\t<div class=\"elementor-element elementor-element-e5d7403 elementor-widget elementor-widget-text-editor\" data-id=\"e5d7403\" data-element_type=\"widget\" data-widget_type=\"text-editor.default\">\n\t\t\t\t<div class=\"elementor-widget-container\">\n\t\t\t\t\t\t\t<p>BEKOlut<sup>\u00ae<\/sup>\u00a0fenilo (PHE) es un gel de s\u00edlice no polar modificado con excelente selectividad en comparaci\u00f3n con analitos de enlaces dobles conjugados o anillos arom\u00e1ticos debido a la interacci\u00f3n pi-pi.<\/p>\t\t\t\t\t\t<\/div>\n\t\t\t\t<\/div>\n\t\t\t\t\t<\/div>\n\t\t<\/div>\n\t\t\t\t\t\t\t<\/div>\n\t\t<\/section>\n\t\t\t\t<section class=\"elementor-section elementor-top-section elementor-element elementor-element-5163ff4c elementor-section-boxed elementor-section-height-default elementor-section-height-default\" data-id=\"5163ff4c\" data-element_type=\"section\">\n\t\t\t\t\t\t<div class=\"elementor-container elementor-column-gap-default\">\n\t\t\t\t\t<div class=\"aux-parallax-section elementor-column elementor-col-50 elementor-top-column elementor-element elementor-element-494f47fc\" data-id=\"494f47fc\" data-element_type=\"column\">\n\t\t\t<div class=\"elementor-widget-wrap elementor-element-populated\">\n\t\t\t\t\t\t\t\t<div class=\"elementor-element elementor-element-4ea1e4b8 elementor-widget elementor-widget-text-editor\" data-id=\"4ea1e4b8\" data-element_type=\"widget\" data-widget_type=\"text-editor.default\">\n\t\t\t\t<div class=\"elementor-widget-container\">\n\t\t\t\t\t\t\t<div class=\"product-detail-list-img\">\u00a0<\/div><p>\u00a0<strong>Material base:\u00a0<\/strong>gel de s\u00edlice modificado en la superficie<\/p><div class=\"product-detail-list-img\">\u00a0<\/div><p>\u00a0<strong>Tama\u00f1o de poros:\u00a0<\/strong>60 \u00e1ngstrom<\/p><div class=\"product-detail-list-img\">\u00a0<\/div><p>\u00a0<strong>Tama\u00f1o de part\u00edculas:\u00a0<\/strong>40-63 \u00b5m<\/p><div class=\"product-detail-list-img\">\u00a0<\/div><p>\u00a0<strong>Grupo funcional:\u00a0<\/strong>fenilo<\/p><div class=\"product-detail-list-img\">\u00a0<\/div><p>\u00a0<strong>Phase mechanism:\u00a0<\/strong>no polar, fase reversa<\/p><div class=\"product-detail-list-img\">\u00a0<\/div><p>\u00a0<strong>Nivel de tamponado:\u00a0<\/strong>no<\/p><div class=\"product-detail-list-img\">\u00a0<\/div><p>\u00a0<strong>Compatibilidad matriz modelo:\u00a0<\/strong>acuoso<\/p>\t\t\t\t\t\t<\/div>\n\t\t\t\t<\/div>\n\t\t\t\t\t<\/div>\n\t\t<\/div>\n\t\t\t\t<div class=\"aux-parallax-section elementor-column elementor-col-50 elementor-top-column elementor-element elementor-element-631adf81\" data-id=\"631adf81\" data-element_type=\"column\">\n\t\t\t<div class=\"elementor-widget-wrap elementor-element-populated\">\n\t\t\t\t\t\t\t\t<div class=\"elementor-element elementor-element-3aa31d54 elementor-widget elementor-widget-image\" data-id=\"3aa31d54\" data-element_type=\"widget\" data-widget_type=\"image.default\">\n\t\t\t\t<div class=\"elementor-widget-container\">\n\t\t\t\t\t\t\t\t\t\t\t\t\t\t\t<img decoding=\"async\" width=\"728\" height=\"169\" src=\"https:\/\/www.testqual.com\/productos\/wp-content\/uploads\/2023\/03\/fenilo.png\" class=\"attachment-large size-large wp-image-567\" alt=\"\" loading=\"lazy\" srcset=\"https:\/\/www.testqual.com\/productos\/wp-content\/uploads\/2023\/03\/fenilo.png 728w, https:\/\/www.testqual.com\/productos\/wp-content\/uploads\/2023\/03\/fenilo-200x46.png 200w\" sizes=\"(max-width: 728px) 100vw, 728px\" \/>\t\t\t\t\t\t\t\t\t\t\t\t\t\t\t<\/div>\n\t\t\t\t<\/div>\n\t\t\t\t<div class=\"elementor-element elementor-element-261d7854 elementor-align-center elementor-widget elementor-widget-button\" data-id=\"261d7854\" data-element_type=\"widget\" data-widget_type=\"button.default\">\n\t\t\t\t<div class=\"elementor-widget-container\">\n\t\t\t\t\t<div class=\"elementor-button-wrapper\">\n\t\t\t<a class=\"elementor-button elementor-button-link elementor-size-sm\" href=\"https:\/\/www.testqual.com\/productos\/index.php\/contacto\/\">\n\t\t\t\t\t\t<span class=\"elementor-button-content-wrapper\">\n\t\t\t\t\t\t<span class=\"elementor-button-text\">Pida su oferta sobre este producto<\/span>\n\t\t<\/span>\n\t\t\t\t\t<\/a>\n\t\t<\/div>\n\t\t\t\t<\/div>\n\t\t\t\t<\/div>\n\t\t\t\t\t<\/div>\n\t\t<\/div>\n\t\t\t\t\t\t\t<\/div>\n\t\t<\/section>\n\t\t\t\t\t\t\t<\/div>\n\t\t","protected":false},"excerpt":{"rendered":"<p>Fase reversa BEKOlut Fenilo BEKOlut\u00ae\u00a0fenilo (PHE) es un gel de s\u00edlice no polar modificado con excelente selectividad en comparaci\u00f3n con analitos de enlaces dobles conjugados o anillos arom\u00e1ticos debido a la interacci\u00f3n pi-pi. \u00a0 \u00a0Material base:\u00a0gel de s\u00edlice modificado en la superficie \u00a0 \u00a0Tama\u00f1o de poros:\u00a060 \u00e1ngstrom \u00a0 \u00a0Tama\u00f1o de part\u00edculas:\u00a040-63 \u00b5m \u00a0 \u00a0Grupo funcional:\u00a0fenilo [&hellip;]<\/p>\n","protected":false},"author":1,"featured_media":0,"parent":0,"menu_order":0,"comment_status":"closed","ping_status":"closed","template":"","meta":[],"_links":{"self":[{"href":"https:\/\/www.testqual.com\/productos\/index.php\/wp-json\/wp\/v2\/pages\/565"}],"collection":[{"href":"https:\/\/www.testqual.com\/productos\/index.php\/wp-json\/wp\/v2\/pages"}],"about":[{"href":"https:\/\/www.testqual.com\/productos\/index.php\/wp-json\/wp\/v2\/types\/page"}],"author":[{"embeddable":true,"href":"https:\/\/www.testqual.com\/productos\/index.php\/wp-json\/wp\/v2\/users\/1"}],"replies":[{"embeddable":true,"href":"https:\/\/www.testqual.com\/productos\/index.php\/wp-json\/wp\/v2\/comments?post=565"}],"version-history":[{"count":4,"href":"https:\/\/www.testqual.com\/productos\/index.php\/wp-json\/wp\/v2\/pages\/565\/revisions"}],"predecessor-version":[{"id":570,"href":"https:\/\/www.testqual.com\/productos\/index.php\/wp-json\/wp\/v2\/pages\/565\/revisions\/570"}],"wp:attachment":[{"href":"https:\/\/www.testqual.com\/productos\/index.php\/wp-json\/wp\/v2\/media?parent=565"}],"curies":[{"name":"wp","href":"https:\/\/api.w.org\/{rel}","templated":true}]}}