{"id":573,"date":"2023-03-15T12:58:30","date_gmt":"2023-03-15T11:58:30","guid":{"rendered":"https:\/\/www.testqual.com\/productos\/?page_id=573"},"modified":"2023-03-15T12:58:37","modified_gmt":"2023-03-15T11:58:37","slug":"bekolut-scx","status":"publish","type":"page","link":"https:\/\/www.testqual.com\/productos\/index.php\/bekolut-scx\/","title":{"rendered":"BEKOlut SCX"},"content":{"rendered":"\t\t<div data-elementor-type=\"wp-page\" data-elementor-id=\"573\" class=\"elementor elementor-573\">\n\t\t\t\t\t\t\t\t\t<section class=\"elementor-section elementor-top-section elementor-element elementor-element-772c9cb elementor-section-boxed elementor-section-height-default elementor-section-height-default\" data-id=\"772c9cb\" data-element_type=\"section\">\n\t\t\t\t\t\t<div class=\"elementor-container elementor-column-gap-default\">\n\t\t\t\t\t<div class=\"aux-parallax-section elementor-column elementor-col-100 elementor-top-column elementor-element elementor-element-01052da\" data-id=\"01052da\" data-element_type=\"column\">\n\t\t\t<div class=\"elementor-widget-wrap elementor-element-populated\">\n\t\t\t\t\t\t\t\t<div class=\"elementor-element elementor-element-cc09536 elementor-widget elementor-widget-spacer\" data-id=\"cc09536\" data-element_type=\"widget\" data-widget_type=\"spacer.default\">\n\t\t\t\t<div class=\"elementor-widget-container\">\n\t\t\t\t\t<div class=\"elementor-spacer\">\n\t\t\t<div class=\"elementor-spacer-inner\"><\/div>\n\t\t<\/div>\n\t\t\t\t<\/div>\n\t\t\t\t<\/div>\n\t\t\t\t\t<\/div>\n\t\t<\/div>\n\t\t\t\t\t\t\t<\/div>\n\t\t<\/section>\n\t\t\t\t<section class=\"elementor-section elementor-top-section elementor-element elementor-element-3c4f85b0 elementor-section-boxed elementor-section-height-default elementor-section-height-default\" data-id=\"3c4f85b0\" data-element_type=\"section\">\n\t\t\t\t\t\t<div class=\"elementor-container elementor-column-gap-default\">\n\t\t\t\t\t<div class=\"aux-parallax-section elementor-column elementor-col-100 elementor-top-column elementor-element elementor-element-79201ea3\" data-id=\"79201ea3\" data-element_type=\"column\">\n\t\t\t<div class=\"elementor-widget-wrap elementor-element-populated\">\n\t\t\t\t\t\t\t\t<div class=\"elementor-element elementor-element-16d71f47 elementor-widget elementor-widget-aux_modern_heading\" data-id=\"16d71f47\" data-element_type=\"widget\" data-widget_type=\"aux_modern_heading.default\">\n\t\t\t\t<div class=\"elementor-widget-container\">\n\t\t\t<section class=\"aux-widget-modern-heading\">\n            <div class=\"aux-widget-inner\"><h2 class=\"aux-modern-heading-primary\">Fase de intercambio de iones<\/h2><h3 class=\"aux-modern-heading-secondary\"><span class=\"aux-head-highlight\">BEKOlut SCX<\/span><\/h3><div class=\"aux-modern-heading-divider\"><\/div><\/div>\n        <\/section>\t\t<\/div>\n\t\t\t\t<\/div>\n\t\t\t\t<div class=\"elementor-element elementor-element-35604c60 elementor-widget elementor-widget-text-editor\" data-id=\"35604c60\" data-element_type=\"widget\" data-widget_type=\"text-editor.default\">\n\t\t\t\t<div class=\"elementor-widget-container\">\n\t\t\t\t\t\t\t<p>Es un permutador cati\u00f3nico fuertemente \u00e1cido, basado en s\u00edlice de gel, apto para la extracci\u00f3n de analitos de basicidad baja.<\/p><p>Aplicaci\u00f3n t\u00edpica para el uso correcto:\u00a0Compuestos de alcalinidad baja (a menudo farmac\u00e9uticos) &amp; medicamentos de muestras acuosas y biomatrices.<\/p>\t\t\t\t\t\t<\/div>\n\t\t\t\t<\/div>\n\t\t\t\t\t<\/div>\n\t\t<\/div>\n\t\t\t\t\t\t\t<\/div>\n\t\t<\/section>\n\t\t\t\t<section class=\"elementor-section elementor-top-section elementor-element elementor-element-17e3e9d8 elementor-section-boxed elementor-section-height-default elementor-section-height-default\" data-id=\"17e3e9d8\" data-element_type=\"section\">\n\t\t\t\t\t\t<div class=\"elementor-container elementor-column-gap-default\">\n\t\t\t\t\t<div class=\"aux-parallax-section elementor-column elementor-col-50 elementor-top-column elementor-element elementor-element-58be842a\" data-id=\"58be842a\" data-element_type=\"column\">\n\t\t\t<div class=\"elementor-widget-wrap elementor-element-populated\">\n\t\t\t\t\t\t\t\t<div class=\"elementor-element elementor-element-7d2c536a elementor-widget elementor-widget-text-editor\" data-id=\"7d2c536a\" data-element_type=\"widget\" data-widget_type=\"text-editor.default\">\n\t\t\t\t<div class=\"elementor-widget-container\">\n\t\t\t\t\t\t\t<div class=\"product-detail-list-img\">\u00a0<\/div><p>\u00a0<strong>Material base:\u00a0<\/strong>intercambiador de cationes a base de gel de s\u00edlice<\/p><div class=\"product-detail-list-img\">\u00a0<\/div><p>\u00a0<strong>Tama\u00f1o de poros:\u00a0<\/strong>60 \u00e1ngstrom<\/p><div class=\"product-detail-list-img\">\u00a0<\/div><p>\u00a0<strong>Tama\u00f1o de part\u00edculas:\u00a0<\/strong>40-63 \u00b5m<\/p><div class=\"product-detail-list-img\">\u00a0<\/div><p>\u00a0<strong>Grupo funcional:\u00a0<\/strong>grupo sulfonilo<\/p><div class=\"product-detail-list-img\">\u00a0<\/div><p>\u00a0<strong>Phase mechanism:\u00a0<\/strong>intercambio cati\u00f3nico, fase reversa<\/p><div class=\"product-detail-list-img\">\u00a0<\/div><p>\u00a0<strong>Compatibilidad matriz modelo:\u00a0<\/strong>org\u00e1nico o acuoso<\/p>\t\t\t\t\t\t<\/div>\n\t\t\t\t<\/div>\n\t\t\t\t\t<\/div>\n\t\t<\/div>\n\t\t\t\t<div class=\"aux-parallax-section elementor-column elementor-col-50 elementor-top-column elementor-element elementor-element-3e86151c\" data-id=\"3e86151c\" data-element_type=\"column\">\n\t\t\t<div class=\"elementor-widget-wrap elementor-element-populated\">\n\t\t\t\t\t\t\t\t<div class=\"elementor-element elementor-element-5a7413a8 elementor-widget elementor-widget-image\" data-id=\"5a7413a8\" data-element_type=\"widget\" data-widget_type=\"image.default\">\n\t\t\t\t<div class=\"elementor-widget-container\">\n\t\t\t\t\t\t\t\t\t\t\t\t\t\t\t<img decoding=\"async\" width=\"738\" height=\"333\" src=\"https:\/\/www.testqual.com\/productos\/wp-content\/uploads\/2023\/03\/bekolut-scx.png\" class=\"attachment-large size-large wp-image-575\" alt=\"\" loading=\"lazy\" srcset=\"https:\/\/www.testqual.com\/productos\/wp-content\/uploads\/2023\/03\/bekolut-scx.png 738w, https:\/\/www.testqual.com\/productos\/wp-content\/uploads\/2023\/03\/bekolut-scx-200x90.png 200w\" sizes=\"(max-width: 738px) 100vw, 738px\" \/>\t\t\t\t\t\t\t\t\t\t\t\t\t\t\t<\/div>\n\t\t\t\t<\/div>\n\t\t\t\t<div class=\"elementor-element elementor-element-a5424c8 elementor-align-center elementor-widget elementor-widget-button\" data-id=\"a5424c8\" data-element_type=\"widget\" data-widget_type=\"button.default\">\n\t\t\t\t<div class=\"elementor-widget-container\">\n\t\t\t\t\t<div class=\"elementor-button-wrapper\">\n\t\t\t<a class=\"elementor-button elementor-button-link elementor-size-sm\" href=\"https:\/\/www.testqual.com\/productos\/index.php\/contacto\/\">\n\t\t\t\t\t\t<span class=\"elementor-button-content-wrapper\">\n\t\t\t\t\t\t<span class=\"elementor-button-text\">Pida su oferta sobre este producto<\/span>\n\t\t<\/span>\n\t\t\t\t\t<\/a>\n\t\t<\/div>\n\t\t\t\t<\/div>\n\t\t\t\t<\/div>\n\t\t\t\t\t<\/div>\n\t\t<\/div>\n\t\t\t\t\t\t\t<\/div>\n\t\t<\/section>\n\t\t\t\t\t\t\t<\/div>\n\t\t","protected":false},"excerpt":{"rendered":"<p>Fase de intercambio de iones BEKOlut SCX Es un permutador cati\u00f3nico fuertemente \u00e1cido, basado en s\u00edlice de gel, apto para la extracci\u00f3n de analitos de basicidad baja. Aplicaci\u00f3n t\u00edpica para el uso correcto:\u00a0Compuestos de alcalinidad baja (a menudo farmac\u00e9uticos) &amp; medicamentos de muestras acuosas y biomatrices. \u00a0 \u00a0Material base:\u00a0intercambiador de cationes a base de gel [&hellip;]<\/p>\n","protected":false},"author":1,"featured_media":0,"parent":0,"menu_order":0,"comment_status":"closed","ping_status":"closed","template":"","meta":[],"_links":{"self":[{"href":"https:\/\/www.testqual.com\/productos\/index.php\/wp-json\/wp\/v2\/pages\/573"}],"collection":[{"href":"https:\/\/www.testqual.com\/productos\/index.php\/wp-json\/wp\/v2\/pages"}],"about":[{"href":"https:\/\/www.testqual.com\/productos\/index.php\/wp-json\/wp\/v2\/types\/page"}],"author":[{"embeddable":true,"href":"https:\/\/www.testqual.com\/productos\/index.php\/wp-json\/wp\/v2\/users\/1"}],"replies":[{"embeddable":true,"href":"https:\/\/www.testqual.com\/productos\/index.php\/wp-json\/wp\/v2\/comments?post=573"}],"version-history":[{"count":4,"href":"https:\/\/www.testqual.com\/productos\/index.php\/wp-json\/wp\/v2\/pages\/573\/revisions"}],"predecessor-version":[{"id":578,"href":"https:\/\/www.testqual.com\/productos\/index.php\/wp-json\/wp\/v2\/pages\/573\/revisions\/578"}],"wp:attachment":[{"href":"https:\/\/www.testqual.com\/productos\/index.php\/wp-json\/wp\/v2\/media?parent=573"}],"curies":[{"name":"wp","href":"https:\/\/api.w.org\/{rel}","templated":true}]}}