{"id":587,"date":"2023-03-15T13:39:07","date_gmt":"2023-03-15T12:39:07","guid":{"rendered":"https:\/\/www.testqual.com\/productos\/?page_id=587"},"modified":"2023-03-15T13:40:33","modified_gmt":"2023-03-15T12:40:33","slug":"bekolut-psa-2","status":"publish","type":"page","link":"https:\/\/www.testqual.com\/productos\/index.php\/bekolut-psa-2\/","title":{"rendered":"BEKOlut PSA"},"content":{"rendered":"\t\t<div data-elementor-type=\"wp-page\" data-elementor-id=\"587\" class=\"elementor elementor-587\">\n\t\t\t\t\t\t\t\t\t<section class=\"elementor-section elementor-top-section elementor-element elementor-element-5a9cea4 elementor-section-boxed elementor-section-height-default elementor-section-height-default\" data-id=\"5a9cea4\" data-element_type=\"section\">\n\t\t\t\t\t\t<div class=\"elementor-container elementor-column-gap-default\">\n\t\t\t\t\t<div class=\"aux-parallax-section elementor-column elementor-col-100 elementor-top-column elementor-element elementor-element-e164800\" data-id=\"e164800\" data-element_type=\"column\">\n\t\t\t<div class=\"elementor-widget-wrap elementor-element-populated\">\n\t\t\t\t\t\t\t\t<div class=\"elementor-element elementor-element-f03afd3 elementor-widget elementor-widget-spacer\" data-id=\"f03afd3\" data-element_type=\"widget\" data-widget_type=\"spacer.default\">\n\t\t\t\t<div class=\"elementor-widget-container\">\n\t\t\t\t\t<div class=\"elementor-spacer\">\n\t\t\t<div class=\"elementor-spacer-inner\"><\/div>\n\t\t<\/div>\n\t\t\t\t<\/div>\n\t\t\t\t<\/div>\n\t\t\t\t\t<\/div>\n\t\t<\/div>\n\t\t\t\t\t\t\t<\/div>\n\t\t<\/section>\n\t\t\t\t<section class=\"elementor-section elementor-top-section elementor-element elementor-element-7e6ca9c6 elementor-section-boxed elementor-section-height-default elementor-section-height-default\" data-id=\"7e6ca9c6\" data-element_type=\"section\">\n\t\t\t\t\t\t<div class=\"elementor-container elementor-column-gap-default\">\n\t\t\t\t\t<div class=\"aux-parallax-section elementor-column elementor-col-100 elementor-top-column elementor-element elementor-element-c1c58ec\" data-id=\"c1c58ec\" data-element_type=\"column\">\n\t\t\t<div class=\"elementor-widget-wrap elementor-element-populated\">\n\t\t\t\t\t\t\t\t<div class=\"elementor-element elementor-element-5a787b3 elementor-widget elementor-widget-aux_modern_heading\" data-id=\"5a787b3\" data-element_type=\"widget\" data-widget_type=\"aux_modern_heading.default\">\n\t\t\t\t<div class=\"elementor-widget-container\">\n\t\t\t<section class=\"aux-widget-modern-heading\">\n            <div class=\"aux-widget-inner\"><h2 class=\"aux-modern-heading-primary\">Fase de intercambio de iones<\/h2><h3 class=\"aux-modern-heading-secondary\"><span class=\"aux-head-highlight\">BEKOlut PSA<\/span><\/h3><div class=\"aux-modern-heading-divider\"><\/div><\/div>\n        <\/section>\t\t<\/div>\n\t\t\t\t<\/div>\n\t\t\t\t<div class=\"elementor-element elementor-element-5ed9d08f elementor-widget elementor-widget-text-editor\" data-id=\"5ed9d08f\" data-element_type=\"widget\" data-widget_type=\"text-editor.default\">\n\t\t\t\t<div class=\"elementor-widget-container\">\n\t\t\t\t\t\t\t<p>PSA (amina primaria secundaria) se parece en cuanto a la selectividad de la fase al aminopropopil (NH2), pero por la presencia de grupos aminos secundarios ofrece una capacidad i\u00f3nica mayor. Junto al comportamiento como fase polar la PSA act\u00faa como intercambiador ani\u00f3nico y elimina por ello los \u00e1cidos grasos y \u00e1cidos org\u00e1nicos en an\u00e1lisis de multitresiduo de pesticidas en alimentos. Se utiliza en todos los kits QuEChERS dispersivos para la purificaci\u00f3n de muestras.<\/p><p>Aplicaci\u00f3n t\u00edpica para el uso correcto:\u00a0Aplicaci\u00f3n principal de PSA para SPE dispersiva en kits QuEChERS<\/p>\t\t\t\t\t\t<\/div>\n\t\t\t\t<\/div>\n\t\t\t\t\t<\/div>\n\t\t<\/div>\n\t\t\t\t\t\t\t<\/div>\n\t\t<\/section>\n\t\t\t\t<section class=\"elementor-section elementor-top-section elementor-element elementor-element-2c955d44 elementor-section-boxed elementor-section-height-default elementor-section-height-default\" data-id=\"2c955d44\" data-element_type=\"section\">\n\t\t\t\t\t\t<div class=\"elementor-container elementor-column-gap-default\">\n\t\t\t\t\t<div class=\"aux-parallax-section elementor-column elementor-col-50 elementor-top-column elementor-element elementor-element-612f777c\" data-id=\"612f777c\" data-element_type=\"column\">\n\t\t\t<div class=\"elementor-widget-wrap elementor-element-populated\">\n\t\t\t\t\t\t\t\t<div class=\"elementor-element elementor-element-22b4514b elementor-widget elementor-widget-text-editor\" data-id=\"22b4514b\" data-element_type=\"widget\" data-widget_type=\"text-editor.default\">\n\t\t\t\t<div class=\"elementor-widget-container\">\n\t\t\t\t\t\t\t<div class=\"product-detail-list-img\">\u00a0<\/div><p>\u00a0<strong>Material base:\u00a0<\/strong>gel de s\u00edlice modificado<\/p><div class=\"product-detail-list-img\">\u00a0<\/div><p>\u00a0<strong>Tama\u00f1o de poros:\u00a0<\/strong>60 \u00e1ngstrom<\/p><div class=\"product-detail-list-img\">\u00a0<\/div><p>\u00a0<strong>Tama\u00f1o de part\u00edculas:\u00a0<\/strong>40-63 \u00b5m<\/p><div class=\"product-detail-list-img\">\u00a0<\/div><p>\u00a0<strong>Grupo funcional:\u00a0<\/strong>etilendiamina-N-propil<\/p><div class=\"product-detail-list-img\">\u00a0<\/div><p>\u00a0<strong>Phase mechanism:\u00a0<\/strong>intercambio de aniones polares y \u00e1lcalis suaves<\/p><div class=\"product-detail-list-img\">\u00a0<\/div><p>\u00a0<strong>Compatibilidad matriz modelo:\u00a0<\/strong>org\u00e1nico o acuoso<\/p>\t\t\t\t\t\t<\/div>\n\t\t\t\t<\/div>\n\t\t\t\t\t<\/div>\n\t\t<\/div>\n\t\t\t\t<div class=\"aux-parallax-section elementor-column elementor-col-50 elementor-top-column elementor-element elementor-element-243a5162\" data-id=\"243a5162\" data-element_type=\"column\">\n\t\t\t<div class=\"elementor-widget-wrap elementor-element-populated\">\n\t\t\t\t\t\t\t\t<div class=\"elementor-element elementor-element-3ec24364 elementor-widget elementor-widget-image\" data-id=\"3ec24364\" data-element_type=\"widget\" data-widget_type=\"image.default\">\n\t\t\t\t<div class=\"elementor-widget-container\">\n\t\t\t\t\t\t\t\t\t\t\t\t\t\t\t<img decoding=\"async\" width=\"738\" height=\"327\" src=\"https:\/\/www.testqual.com\/productos\/wp-content\/uploads\/2023\/03\/PSA.png\" class=\"attachment-large size-large wp-image-589\" alt=\"\" loading=\"lazy\" srcset=\"https:\/\/www.testqual.com\/productos\/wp-content\/uploads\/2023\/03\/PSA.png 738w, https:\/\/www.testqual.com\/productos\/wp-content\/uploads\/2023\/03\/PSA-200x89.png 200w\" sizes=\"(max-width: 738px) 100vw, 738px\" \/>\t\t\t\t\t\t\t\t\t\t\t\t\t\t\t<\/div>\n\t\t\t\t<\/div>\n\t\t\t\t<div class=\"elementor-element elementor-element-30059c05 elementor-align-center elementor-widget elementor-widget-button\" data-id=\"30059c05\" data-element_type=\"widget\" data-widget_type=\"button.default\">\n\t\t\t\t<div class=\"elementor-widget-container\">\n\t\t\t\t\t<div class=\"elementor-button-wrapper\">\n\t\t\t<a class=\"elementor-button elementor-button-link elementor-size-sm\" href=\"https:\/\/www.testqual.com\/productos\/index.php\/contacto\/\">\n\t\t\t\t\t\t<span class=\"elementor-button-content-wrapper\">\n\t\t\t\t\t\t<span class=\"elementor-button-text\">Pida su oferta sobre este producto<\/span>\n\t\t<\/span>\n\t\t\t\t\t<\/a>\n\t\t<\/div>\n\t\t\t\t<\/div>\n\t\t\t\t<\/div>\n\t\t\t\t\t<\/div>\n\t\t<\/div>\n\t\t\t\t\t\t\t<\/div>\n\t\t<\/section>\n\t\t\t\t\t\t\t<\/div>\n\t\t","protected":false},"excerpt":{"rendered":"<p>Fase de intercambio de iones BEKOlut PSA PSA (amina primaria secundaria) se parece en cuanto a la selectividad de la fase al aminopropopil (NH2), pero por la presencia de grupos aminos secundarios ofrece una capacidad i\u00f3nica mayor. Junto al comportamiento como fase polar la PSA act\u00faa como intercambiador ani\u00f3nico y elimina por ello los \u00e1cidos [&hellip;]<\/p>\n","protected":false},"author":1,"featured_media":0,"parent":0,"menu_order":0,"comment_status":"closed","ping_status":"closed","template":"","meta":[],"_links":{"self":[{"href":"https:\/\/www.testqual.com\/productos\/index.php\/wp-json\/wp\/v2\/pages\/587"}],"collection":[{"href":"https:\/\/www.testqual.com\/productos\/index.php\/wp-json\/wp\/v2\/pages"}],"about":[{"href":"https:\/\/www.testqual.com\/productos\/index.php\/wp-json\/wp\/v2\/types\/page"}],"author":[{"embeddable":true,"href":"https:\/\/www.testqual.com\/productos\/index.php\/wp-json\/wp\/v2\/users\/1"}],"replies":[{"embeddable":true,"href":"https:\/\/www.testqual.com\/productos\/index.php\/wp-json\/wp\/v2\/comments?post=587"}],"version-history":[{"count":4,"href":"https:\/\/www.testqual.com\/productos\/index.php\/wp-json\/wp\/v2\/pages\/587\/revisions"}],"predecessor-version":[{"id":592,"href":"https:\/\/www.testqual.com\/productos\/index.php\/wp-json\/wp\/v2\/pages\/587\/revisions\/592"}],"wp:attachment":[{"href":"https:\/\/www.testqual.com\/productos\/index.php\/wp-json\/wp\/v2\/media?parent=587"}],"curies":[{"name":"wp","href":"https:\/\/api.w.org\/{rel}","templated":true}]}}