{"id":634,"date":"2023-03-16T09:44:12","date_gmt":"2023-03-16T08:44:12","guid":{"rendered":"https:\/\/www.testqual.com\/productos\/?page_id=634"},"modified":"2023-03-16T09:45:27","modified_gmt":"2023-03-16T08:45:27","slug":"bekolut-carbon-sac","status":"publish","type":"page","link":"https:\/\/www.testqual.com\/productos\/index.php\/bekolut-carbon-sac\/","title":{"rendered":"BEKOlut Carbon SAC"},"content":{"rendered":"\t\t<div data-elementor-type=\"wp-page\" data-elementor-id=\"634\" class=\"elementor elementor-634\">\n\t\t\t\t\t\t\t\t\t<section class=\"elementor-section elementor-top-section elementor-element elementor-element-1581f95 elementor-section-boxed elementor-section-height-default elementor-section-height-default\" data-id=\"1581f95\" data-element_type=\"section\">\n\t\t\t\t\t\t<div class=\"elementor-container elementor-column-gap-default\">\n\t\t\t\t\t<div class=\"aux-parallax-section elementor-column elementor-col-100 elementor-top-column elementor-element elementor-element-91fb738\" data-id=\"91fb738\" data-element_type=\"column\">\n\t\t\t<div class=\"elementor-widget-wrap elementor-element-populated\">\n\t\t\t\t\t\t\t\t<div class=\"elementor-element elementor-element-22ccc9b elementor-widget elementor-widget-spacer\" data-id=\"22ccc9b\" data-element_type=\"widget\" data-widget_type=\"spacer.default\">\n\t\t\t\t<div class=\"elementor-widget-container\">\n\t\t\t\t\t<div class=\"elementor-spacer\">\n\t\t\t<div class=\"elementor-spacer-inner\"><\/div>\n\t\t<\/div>\n\t\t\t\t<\/div>\n\t\t\t\t<\/div>\n\t\t\t\t\t<\/div>\n\t\t<\/div>\n\t\t\t\t\t\t\t<\/div>\n\t\t<\/section>\n\t\t\t\t<section class=\"elementor-section elementor-top-section elementor-element elementor-element-7ccd2af2 elementor-section-boxed elementor-section-height-default elementor-section-height-default\" data-id=\"7ccd2af2\" data-element_type=\"section\">\n\t\t\t\t\t\t<div class=\"elementor-container elementor-column-gap-default\">\n\t\t\t\t\t<div class=\"aux-parallax-section elementor-column elementor-col-100 elementor-top-column elementor-element elementor-element-c3bdbd9\" data-id=\"c3bdbd9\" data-element_type=\"column\">\n\t\t\t<div class=\"elementor-widget-wrap elementor-element-populated\">\n\t\t\t\t\t\t\t\t<div class=\"elementor-element elementor-element-7b6fb1b6 elementor-widget elementor-widget-aux_modern_heading\" data-id=\"7b6fb1b6\" data-element_type=\"widget\" data-widget_type=\"aux_modern_heading.default\">\n\t\t\t\t<div class=\"elementor-widget-container\">\n\t\t\t<section class=\"aux-widget-modern-heading\">\n            <div class=\"aux-widget-inner\"><h2 class=\"aux-modern-heading-primary\">Fase especial<\/h2><h3 class=\"aux-modern-heading-secondary\"><span class=\"aux-head-highlight\">BEKOlut Carbon SAC<\/span><\/h3><div class=\"aux-modern-heading-divider\"><\/div><\/div>\n        <\/section>\t\t<\/div>\n\t\t\t\t<\/div>\n\t\t\t\t<div class=\"elementor-element elementor-element-157a1284 elementor-widget elementor-widget-text-editor\" data-id=\"157a1284\" data-element_type=\"widget\" data-widget_type=\"text-editor.default\">\n\t\t\t\t<div class=\"elementor-widget-container\">\n\t\t\t\t\t\t\t<p>La fase de carbono SAC (carbono activado esf\u00e9rico) BEKOlut<sup>\u00ae<\/sup>\u00a0es una fase SPE, que ha sido desarrollada especialmente para el an\u00e1lidis de acrilamida seg\u00fan el m\u00e9todo DIN 38413-6:2007-02.<\/p><p>Aplicaci\u00f3n t\u00edpica para el uso correcto:\u00a0Con una superficie espec\u00edfica de m\u00e1s de 1300 m\u00b2\/g y part\u00edculas de carbono activas esta fase es apropiada para la extracci\u00f3n y purificaci\u00f3n de compuestos hidr\u00f3filos org\u00e1nicos, como por ej. acrilamida. Una alternativa m\u00e1s accesible que BAKERBOND(TM) carb\u00f3n activado esf\u00e9rico (#7575) von VWR-Avantor.<\/p>\t\t\t\t\t\t<\/div>\n\t\t\t\t<\/div>\n\t\t\t\t\t<\/div>\n\t\t<\/div>\n\t\t\t\t\t\t\t<\/div>\n\t\t<\/section>\n\t\t\t\t<section class=\"elementor-section elementor-top-section elementor-element elementor-element-7ddbf8f4 elementor-section-boxed elementor-section-height-default elementor-section-height-default\" data-id=\"7ddbf8f4\" data-element_type=\"section\">\n\t\t\t\t\t\t<div class=\"elementor-container elementor-column-gap-default\">\n\t\t\t\t\t<div class=\"aux-parallax-section elementor-column elementor-col-50 elementor-top-column elementor-element elementor-element-512bf77d\" data-id=\"512bf77d\" data-element_type=\"column\">\n\t\t\t<div class=\"elementor-widget-wrap elementor-element-populated\">\n\t\t\t\t\t\t\t\t<div class=\"elementor-element elementor-element-199862d0 elementor-widget elementor-widget-text-editor\" data-id=\"199862d0\" data-element_type=\"widget\" data-widget_type=\"text-editor.default\">\n\t\t\t\t<div class=\"elementor-widget-container\">\n\t\t\t\t\t\t\t<div class=\"product-detail-list-img\">\u00a0<\/div><p>\u00a0<strong>Material base:\u00a0<\/strong>an\u00e1lisis medioambiental<\/p><div class=\"product-detail-list-img\">\u00a0<\/div><p>\u00a0<strong>Grupo funcional:\u00a0<\/strong>carb\u00f3n activado esf\u00e9rico<\/p><div class=\"product-detail-list-img\">\u00a0<\/div><p>\u00a0<strong>Phase mechanism:\u00a0<\/strong>fase reversa<\/p>\t\t\t\t\t\t<\/div>\n\t\t\t\t<\/div>\n\t\t\t\t\t<\/div>\n\t\t<\/div>\n\t\t\t\t<div class=\"aux-parallax-section elementor-column elementor-col-50 elementor-top-column elementor-element elementor-element-7832993b\" data-id=\"7832993b\" data-element_type=\"column\">\n\t\t\t<div class=\"elementor-widget-wrap elementor-element-populated\">\n\t\t\t\t\t\t\t\t<div class=\"elementor-element elementor-element-14facc82 elementor-widget elementor-widget-image\" data-id=\"14facc82\" data-element_type=\"widget\" data-widget_type=\"image.default\">\n\t\t\t\t<div class=\"elementor-widget-container\">\n\t\t\t\t\t\t\t\t\t\t\t\t\t\t\t<img decoding=\"async\" width=\"741\" height=\"173\" src=\"https:\/\/www.testqual.com\/productos\/wp-content\/uploads\/2023\/03\/carbon-sac.png\" class=\"attachment-large size-large wp-image-636\" alt=\"\" loading=\"lazy\" srcset=\"https:\/\/www.testqual.com\/productos\/wp-content\/uploads\/2023\/03\/carbon-sac.png 741w, https:\/\/www.testqual.com\/productos\/wp-content\/uploads\/2023\/03\/carbon-sac-200x47.png 200w\" sizes=\"(max-width: 741px) 100vw, 741px\" \/>\t\t\t\t\t\t\t\t\t\t\t\t\t\t\t<\/div>\n\t\t\t\t<\/div>\n\t\t\t\t<div class=\"elementor-element elementor-element-39c57cbf elementor-align-center elementor-widget elementor-widget-button\" data-id=\"39c57cbf\" data-element_type=\"widget\" data-widget_type=\"button.default\">\n\t\t\t\t<div class=\"elementor-widget-container\">\n\t\t\t\t\t<div class=\"elementor-button-wrapper\">\n\t\t\t<a class=\"elementor-button elementor-button-link elementor-size-sm\" href=\"https:\/\/www.testqual.com\/productos\/index.php\/contacto\/\">\n\t\t\t\t\t\t<span class=\"elementor-button-content-wrapper\">\n\t\t\t\t\t\t<span class=\"elementor-button-text\">Pida su oferta sobre este producto<\/span>\n\t\t<\/span>\n\t\t\t\t\t<\/a>\n\t\t<\/div>\n\t\t\t\t<\/div>\n\t\t\t\t<\/div>\n\t\t\t\t\t<\/div>\n\t\t<\/div>\n\t\t\t\t\t\t\t<\/div>\n\t\t<\/section>\n\t\t\t\t\t\t\t<\/div>\n\t\t","protected":false},"excerpt":{"rendered":"<p>Fase especial BEKOlut Carbon SAC La fase de carbono SAC (carbono activado esf\u00e9rico) BEKOlut\u00ae\u00a0es una fase SPE, que ha sido desarrollada especialmente para el an\u00e1lidis de acrilamida seg\u00fan el m\u00e9todo DIN 38413-6:2007-02. Aplicaci\u00f3n t\u00edpica para el uso correcto:\u00a0Con una superficie espec\u00edfica de m\u00e1s de 1300 m\u00b2\/g y part\u00edculas de carbono activas esta fase es apropiada [&hellip;]<\/p>\n","protected":false},"author":1,"featured_media":0,"parent":0,"menu_order":0,"comment_status":"closed","ping_status":"closed","template":"","meta":[],"_links":{"self":[{"href":"https:\/\/www.testqual.com\/productos\/index.php\/wp-json\/wp\/v2\/pages\/634"}],"collection":[{"href":"https:\/\/www.testqual.com\/productos\/index.php\/wp-json\/wp\/v2\/pages"}],"about":[{"href":"https:\/\/www.testqual.com\/productos\/index.php\/wp-json\/wp\/v2\/types\/page"}],"author":[{"embeddable":true,"href":"https:\/\/www.testqual.com\/productos\/index.php\/wp-json\/wp\/v2\/users\/1"}],"replies":[{"embeddable":true,"href":"https:\/\/www.testqual.com\/productos\/index.php\/wp-json\/wp\/v2\/comments?post=634"}],"version-history":[{"count":4,"href":"https:\/\/www.testqual.com\/productos\/index.php\/wp-json\/wp\/v2\/pages\/634\/revisions"}],"predecessor-version":[{"id":639,"href":"https:\/\/www.testqual.com\/productos\/index.php\/wp-json\/wp\/v2\/pages\/634\/revisions\/639"}],"wp:attachment":[{"href":"https:\/\/www.testqual.com\/productos\/index.php\/wp-json\/wp\/v2\/media?parent=634"}],"curies":[{"name":"wp","href":"https:\/\/api.w.org\/{rel}","templated":true}]}}