{"id":731,"date":"2023-03-20T11:26:30","date_gmt":"2023-03-20T10:26:30","guid":{"rendered":"https:\/\/www.testqual.com\/productos\/?page_id=731"},"modified":"2023-03-20T11:27:45","modified_gmt":"2023-03-20T10:27:45","slug":"bekolut-iac-aflatoxina","status":"publish","type":"page","link":"https:\/\/www.testqual.com\/productos\/index.php\/bekolut-iac-aflatoxina\/","title":{"rendered":"BEKOlut IAC Aflatoxina"},"content":{"rendered":"\t\t<div data-elementor-type=\"wp-page\" data-elementor-id=\"731\" class=\"elementor elementor-731\">\n\t\t\t\t\t\t\t\t\t<section class=\"elementor-section elementor-top-section elementor-element elementor-element-a62887b elementor-section-boxed elementor-section-height-default elementor-section-height-default\" data-id=\"a62887b\" data-element_type=\"section\">\n\t\t\t\t\t\t<div class=\"elementor-container elementor-column-gap-default\">\n\t\t\t\t\t<div class=\"aux-parallax-section elementor-column elementor-col-100 elementor-top-column elementor-element elementor-element-2366b44\" data-id=\"2366b44\" data-element_type=\"column\">\n\t\t\t<div class=\"elementor-widget-wrap elementor-element-populated\">\n\t\t\t\t\t\t\t\t<div class=\"elementor-element elementor-element-92b6e7c elementor-widget elementor-widget-spacer\" data-id=\"92b6e7c\" data-element_type=\"widget\" data-widget_type=\"spacer.default\">\n\t\t\t\t<div class=\"elementor-widget-container\">\n\t\t\t\t\t<div class=\"elementor-spacer\">\n\t\t\t<div class=\"elementor-spacer-inner\"><\/div>\n\t\t<\/div>\n\t\t\t\t<\/div>\n\t\t\t\t<\/div>\n\t\t\t\t\t<\/div>\n\t\t<\/div>\n\t\t\t\t\t\t\t<\/div>\n\t\t<\/section>\n\t\t\t\t<section class=\"elementor-section elementor-top-section elementor-element elementor-element-1b6719f9 elementor-section-boxed elementor-section-height-default elementor-section-height-default\" data-id=\"1b6719f9\" data-element_type=\"section\">\n\t\t\t\t\t\t<div class=\"elementor-container elementor-column-gap-default\">\n\t\t\t\t\t<div class=\"aux-parallax-section elementor-column elementor-col-100 elementor-top-column elementor-element elementor-element-650b6df2\" data-id=\"650b6df2\" data-element_type=\"column\">\n\t\t\t<div class=\"elementor-widget-wrap elementor-element-populated\">\n\t\t\t\t\t\t\t\t<div class=\"elementor-element elementor-element-2dcfa6e0 elementor-widget elementor-widget-aux_modern_heading\" data-id=\"2dcfa6e0\" data-element_type=\"widget\" data-widget_type=\"aux_modern_heading.default\">\n\t\t\t\t<div class=\"elementor-widget-container\">\n\t\t\t<section class=\"aux-widget-modern-heading\">\n            <div class=\"aux-widget-inner\"><h2 class=\"aux-modern-heading-primary\">An\u00e1lisis de micotoxinas<\/h2><h3 class=\"aux-modern-heading-secondary\"><span class=\"aux-head-highlight\">BEKOlut IAC Aflatoxina<\/span><\/h3><div class=\"aux-modern-heading-divider\"><\/div><\/div>\n        <\/section>\t\t<\/div>\n\t\t\t\t<\/div>\n\t\t\t\t<div class=\"elementor-element elementor-element-6b7a633d elementor-widget elementor-widget-text-editor\" data-id=\"6b7a633d\" data-element_type=\"widget\" data-widget_type=\"text-editor.default\">\n\t\t\t\t<div class=\"elementor-widget-container\">\n\t\t\t\t\t\t\t<p><strong>Ventajas de IAC:<\/strong>\u00a0Calidad probada, excelente comportamiento de flujo, robustez, alta permeabilidad del gel, funcionamiento sin presi\u00f3n adicional, detecci\u00f3n de aflatoxina en diferentes productos b\u00e1sicos.<\/p><p>Aplicaci\u00f3n t\u00edpica para el uso correcto:\u00a0IAC de aflatoxinas en productos alimenticios<\/p>\t\t\t\t\t\t<\/div>\n\t\t\t\t<\/div>\n\t\t\t\t\t<\/div>\n\t\t<\/div>\n\t\t\t\t\t\t\t<\/div>\n\t\t<\/section>\n\t\t\t\t<section class=\"elementor-section elementor-top-section elementor-element elementor-element-228e8644 elementor-section-boxed elementor-section-height-default elementor-section-height-default\" data-id=\"228e8644\" data-element_type=\"section\">\n\t\t\t\t\t\t<div class=\"elementor-container elementor-column-gap-default\">\n\t\t\t\t\t<div class=\"aux-parallax-section elementor-column elementor-col-50 elementor-top-column elementor-element elementor-element-1d45684b\" data-id=\"1d45684b\" data-element_type=\"column\">\n\t\t\t<div class=\"elementor-widget-wrap elementor-element-populated\">\n\t\t\t\t\t\t\t\t<div class=\"elementor-element elementor-element-17024df5 elementor-widget elementor-widget-text-editor\" data-id=\"17024df5\" data-element_type=\"widget\" data-widget_type=\"text-editor.default\">\n\t\t\t\t<div class=\"elementor-widget-container\">\n\t\t\t\t\t\t\t<div class=\"product-detail-list-img\">\u00a0<\/div><p>\u00a0<strong>Material base:\u00a0<\/strong>an\u00e1lisis de micotoxinas<\/p><div class=\"product-detail-list-img\">\u00a0<\/div><p>\u00a0<strong>Phase mechanism:\u00a0<\/strong>cromatograf\u00eda de imunoafinidad<\/p><div class=\"product-detail-list-img\">\u00a0<\/div><p>\u00a0<strong>Compatibilidad matriz modelo:\u00a0<\/strong>org\u00e1nico-acuoso<\/p>\t\t\t\t\t\t<\/div>\n\t\t\t\t<\/div>\n\t\t\t\t\t<\/div>\n\t\t<\/div>\n\t\t\t\t<div class=\"aux-parallax-section elementor-column elementor-col-50 elementor-top-column elementor-element elementor-element-167f69ab\" data-id=\"167f69ab\" data-element_type=\"column\">\n\t\t\t<div class=\"elementor-widget-wrap elementor-element-populated\">\n\t\t\t\t\t\t\t\t<div class=\"elementor-element elementor-element-63c0793a elementor-widget elementor-widget-image\" data-id=\"63c0793a\" data-element_type=\"widget\" data-widget_type=\"image.default\">\n\t\t\t\t<div class=\"elementor-widget-container\">\n\t\t\t\t\t\t\t\t\t\t\t\t\t\t\t<img decoding=\"async\" width=\"779\" height=\"174\" src=\"https:\/\/www.testqual.com\/productos\/wp-content\/uploads\/2023\/03\/aflatoxina-normal.png\" class=\"attachment-large size-large wp-image-733\" alt=\"\" loading=\"lazy\" srcset=\"https:\/\/www.testqual.com\/productos\/wp-content\/uploads\/2023\/03\/aflatoxina-normal.png 779w, https:\/\/www.testqual.com\/productos\/wp-content\/uploads\/2023\/03\/aflatoxina-normal-200x45.png 200w\" sizes=\"(max-width: 779px) 100vw, 779px\" \/>\t\t\t\t\t\t\t\t\t\t\t\t\t\t\t<\/div>\n\t\t\t\t<\/div>\n\t\t\t\t<div class=\"elementor-element elementor-element-7e422b0b elementor-align-center elementor-widget elementor-widget-button\" data-id=\"7e422b0b\" data-element_type=\"widget\" data-widget_type=\"button.default\">\n\t\t\t\t<div class=\"elementor-widget-container\">\n\t\t\t\t\t<div class=\"elementor-button-wrapper\">\n\t\t\t<a class=\"elementor-button elementor-button-link elementor-size-sm\" href=\"https:\/\/www.testqual.com\/productos\/index.php\/contacto\/\">\n\t\t\t\t\t\t<span class=\"elementor-button-content-wrapper\">\n\t\t\t\t\t\t<span class=\"elementor-button-text\">Pida su oferta sobre este producto<\/span>\n\t\t<\/span>\n\t\t\t\t\t<\/a>\n\t\t<\/div>\n\t\t\t\t<\/div>\n\t\t\t\t<\/div>\n\t\t\t\t\t<\/div>\n\t\t<\/div>\n\t\t\t\t\t\t\t<\/div>\n\t\t<\/section>\n\t\t\t\t\t\t\t<\/div>\n\t\t","protected":false},"excerpt":{"rendered":"<p>An\u00e1lisis de micotoxinas BEKOlut IAC Aflatoxina Ventajas de IAC:\u00a0Calidad probada, excelente comportamiento de flujo, robustez, alta permeabilidad del gel, funcionamiento sin presi\u00f3n adicional, detecci\u00f3n de aflatoxina en diferentes productos b\u00e1sicos. Aplicaci\u00f3n t\u00edpica para el uso correcto:\u00a0IAC de aflatoxinas en productos alimenticios \u00a0 \u00a0Material base:\u00a0an\u00e1lisis de micotoxinas \u00a0 \u00a0Phase mechanism:\u00a0cromatograf\u00eda de imunoafinidad \u00a0 \u00a0Compatibilidad matriz modelo:\u00a0org\u00e1nico-acuoso [&hellip;]<\/p>\n","protected":false},"author":1,"featured_media":0,"parent":0,"menu_order":0,"comment_status":"closed","ping_status":"closed","template":"","meta":[],"_links":{"self":[{"href":"https:\/\/www.testqual.com\/productos\/index.php\/wp-json\/wp\/v2\/pages\/731"}],"collection":[{"href":"https:\/\/www.testqual.com\/productos\/index.php\/wp-json\/wp\/v2\/pages"}],"about":[{"href":"https:\/\/www.testqual.com\/productos\/index.php\/wp-json\/wp\/v2\/types\/page"}],"author":[{"embeddable":true,"href":"https:\/\/www.testqual.com\/productos\/index.php\/wp-json\/wp\/v2\/users\/1"}],"replies":[{"embeddable":true,"href":"https:\/\/www.testqual.com\/productos\/index.php\/wp-json\/wp\/v2\/comments?post=731"}],"version-history":[{"count":4,"href":"https:\/\/www.testqual.com\/productos\/index.php\/wp-json\/wp\/v2\/pages\/731\/revisions"}],"predecessor-version":[{"id":736,"href":"https:\/\/www.testqual.com\/productos\/index.php\/wp-json\/wp\/v2\/pages\/731\/revisions\/736"}],"wp:attachment":[{"href":"https:\/\/www.testqual.com\/productos\/index.php\/wp-json\/wp\/v2\/media?parent=731"}],"curies":[{"name":"wp","href":"https:\/\/api.w.org\/{rel}","templated":true}]}}